{"id":4443,"date":"2023-10-09T09:15:38","date_gmt":"2023-10-09T09:15:38","guid":{"rendered":"https:\/\/pitaya.no\/?post_type=product&#038;p=4443"},"modified":"2026-02-11T15:44:58","modified_gmt":"2026-02-11T15:44:58","slug":"aware-scalp-care-peeling-kwasowy-100-ml-anwen","status":"publish","type":"product","link":"https:\/\/pitaya.no\/en\/product\/aware-scalp-care-peeling-kwasowy-100-ml-anwen\/","title":{"rendered":"AWARE SCALP CARE Acid Peeling, 100 ml \u2013 Anwen"},"content":{"rendered":"<h1>AWARE SCALP CARE Acid Peeling \u2013 Anwen<\/h1>\n<div id=\"attachment_6607\" style=\"width: 534px\" class=\"wp-caption aligncenter\"><img aria-describedby=\"caption-attachment-6607\" fetchpriority=\"high\" decoding=\"async\" class=\"wp-image-6607\" src=\"https:\/\/pitaya.no\/wp-content\/uploads\/2023\/10\/IMG_8647-683x1024.jpg\" alt=\"AWARE SCALP CARE Peeling kwasowy\" width=\"524\" height=\"786\" srcset=\"https:\/\/pitaya.no\/wp-content\/uploads\/2023\/10\/IMG_8647-683x1024.jpg 683w, https:\/\/pitaya.no\/wp-content\/uploads\/2023\/10\/IMG_8647-200x300.jpg 200w, https:\/\/pitaya.no\/wp-content\/uploads\/2023\/10\/IMG_8647-768x1152.jpg 768w, https:\/\/pitaya.no\/wp-content\/uploads\/2023\/10\/IMG_8647-8x12.jpg 8w, https:\/\/pitaya.no\/wp-content\/uploads\/2023\/10\/IMG_8647-600x900.jpg 600w, https:\/\/pitaya.no\/wp-content\/uploads\/2023\/10\/IMG_8647-36x54.jpg 36w, https:\/\/pitaya.no\/wp-content\/uploads\/2023\/10\/IMG_8647-64x96.jpg 64w, https:\/\/pitaya.no\/wp-content\/uploads\/2023\/10\/IMG_8647.jpg 1000w\" sizes=\"(max-width: 524px) 100vw, 524px\" \/><p id=\"caption-attachment-6607\" class=\"wp-caption-text\">AWARE SCALP CARE Acid Peeling<\/p><\/div>\n<p data-start=\"260\" data-end=\"627\">Discover the secret to a healthy and balanced scalp. Our <strong data-start=\"313\" data-end=\"349\">Aware Scalp Care acid peel<\/strong> combines effectiveness <strong data-start=\"368\" data-end=\"382\">AHA acids<\/strong> (glycolic, lactic, citric and tartaric) in perfectly selected concentrations to gently but effectively <strong data-start=\"496\" data-end=\"525\">exfoliate dead skin<\/strong>, <strong data-start=\"527\" data-end=\"546\">cleanse pores<\/strong>, <strong data-start=\"548\" data-end=\"589\">normalize the functioning of the sebaceous glands<\/strong> and <strong data-start=\"592\" data-end=\"624\">stimulate skin regeneration<\/strong>.<\/p>\n<p data-start=\"629\" data-end=\"820\">Thanks to a precisely selected mixture of active ingredients, the peeling not only cleanses but also <strong data-start=\"730\" data-end=\"776\">restores the balance of the scalp microbiome<\/strong>, ensuring its comfort and healthy appearance.<\/p>\n<h4 data-start=\"822\" data-end=\"865\"><strong data-start=\"827\" data-end=\"865\">Active ingredients and their effects:<\/strong><\/h4>\n<ul data-start=\"866\" data-end=\"1723\">\n<li data-start=\"866\" data-end=\"952\">\n<p data-start=\"868\" data-end=\"952\"><strong data-start=\"868\" data-end=\"886\">Glycolic acid<\/strong> \u2013 regulates sebum secretion, cleanses and refreshes the scalp.<\/p>\n<\/li>\n<li data-start=\"953\" data-end=\"1076\">\n<p data-start=\"955\" data-end=\"1076\"><strong data-start=\"955\" data-end=\"971\">Lactic acid<\/strong> \u2013 gently exfoliates dead skin and intensively moisturizes, supporting skin prone to dryness.<\/p>\n<\/li>\n<li data-start=\"1077\" data-end=\"1170\">\n<p data-start=\"1079\" data-end=\"1170\"><strong data-start=\"1079\" data-end=\"1097\">Citric acid<\/strong> \u2013 deeply cleanses, has antibacterial properties and evens out skin tone.<\/p>\n<\/li>\n<li data-start=\"1171\" data-end=\"1262\">\n<p data-start=\"1173\" data-end=\"1262\"><strong data-start=\"1173\" data-end=\"1194\">Tartaric acid (AHA)<\/strong> \u2013 supports the cell renewal process and smoothes the skin surface.<\/p>\n<\/li>\n<li data-start=\"1263\" data-end=\"1340\">\n<p data-start=\"1265\" data-end=\"1340\"><strong data-start=\"1265\" data-end=\"1292\">New generation urea<\/strong> \u2013 softens and moisturizes the stratum corneum of the epidermis.<\/p>\n<\/li>\n<li data-start=\"1341\" data-end=\"1403\">\n<p data-start=\"1343\" data-end=\"1403\"><strong data-start=\"1343\" data-end=\"1355\">Arginine<\/strong> \u2013 soothes irritations, calms and smoothes the skin.<\/p>\n<\/li>\n<li data-start=\"1404\" data-end=\"1525\">\n<p data-start=\"1406\" data-end=\"1525\"><strong data-start=\"1406\" data-end=\"1458\">Sugar prebiotic (Alpha-glucan Oligosaccharide)<\/strong> \u2013 supports the natural scalp microbiome, restoring its balance.<\/p>\n<\/li>\n<li data-start=\"1526\" data-end=\"1723\">\n<p data-start=\"1528\" data-end=\"1723\"><strong data-start=\"1528\" data-end=\"1623\">Plant extracts of barley, chasteberry, Japanese gentian and knotweed<\/strong> \u2013 have a soothing, antioxidant and anti-inflammatory effect, protecting the scalp from irritation.<\/p>\n<\/li>\n<\/ul>\n<h3 data-start=\"1725\" data-end=\"1740\"><strong data-start=\"1730\" data-end=\"1740\">Effect:<\/strong><\/h3>\n<p data-start=\"1741\" data-end=\"1871\">Your scalp is <strong data-start=\"1764\" data-end=\"1822\">cleansed, refreshed, balanced and full of comfort<\/strong>and the hair regains its <strong data-start=\"1842\" data-end=\"1870\">lightness and shine at the roots<\/strong>.<\/p>\n<hr data-start=\"1873\" data-end=\"1876\" \/>\n<h3><strong data-start=\"1882\" data-end=\"1900\">How to use:<\/strong><\/h3>\n<p data-start=\"1901\" data-end=\"2233\">Apply a scrub <strong data-start=\"1915\" data-end=\"1952\">on dry scalp before washing<\/strong>Holding the applicator close to the skin, distribute the product, separating the hair into sections. Gently <strong data-start=\"2051\" data-end=\"2079\">massage in with circular movements<\/strong> and leave it on <strong data-start=\"2094\" data-end=\"2108\">5\u201310 minutes<\/strong>Then rinse thoroughly with warm water and <strong data-start=\"2151\" data-end=\"2175\">wash your hair with shampoo<\/strong>.<br data-start=\"2176\" data-end=\"2179\" \/>Use <strong data-start=\"2186\" data-end=\"2204\">once a week<\/strong>.<br data-start=\"2205\" data-end=\"2208\" \/>Avoid contact with eyes.<\/p>\n<hr data-start=\"2235\" data-end=\"2238\" \/>\n<h3 data-start=\"2240\" data-end=\"2614\"><strong data-start=\"2240\" data-end=\"2263\">Ingredients (INCI):<\/strong><\/h3>\n<p data-start=\"2240\" data-end=\"2614\">Aqua, Propanediol, Glycolic Acid, Lactic Acid, Arginine, Inulin, Hordeum Vulgare Seed Extract, Hydroxyethyl Urea, Tartaric Acid, Citric Acid, Alpha-glucan Oligosaccharide, Vitex Trifolia Fruit Extract, Gentiana Scabra Extract, Polygonum Multiflorum Root Extract, Dipropylene Glycol, Polysorbate 20, Phenoxyethanol, Benzoic Acid, Dehydroacetic Acid.<\/p>\n<p>&nbsp;<\/p>","protected":false},"excerpt":{"rendered":"<p dir=\"ltr\">You already know how important regular exfoliation is for your face and body, but did you know that your scalp needs it too? Regular exfoliation combined with a short massage leaves your scalp refreshed, cleansed, and oxygenated, which promotes better absorption of active ingredients delivered during treatment and reduces oiliness of the skin and hair.<\/p>\n<p dir=\"ltr\"><strong>Capacity: 100 ml<\/strong><\/p>","protected":false},"featured_media":6608,"template":"","meta":{"_themeisle_gutenberg_block_has_review":false},"product_cat":[324,325],"product_tag":[373,381,353,352,349],"berocket_brand":[275],"yoast_head":"<!-- This site is optimized with the Yoast SEO Premium plugin v21.2 (Yoast SEO v21.5) - https:\/\/yoast.com\/wordpress\/plugins\/seo\/ -->\n<title>AWARE SCALP CARE Peeling kwasowy, 100 ml - Anwen<\/title>\n<meta name=\"description\" content=\"Peeling kwasowy Aware Scalp Care z kwasami AHA i prebiotykiem skutecznie z\u0142uszcza, oczyszcza i regeneruje sk\u00f3r\u0119 g\u0142owy, wspieraj\u0105c jej naturaln\u0105 r\u00f3wnowag\u0119.\" \/>\n<meta name=\"robots\" content=\"index, follow, max-snippet:-1, max-image-preview:large, max-video-preview:-1\" \/>\n<link rel=\"canonical\" href=\"https:\/\/pitaya.no\/en\/product\/aware-scalp-care-peeling-kwasowy-100-ml-anwen\/\" \/>\n<meta property=\"og:locale\" content=\"en_GB\" \/>\n<meta property=\"og:type\" content=\"article\" \/>\n<meta property=\"og:title\" content=\"AWARE SCALP CARE Peeling kwasowy, 100 ml - Anwen\" \/>\n<meta property=\"og:description\" content=\"Peeling kwasowy Aware Scalp Care z kwasami AHA i prebiotykiem skutecznie z\u0142uszcza, oczyszcza i regeneruje sk\u00f3r\u0119 g\u0142owy, wspieraj\u0105c jej naturaln\u0105 r\u00f3wnowag\u0119.\" \/>\n<meta property=\"og:url\" content=\"https:\/\/pitaya.no\/en\/product\/aware-scalp-care-peeling-kwasowy-100-ml-anwen\/\" \/>\n<meta property=\"og:site_name\" content=\"Pitaya.no\" \/>\n<meta property=\"article:publisher\" content=\"https:\/\/www.facebook.com\/Pitaya.no\" \/>\n<meta property=\"article:modified_time\" content=\"2026-02-11T15:44:58+00:00\" \/>\n<meta property=\"og:image\" content=\"https:\/\/pitaya.no\/wp-content\/uploads\/2023\/10\/Peeling-Kwasowy-REFLECT.jpg\" \/>\n\t<meta property=\"og:image:width\" content=\"1840\" \/>\n\t<meta property=\"og:image:height\" content=\"1840\" \/>\n\t<meta property=\"og:image:type\" content=\"image\/jpeg\" \/>\n<meta name=\"twitter:card\" content=\"summary_large_image\" \/>\n<meta name=\"twitter:label1\" content=\"Estimated reading time\" \/>\n\t<meta name=\"twitter:data1\" content=\"2 minutes\" \/>\n<script type=\"application\/ld+json\" class=\"yoast-schema-graph\">{\"@context\":\"https:\/\/schema.org\",\"@graph\":[{\"@type\":\"WebPage\",\"@id\":\"https:\/\/pitaya.no\/produkt\/aware-scalp-care-peeling-kwasowy-100-ml-anwen\/\",\"url\":\"https:\/\/pitaya.no\/produkt\/aware-scalp-care-peeling-kwasowy-100-ml-anwen\/\",\"name\":\"AWARE SCALP CARE Peeling kwasowy, 100 ml - Anwen\",\"isPartOf\":{\"@id\":\"https:\/\/pitaya.no\/#website\"},\"datePublished\":\"2023-10-09T09:15:38+00:00\",\"dateModified\":\"2026-02-11T15:44:58+00:00\",\"description\":\"Peeling kwasowy Aware Scalp Care z kwasami AHA i prebiotykiem skutecznie z\u0142uszcza, oczyszcza i regeneruje sk\u00f3r\u0119 g\u0142owy, wspieraj\u0105c jej naturaln\u0105 r\u00f3wnowag\u0119.\",\"breadcrumb\":{\"@id\":\"https:\/\/pitaya.no\/produkt\/aware-scalp-care-peeling-kwasowy-100-ml-anwen\/#breadcrumb\"},\"inLanguage\":\"en-GB\",\"potentialAction\":[{\"@type\":\"ReadAction\",\"target\":[\"https:\/\/pitaya.no\/produkt\/aware-scalp-care-peeling-kwasowy-100-ml-anwen\/\"]}]},{\"@type\":\"BreadcrumbList\",\"@id\":\"https:\/\/pitaya.no\/produkt\/aware-scalp-care-peeling-kwasowy-100-ml-anwen\/#breadcrumb\",\"itemListElement\":[{\"@type\":\"ListItem\",\"position\":1,\"name\":\"Strona g\u0142\u00f3wna\",\"item\":\"https:\/\/pitaya.no\/\"},{\"@type\":\"ListItem\",\"position\":2,\"name\":\"Sklep\",\"item\":\"https:\/\/pitaya.no\/sklep\/\"},{\"@type\":\"ListItem\",\"position\":3,\"name\":\"AWARE SCALP CARE Peeling kwasowy, 100 ml &#8211; Anwen\"}]},{\"@type\":\"WebSite\",\"@id\":\"https:\/\/pitaya.no\/#website\",\"url\":\"https:\/\/pitaya.no\/\",\"name\":\"Pitaya.no\",\"description\":\"Polska drogeria ekologiczna w Norwegii\",\"potentialAction\":[{\"@type\":\"SearchAction\",\"target\":{\"@type\":\"EntryPoint\",\"urlTemplate\":\"https:\/\/pitaya.no\/?s={search_term_string}\"},\"query-input\":\"required name=search_term_string\"}],\"inLanguage\":\"en-GB\"}]}<\/script>\n<!-- \/ Yoast SEO Premium plugin. -->","yoast_head_json":{"title":"AWARE SCALP CARE Peeling kwasowy, 100 ml - Anwen","description":"Peeling kwasowy Aware Scalp Care z kwasami AHA i prebiotykiem skutecznie z\u0142uszcza, oczyszcza i regeneruje sk\u00f3r\u0119 g\u0142owy, wspieraj\u0105c jej naturaln\u0105 r\u00f3wnowag\u0119.","robots":{"index":"index","follow":"follow","max-snippet":"max-snippet:-1","max-image-preview":"max-image-preview:large","max-video-preview":"max-video-preview:-1"},"canonical":"https:\/\/pitaya.no\/en\/product\/aware-scalp-care-peeling-kwasowy-100-ml-anwen\/","og_locale":"en_GB","og_type":"article","og_title":"AWARE SCALP CARE Peeling kwasowy, 100 ml - Anwen","og_description":"Peeling kwasowy Aware Scalp Care z kwasami AHA i prebiotykiem skutecznie z\u0142uszcza, oczyszcza i regeneruje sk\u00f3r\u0119 g\u0142owy, wspieraj\u0105c jej naturaln\u0105 r\u00f3wnowag\u0119.","og_url":"https:\/\/pitaya.no\/en\/product\/aware-scalp-care-peeling-kwasowy-100-ml-anwen\/","og_site_name":"Pitaya.no","article_publisher":"https:\/\/www.facebook.com\/Pitaya.no","article_modified_time":"2026-02-11T15:44:58+00:00","og_image":[{"width":1840,"height":1840,"url":"https:\/\/pitaya.no\/wp-content\/uploads\/2023\/10\/Peeling-Kwasowy-REFLECT.jpg","type":"image\/jpeg"}],"twitter_card":"summary_large_image","twitter_misc":{"Estimated reading time":"2 minutes"},"schema":{"@context":"https:\/\/schema.org","@graph":[{"@type":"WebPage","@id":"https:\/\/pitaya.no\/produkt\/aware-scalp-care-peeling-kwasowy-100-ml-anwen\/","url":"https:\/\/pitaya.no\/produkt\/aware-scalp-care-peeling-kwasowy-100-ml-anwen\/","name":"AWARE SCALP CARE Peeling kwasowy, 100 ml - Anwen","isPartOf":{"@id":"https:\/\/pitaya.no\/#website"},"datePublished":"2023-10-09T09:15:38+00:00","dateModified":"2026-02-11T15:44:58+00:00","description":"Peeling kwasowy Aware Scalp Care z kwasami AHA i prebiotykiem skutecznie z\u0142uszcza, oczyszcza i regeneruje sk\u00f3r\u0119 g\u0142owy, wspieraj\u0105c jej naturaln\u0105 r\u00f3wnowag\u0119.","breadcrumb":{"@id":"https:\/\/pitaya.no\/produkt\/aware-scalp-care-peeling-kwasowy-100-ml-anwen\/#breadcrumb"},"inLanguage":"en-GB","potentialAction":[{"@type":"ReadAction","target":["https:\/\/pitaya.no\/produkt\/aware-scalp-care-peeling-kwasowy-100-ml-anwen\/"]}]},{"@type":"BreadcrumbList","@id":"https:\/\/pitaya.no\/produkt\/aware-scalp-care-peeling-kwasowy-100-ml-anwen\/#breadcrumb","itemListElement":[{"@type":"ListItem","position":1,"name":"Strona g\u0142\u00f3wna","item":"https:\/\/pitaya.no\/"},{"@type":"ListItem","position":2,"name":"Sklep","item":"https:\/\/pitaya.no\/sklep\/"},{"@type":"ListItem","position":3,"name":"AWARE SCALP CARE Peeling kwasowy, 100 ml &#8211; Anwen"}]},{"@type":"WebSite","@id":"https:\/\/pitaya.no\/#website","url":"https:\/\/pitaya.no\/","name":"Pitaya.no","description":"Polish organic drugstore in Norway","potentialAction":[{"@type":"SearchAction","target":{"@type":"EntryPoint","urlTemplate":"https:\/\/pitaya.no\/?s={search_term_string}"},"query-input":"required name=search_term_string"}],"inLanguage":"en-GB"}]}},"_links":{"self":[{"href":"https:\/\/pitaya.no\/en\/wp-json\/wp\/v2\/product\/4443"}],"collection":[{"href":"https:\/\/pitaya.no\/en\/wp-json\/wp\/v2\/product"}],"about":[{"href":"https:\/\/pitaya.no\/en\/wp-json\/wp\/v2\/types\/product"}],"wp:featuredmedia":[{"embeddable":true,"href":"https:\/\/pitaya.no\/en\/wp-json\/wp\/v2\/media\/6608"}],"wp:attachment":[{"href":"https:\/\/pitaya.no\/en\/wp-json\/wp\/v2\/media?parent=4443"}],"wp:term":[{"taxonomy":"product_cat","embeddable":true,"href":"https:\/\/pitaya.no\/en\/wp-json\/wp\/v2\/product_cat?post=4443"},{"taxonomy":"product_tag","embeddable":true,"href":"https:\/\/pitaya.no\/en\/wp-json\/wp\/v2\/product_tag?post=4443"},{"taxonomy":"berocket_brand","embeddable":true,"href":"https:\/\/pitaya.no\/en\/wp-json\/wp\/v2\/berocket_brand?post=4443"}],"curies":[{"name":"wp","href":"https:\/\/api.w.org\/{rel}","templated":true}]}}