{"id":4363,"date":"2023-10-06T12:06:03","date_gmt":"2023-10-06T12:06:03","guid":{"rendered":"https:\/\/pitaya.no\/?post_type=product&#038;p=4363"},"modified":"2026-02-20T10:00:23","modified_gmt":"2026-02-20T10:00:23","slug":"mint-it-up-szampon-peelingujacy-200-ml-anwen","status":"publish","type":"product","link":"https:\/\/pitaya.no\/en\/product\/mint-it-up-szampon-peelingujacy-200-ml-anwen\/","title":{"rendered":"MINT IT UP exfoliating shampoo, 200 ml \u2013 ANWEN"},"content":{"rendered":"<h1>MINT IT UP exfoliating shampoo, 200 ml \u2013 ANWEN<\/h1>\n<p>Feel the real freshness and lightness thanks to the shampoo <strong data-start=\"246\" data-end=\"260\">Mint It Up<\/strong>, which not only cleanses but also nourishes your scalp. Apricot kernel particles effectively remove impurities and dead skin, and <strong data-start=\"409\" data-end=\"431\">exfoliating enzyme<\/strong>supports the natural renewal of the skin, preparing it to receive active ingredients from further care.<\/p>\n<p data-start=\"545\" data-end=\"793\">The formula has been enriched with <strong data-start=\"574\" data-end=\"585\">urea<\/strong>, which intensively moisturizes, and <strong data-start=\"619\" data-end=\"640\">a derivative of licorice<\/strong>, which helps reduce excess sebum production and soothe irritation. This leaves the scalp cleansed, soothed, and ready for a fresh start.<\/p>\n<p data-start=\"795\" data-end=\"994\"><strong data-start=\"795\" data-end=\"805\">Effect?<\/strong> Hair gains volume at the roots, stays fresh longer, and <strong data-start=\"866\" data-end=\"895\">peppermint oil<\/strong> leaves a pleasant, cooling scent and stimulates microcirculation, supporting healthy hair growth.<\/p>\n<h2 data-start=\"996\" data-end=\"1034\"><strong data-start=\"998\" data-end=\"1032\">Why you&#039;ll love Mint It Up:<\/strong><\/h2>\n<ul data-start=\"1035\" data-end=\"1271\">\n<li data-start=\"1035\" data-end=\"1077\">\n<p data-start=\"1037\" data-end=\"1077\">deeply cleanses the scalp and hair,<\/p>\n<\/li>\n<li data-start=\"1078\" data-end=\"1140\">\n<p data-start=\"1080\" data-end=\"1140\">removes excess sebum, dead skin and cosmetic residues,<\/p>\n<\/li>\n<li data-start=\"1141\" data-end=\"1178\">\n<p data-start=\"1143\" data-end=\"1178\">gives the hair lightness and volume,<\/p>\n<\/li>\n<li data-start=\"1179\" data-end=\"1222\">\n<p data-start=\"1181\" data-end=\"1222\">provides a long-lasting feeling of freshness,<\/p>\n<\/li>\n<li data-start=\"1223\" data-end=\"1271\">\n<p data-start=\"1225\" data-end=\"1271\">stimulates the scalp and supports hair growth.<\/p>\n<\/li>\n<\/ul>\n<h2 data-start=\"1273\" data-end=\"1394\"><strong data-start=\"1273\" data-end=\"1286\">For whom:<\/strong><\/h2>\n<p data-start=\"1273\" data-end=\"1394\">For all hair types, especially for oily scalp or scalp that needs refreshing.<\/p>\n<h2 data-start=\"1396\" data-end=\"1543\"><strong data-start=\"1396\" data-end=\"1414\">How to use:<\/strong><\/h2>\n<p data-start=\"1396\" data-end=\"1543\">Apply shampoo to wet scalp, massage gently, then rinse thoroughly. Use once a week or as needed.<\/p>\n<p data-start=\"1396\" data-end=\"1543\"><strong>INCI\/Ingredients: <\/strong>Aqua, Sodium Laureth Sulfate, Cocamidopropyl Betaine, Urea, Prunus Armeniaca (Apricot) Seed Powder, Acrylates Copolymer, Propanediol, Polysorbate 20, Dipotassium Glycyrrhizate, Bacillus Ferment, Glycerin, Propylene Glycol, Cetrimonium Chloride, Polyquaternium-10, Mentha Piperita (Peppermint) Leaf Oil, Phenoxyethanol, Ethylhexylglycerin, Sodium Hydroxide, Citric Acid, Parfum.<\/p>\n<p><iframe title=\"How to Rinse Anwen Mint It Up Shampoo \ud83c\udf31 5 Tips\" width=\"960\" height=\"540\" src=\"https:\/\/www.youtube.com\/embed\/P-QLOojYmmg?feature=oembed\" frameborder=\"0\" allow=\"accelerometer; autoplay; clipboard-write; encrypted-media; gyroscope; picture-in-picture; web-share\" referrerpolicy=\"strict-origin-when-cross-origin\" allowfullscreen><\/iframe><\/p>","protected":false},"excerpt":{"rendered":"<p>Mint It Up Refreshing Exfoliating Shampoo thoroughly cleanses the scalp with apricot kernel particles and exfoliating enzymes. It moisturizes, regulates sebum production, and adds volume to hair, leaving a long-lasting sensation of minty freshness.<\/p>\n<p>Shampoo pH: 6.3<\/p>\n<p><strong>Capacity 200 ml<\/strong><\/p>\n<p>&nbsp;<\/p>","protected":false},"featured_media":6665,"template":"","meta":{"_themeisle_gutenberg_block_has_review":false},"product_cat":[311,312,313],"product_tag":[373,385,353,352,359,380],"berocket_brand":[275],"yoast_head":"<!-- This site is optimized with the Yoast SEO Premium plugin v21.2 (Yoast SEO v21.5) - https:\/\/yoast.com\/wordpress\/plugins\/seo\/ -->\n<title>MINT IT UP szampon peelinguj\u0105cy, 200 ml - ANWEN<\/title>\n<meta name=\"description\" content=\"Szampon peelinguj\u0105cy Mint It Up z drobinkami z pestek moreli oczyszcza sk\u00f3r\u0119 g\u0142owy, usuwa sebum i dodaje w\u0142osom obj\u0119to\u015bci.\" \/>\n<meta name=\"robots\" content=\"index, follow, max-snippet:-1, max-image-preview:large, max-video-preview:-1\" \/>\n<link rel=\"canonical\" href=\"https:\/\/pitaya.no\/en\/product\/mint-it-up-szampon-peelingujacy-200-ml-anwen\/\" \/>\n<meta property=\"og:locale\" content=\"en_GB\" \/>\n<meta property=\"og:type\" content=\"article\" \/>\n<meta property=\"og:title\" content=\"MINT IT UP szampon peelinguj\u0105cy, 200 ml - ANWEN\" \/>\n<meta property=\"og:description\" content=\"Szampon peelinguj\u0105cy Mint It Up z drobinkami z pestek moreli oczyszcza sk\u00f3r\u0119 g\u0142owy, usuwa sebum i dodaje w\u0142osom obj\u0119to\u015bci.\" \/>\n<meta property=\"og:url\" content=\"https:\/\/pitaya.no\/en\/product\/mint-it-up-szampon-peelingujacy-200-ml-anwen\/\" \/>\n<meta property=\"og:site_name\" content=\"Pitaya.no\" \/>\n<meta property=\"article:publisher\" content=\"https:\/\/www.facebook.com\/Pitaya.no\" \/>\n<meta property=\"article:modified_time\" content=\"2026-02-20T10:00:23+00:00\" \/>\n<meta property=\"og:image\" content=\"https:\/\/pitaya.no\/wp-content\/uploads\/2023\/10\/20250606_Anwen_1200-87.jpg\" \/>\n\t<meta property=\"og:image:width\" content=\"2044\" \/>\n\t<meta property=\"og:image:height\" content=\"2044\" \/>\n\t<meta property=\"og:image:type\" content=\"image\/jpeg\" \/>\n<meta name=\"twitter:card\" content=\"summary_large_image\" \/>\n<meta name=\"twitter:label1\" content=\"Estimated reading time\" \/>\n\t<meta name=\"twitter:data1\" content=\"2 minutes\" \/>\n<script type=\"application\/ld+json\" class=\"yoast-schema-graph\">{\"@context\":\"https:\/\/schema.org\",\"@graph\":[{\"@type\":\"WebPage\",\"@id\":\"https:\/\/pitaya.no\/produkt\/mint-it-up-szampon-peelingujacy-200-ml-anwen\/\",\"url\":\"https:\/\/pitaya.no\/produkt\/mint-it-up-szampon-peelingujacy-200-ml-anwen\/\",\"name\":\"MINT IT UP szampon peelinguj\u0105cy, 200 ml - ANWEN\",\"isPartOf\":{\"@id\":\"https:\/\/pitaya.no\/#website\"},\"datePublished\":\"2023-10-06T12:06:03+00:00\",\"dateModified\":\"2026-02-20T10:00:23+00:00\",\"description\":\"Szampon peelinguj\u0105cy Mint It Up z drobinkami z pestek moreli oczyszcza sk\u00f3r\u0119 g\u0142owy, usuwa sebum i dodaje w\u0142osom obj\u0119to\u015bci.\",\"breadcrumb\":{\"@id\":\"https:\/\/pitaya.no\/produkt\/mint-it-up-szampon-peelingujacy-200-ml-anwen\/#breadcrumb\"},\"inLanguage\":\"en-GB\",\"potentialAction\":[{\"@type\":\"ReadAction\",\"target\":[\"https:\/\/pitaya.no\/produkt\/mint-it-up-szampon-peelingujacy-200-ml-anwen\/\"]}]},{\"@type\":\"BreadcrumbList\",\"@id\":\"https:\/\/pitaya.no\/produkt\/mint-it-up-szampon-peelingujacy-200-ml-anwen\/#breadcrumb\",\"itemListElement\":[{\"@type\":\"ListItem\",\"position\":1,\"name\":\"Strona g\u0142\u00f3wna\",\"item\":\"https:\/\/pitaya.no\/\"},{\"@type\":\"ListItem\",\"position\":2,\"name\":\"Sklep\",\"item\":\"https:\/\/pitaya.no\/sklep\/\"},{\"@type\":\"ListItem\",\"position\":3,\"name\":\"MINT IT UP szampon peelinguj\u0105cy, 200 ml &#8211; ANWEN\"}]},{\"@type\":\"WebSite\",\"@id\":\"https:\/\/pitaya.no\/#website\",\"url\":\"https:\/\/pitaya.no\/\",\"name\":\"Pitaya.no\",\"description\":\"Polska drogeria ekologiczna w Norwegii\",\"potentialAction\":[{\"@type\":\"SearchAction\",\"target\":{\"@type\":\"EntryPoint\",\"urlTemplate\":\"https:\/\/pitaya.no\/?s={search_term_string}\"},\"query-input\":\"required name=search_term_string\"}],\"inLanguage\":\"en-GB\"}]}<\/script>\n<!-- \/ Yoast SEO Premium plugin. -->","yoast_head_json":{"title":"MINT IT UP exfoliating shampoo, 200 ml - ANWEN","description":"Szampon peelinguj\u0105cy Mint It Up z drobinkami z pestek moreli oczyszcza sk\u00f3r\u0119 g\u0142owy, usuwa sebum i dodaje w\u0142osom obj\u0119to\u015bci.","robots":{"index":"index","follow":"follow","max-snippet":"max-snippet:-1","max-image-preview":"max-image-preview:large","max-video-preview":"max-video-preview:-1"},"canonical":"https:\/\/pitaya.no\/en\/product\/mint-it-up-szampon-peelingujacy-200-ml-anwen\/","og_locale":"en_GB","og_type":"article","og_title":"MINT IT UP szampon peelinguj\u0105cy, 200 ml - ANWEN","og_description":"Szampon peelinguj\u0105cy Mint It Up z drobinkami z pestek moreli oczyszcza sk\u00f3r\u0119 g\u0142owy, usuwa sebum i dodaje w\u0142osom obj\u0119to\u015bci.","og_url":"https:\/\/pitaya.no\/en\/product\/mint-it-up-szampon-peelingujacy-200-ml-anwen\/","og_site_name":"Pitaya.no","article_publisher":"https:\/\/www.facebook.com\/Pitaya.no","article_modified_time":"2026-02-20T10:00:23+00:00","og_image":[{"width":2044,"height":2044,"url":"https:\/\/pitaya.no\/wp-content\/uploads\/2023\/10\/20250606_Anwen_1200-87.jpg","type":"image\/jpeg"}],"twitter_card":"summary_large_image","twitter_misc":{"Estimated reading time":"2 minutes"},"schema":{"@context":"https:\/\/schema.org","@graph":[{"@type":"WebPage","@id":"https:\/\/pitaya.no\/produkt\/mint-it-up-szampon-peelingujacy-200-ml-anwen\/","url":"https:\/\/pitaya.no\/produkt\/mint-it-up-szampon-peelingujacy-200-ml-anwen\/","name":"MINT IT UP exfoliating shampoo, 200 ml - ANWEN","isPartOf":{"@id":"https:\/\/pitaya.no\/#website"},"datePublished":"2023-10-06T12:06:03+00:00","dateModified":"2026-02-20T10:00:23+00:00","description":"Szampon peelinguj\u0105cy Mint It Up z drobinkami z pestek moreli oczyszcza sk\u00f3r\u0119 g\u0142owy, usuwa sebum i dodaje w\u0142osom obj\u0119to\u015bci.","breadcrumb":{"@id":"https:\/\/pitaya.no\/produkt\/mint-it-up-szampon-peelingujacy-200-ml-anwen\/#breadcrumb"},"inLanguage":"en-GB","potentialAction":[{"@type":"ReadAction","target":["https:\/\/pitaya.no\/produkt\/mint-it-up-szampon-peelingujacy-200-ml-anwen\/"]}]},{"@type":"BreadcrumbList","@id":"https:\/\/pitaya.no\/produkt\/mint-it-up-szampon-peelingujacy-200-ml-anwen\/#breadcrumb","itemListElement":[{"@type":"ListItem","position":1,"name":"Strona g\u0142\u00f3wna","item":"https:\/\/pitaya.no\/"},{"@type":"ListItem","position":2,"name":"Sklep","item":"https:\/\/pitaya.no\/sklep\/"},{"@type":"ListItem","position":3,"name":"MINT IT UP szampon peelinguj\u0105cy, 200 ml &#8211; ANWEN"}]},{"@type":"WebSite","@id":"https:\/\/pitaya.no\/#website","url":"https:\/\/pitaya.no\/","name":"Pitaya.no","description":"Polish organic drugstore in Norway","potentialAction":[{"@type":"SearchAction","target":{"@type":"EntryPoint","urlTemplate":"https:\/\/pitaya.no\/?s={search_term_string}"},"query-input":"required name=search_term_string"}],"inLanguage":"en-GB"}]}},"_links":{"self":[{"href":"https:\/\/pitaya.no\/en\/wp-json\/wp\/v2\/product\/4363"}],"collection":[{"href":"https:\/\/pitaya.no\/en\/wp-json\/wp\/v2\/product"}],"about":[{"href":"https:\/\/pitaya.no\/en\/wp-json\/wp\/v2\/types\/product"}],"wp:featuredmedia":[{"embeddable":true,"href":"https:\/\/pitaya.no\/en\/wp-json\/wp\/v2\/media\/6665"}],"wp:attachment":[{"href":"https:\/\/pitaya.no\/en\/wp-json\/wp\/v2\/media?parent=4363"}],"wp:term":[{"taxonomy":"product_cat","embeddable":true,"href":"https:\/\/pitaya.no\/en\/wp-json\/wp\/v2\/product_cat?post=4363"},{"taxonomy":"product_tag","embeddable":true,"href":"https:\/\/pitaya.no\/en\/wp-json\/wp\/v2\/product_tag?post=4363"},{"taxonomy":"berocket_brand","embeddable":true,"href":"https:\/\/pitaya.no\/en\/wp-json\/wp\/v2\/berocket_brand?post=4363"}],"curies":[{"name":"wp","href":"https:\/\/api.w.org\/{rel}","templated":true}]}}