{"id":4353,"date":"2023-10-06T11:28:21","date_gmt":"2023-10-06T11:28:21","guid":{"rendered":"https:\/\/pitaya.no\/?post_type=product&#038;p=4353"},"modified":"2026-02-23T20:06:34","modified_gmt":"2026-02-23T20:06:34","slug":"hair-me-more-szampon-zwiekszajacy-objetosc-wlosow-200-ml-anwen","status":"publish","type":"product","link":"https:\/\/pitaya.no\/en\/product\/hair-me-more-szampon-zwiekszajacy-objetosc-wlosow-200-ml-anwen\/","title":{"rendered":"HAIR ME MORE volumizing shampoo, 200 ml \u2013 ANWEN"},"content":{"rendered":"<h1>HAIR ME MORE volumizing shampoo, 200 ml \u2013 ANWEN<\/h1>\n<p data-start=\"214\" data-end=\"532\">Discover the secret to a fuller hairstyle with shampoo <strong data-start=\"260\" data-end=\"276\">Hair Me More<\/strong>, which combines gentle, natural cleansing substances with advanced conditioning ingredients. It&#039;s the perfect choice for fine, delicate, and volume-free hair\u2014but it&#039;s also loved by all hair types seeking lightness and freshness.<\/p>\n<h2 data-start=\"534\" data-end=\"725\"><strong data-start=\"537\" data-end=\"563\">Gentle cleansing<\/strong><\/h2>\n<p data-start=\"534\" data-end=\"725\">Natural cleansing substances effectively and gently remove impurities, leaving the scalp clean and refreshed, without feeling dry.<\/p>\n<h2 data-start=\"727\" data-end=\"967\"><strong data-start=\"730\" data-end=\"765\">More volume and elasticity<\/strong><\/h2>\n<p data-start=\"727\" data-end=\"967\">Hydrolyzed rice proteins lift hair at the roots, increasing its volume through electrostatic interactions with the hair&#039;s surface. The result? Hair appears thicker, fuller, and full of life.<\/p>\n<h2 data-start=\"969\" data-end=\"1251\"><strong data-start=\"972\" data-end=\"1014\">Biomimetic technology from Amaranth<\/strong><\/h2>\n<p data-start=\"969\" data-end=\"1251\">Innovative active ingredients from Amaranth, enclosed in a matrix of natural origin, create a delicate protective film on the hair, which sequentially releases nourishing peptides and polysaccharides \u2013 improving the condition and structure of the strands.<\/p>\n<h2 data-start=\"1253\" data-end=\"1491\"><strong data-start=\"1256\" data-end=\"1283\">Nutrition and hydration<\/strong><\/h2>\n<p data-start=\"1253\" data-end=\"1491\">Aloe juice and glycerin intensely moisturize, restoring hair&#039;s softness and shine. Additionally, a licorice derivative soothes irritations, regulates sebum production, and prevents oily scalp.<\/p>\n<h2 data-start=\"1493\" data-end=\"1572\"><strong data-start=\"1495\" data-end=\"1572\">The result: fuller, healthier and more resistant hair \u2013 with every wash.<\/strong><\/h2>\n<p data-start=\"1574\" data-end=\"1800\"><strong data-start=\"1574\" data-end=\"1592\">How to use:<\/strong><br data-start=\"1592\" data-end=\"1595\" \/>Apply a small amount of shampoo to wet scalp and gently massage with your fingertips. Rinse thoroughly with water. For best results, follow with your favorite conditioner or mask from the same care line.<\/p>\n<p data-start=\"1574\" data-end=\"1800\"><strong>INCI:<\/strong> Aqua, Decyl Glucoside, Caprylyl\/Capryl Glucoside, Sodium Laurylglucosides Hydroxypropylsulfate, Aloe Barbadensis Leaf Juice, Xanthan Gum, Hydrolyzed Rice Protein, Glycerin, Amaranthus Caudatus Seed Extract, Dipotassium Glycyrrhizinate, Zea Mays Starch, Glucose, Gluconolactone, Parfum, Potassium Sorbate, Citric Acid, Sodium Chloride, Decyl Alcohol, Benzyl Alcohol, Caprylyl Alcohol, Phenoxyethanol, Phenethyl Alcohol, Caprylyl Glycol, Calcium Gluconate, Tocopherol, Sodium Benzoate.<\/p>\n<p>&nbsp;<\/p>","protected":false},"excerpt":{"rendered":"<p>Struggling with limp, dull hair? Want to add volume and bounce at the roots? Or perhaps you have fine hair and want to visually thicken it?<\/p>\n<p>Hair Me More shampoo contains natural cleansing agents that gently yet effectively cleanse the scalp. Other active ingredients help increase hair volume from the roots.<\/p>\n<p>Vegan product. Contains no animal-derived ingredients. Silicone-free.<\/p>\n<p><strong>Shampoo pH:<\/strong>\u00a05,3<\/p>\n<p><strong>Capacity: 200 ml<\/strong><\/p>","protected":false},"featured_media":6669,"template":"","meta":{"_themeisle_gutenberg_block_has_review":false},"product_cat":[311,314],"product_tag":[373,385,362],"berocket_brand":[275],"yoast_head":"<!-- This site is optimized with the Yoast SEO Premium plugin v21.2 (Yoast SEO v21.5) - https:\/\/yoast.com\/wordpress\/plugins\/seo\/ -->\n<title>HAIR ME MORE szampon zwi\u0119kszaj\u0105cy obj\u0119to\u015b\u0107 w\u0142os\u00f3w, 200 ml - ANWEN<\/title>\n<meta name=\"description\" content=\"Szampon Hair Me More zwi\u0119ksza obj\u0119to\u015b\u0107 w\u0142os\u00f3w, unosi je u nasady i wzmacnia dzi\u0119ki proteinom ry\u017cowym, Amarantusowi, aloesowi i lukrecji.\" \/>\n<meta name=\"robots\" content=\"index, follow, max-snippet:-1, max-image-preview:large, max-video-preview:-1\" \/>\n<link rel=\"canonical\" href=\"https:\/\/pitaya.no\/en\/product\/hair-me-more-szampon-zwiekszajacy-objetosc-wlosow-200-ml-anwen\/\" \/>\n<meta property=\"og:locale\" content=\"en_GB\" \/>\n<meta property=\"og:type\" content=\"article\" \/>\n<meta property=\"og:title\" content=\"HAIR ME MORE szampon zwi\u0119kszaj\u0105cy obj\u0119to\u015b\u0107 w\u0142os\u00f3w, 200 ml - ANWEN\" \/>\n<meta property=\"og:description\" content=\"Szampon Hair Me More zwi\u0119ksza obj\u0119to\u015b\u0107 w\u0142os\u00f3w, unosi je u nasady i wzmacnia dzi\u0119ki proteinom ry\u017cowym, Amarantusowi, aloesowi i lukrecji.\" \/>\n<meta property=\"og:url\" content=\"https:\/\/pitaya.no\/en\/product\/hair-me-more-szampon-zwiekszajacy-objetosc-wlosow-200-ml-anwen\/\" \/>\n<meta property=\"og:site_name\" content=\"Pitaya.no\" \/>\n<meta property=\"article:publisher\" content=\"https:\/\/www.facebook.com\/Pitaya.no\" \/>\n<meta property=\"article:modified_time\" content=\"2026-02-23T20:06:34+00:00\" \/>\n<meta property=\"og:image\" content=\"https:\/\/pitaya.no\/wp-content\/uploads\/2023\/10\/Szampon-Hairme-More.jpg\" \/>\n\t<meta property=\"og:image:width\" content=\"1840\" \/>\n\t<meta property=\"og:image:height\" content=\"1840\" \/>\n\t<meta property=\"og:image:type\" content=\"image\/jpeg\" \/>\n<meta name=\"twitter:card\" content=\"summary_large_image\" \/>\n<meta name=\"twitter:label1\" content=\"Estimated reading time\" \/>\n\t<meta name=\"twitter:data1\" content=\"2 minutes\" \/>\n<script type=\"application\/ld+json\" class=\"yoast-schema-graph\">{\"@context\":\"https:\/\/schema.org\",\"@graph\":[{\"@type\":\"WebPage\",\"@id\":\"https:\/\/pitaya.no\/produkt\/hair-me-more-szampon-zwiekszajacy-objetosc-wlosow-200-ml-anwen\/\",\"url\":\"https:\/\/pitaya.no\/produkt\/hair-me-more-szampon-zwiekszajacy-objetosc-wlosow-200-ml-anwen\/\",\"name\":\"HAIR ME MORE szampon zwi\u0119kszaj\u0105cy obj\u0119to\u015b\u0107 w\u0142os\u00f3w, 200 ml - ANWEN\",\"isPartOf\":{\"@id\":\"https:\/\/pitaya.no\/#website\"},\"datePublished\":\"2023-10-06T11:28:21+00:00\",\"dateModified\":\"2026-02-23T20:06:34+00:00\",\"description\":\"Szampon Hair Me More zwi\u0119ksza obj\u0119to\u015b\u0107 w\u0142os\u00f3w, unosi je u nasady i wzmacnia dzi\u0119ki proteinom ry\u017cowym, Amarantusowi, aloesowi i lukrecji.\",\"breadcrumb\":{\"@id\":\"https:\/\/pitaya.no\/produkt\/hair-me-more-szampon-zwiekszajacy-objetosc-wlosow-200-ml-anwen\/#breadcrumb\"},\"inLanguage\":\"en-GB\",\"potentialAction\":[{\"@type\":\"ReadAction\",\"target\":[\"https:\/\/pitaya.no\/produkt\/hair-me-more-szampon-zwiekszajacy-objetosc-wlosow-200-ml-anwen\/\"]}]},{\"@type\":\"BreadcrumbList\",\"@id\":\"https:\/\/pitaya.no\/produkt\/hair-me-more-szampon-zwiekszajacy-objetosc-wlosow-200-ml-anwen\/#breadcrumb\",\"itemListElement\":[{\"@type\":\"ListItem\",\"position\":1,\"name\":\"Strona g\u0142\u00f3wna\",\"item\":\"https:\/\/pitaya.no\/\"},{\"@type\":\"ListItem\",\"position\":2,\"name\":\"Sklep\",\"item\":\"https:\/\/pitaya.no\/sklep\/\"},{\"@type\":\"ListItem\",\"position\":3,\"name\":\"HAIR ME MORE szampon zwi\u0119kszaj\u0105cy obj\u0119to\u015b\u0107 w\u0142os\u00f3w, 200 ml &#8211; ANWEN\"}]},{\"@type\":\"WebSite\",\"@id\":\"https:\/\/pitaya.no\/#website\",\"url\":\"https:\/\/pitaya.no\/\",\"name\":\"Pitaya.no\",\"description\":\"Polska drogeria ekologiczna w Norwegii\",\"potentialAction\":[{\"@type\":\"SearchAction\",\"target\":{\"@type\":\"EntryPoint\",\"urlTemplate\":\"https:\/\/pitaya.no\/?s={search_term_string}\"},\"query-input\":\"required name=search_term_string\"}],\"inLanguage\":\"en-GB\"}]}<\/script>\n<!-- \/ Yoast SEO Premium plugin. -->","yoast_head_json":{"title":"HAIR ME MORE volumizing shampoo, 200 ml - ANWEN","description":"Szampon Hair Me More zwi\u0119ksza obj\u0119to\u015b\u0107 w\u0142os\u00f3w, unosi je u nasady i wzmacnia dzi\u0119ki proteinom ry\u017cowym, Amarantusowi, aloesowi i lukrecji.","robots":{"index":"index","follow":"follow","max-snippet":"max-snippet:-1","max-image-preview":"max-image-preview:large","max-video-preview":"max-video-preview:-1"},"canonical":"https:\/\/pitaya.no\/en\/product\/hair-me-more-szampon-zwiekszajacy-objetosc-wlosow-200-ml-anwen\/","og_locale":"en_GB","og_type":"article","og_title":"HAIR ME MORE szampon zwi\u0119kszaj\u0105cy obj\u0119to\u015b\u0107 w\u0142os\u00f3w, 200 ml - ANWEN","og_description":"Szampon Hair Me More zwi\u0119ksza obj\u0119to\u015b\u0107 w\u0142os\u00f3w, unosi je u nasady i wzmacnia dzi\u0119ki proteinom ry\u017cowym, Amarantusowi, aloesowi i lukrecji.","og_url":"https:\/\/pitaya.no\/en\/product\/hair-me-more-szampon-zwiekszajacy-objetosc-wlosow-200-ml-anwen\/","og_site_name":"Pitaya.no","article_publisher":"https:\/\/www.facebook.com\/Pitaya.no","article_modified_time":"2026-02-23T20:06:34+00:00","og_image":[{"width":1840,"height":1840,"url":"https:\/\/pitaya.no\/wp-content\/uploads\/2023\/10\/Szampon-Hairme-More.jpg","type":"image\/jpeg"}],"twitter_card":"summary_large_image","twitter_misc":{"Estimated reading time":"2 minutes"},"schema":{"@context":"https:\/\/schema.org","@graph":[{"@type":"WebPage","@id":"https:\/\/pitaya.no\/produkt\/hair-me-more-szampon-zwiekszajacy-objetosc-wlosow-200-ml-anwen\/","url":"https:\/\/pitaya.no\/produkt\/hair-me-more-szampon-zwiekszajacy-objetosc-wlosow-200-ml-anwen\/","name":"HAIR ME MORE volumizing shampoo, 200 ml - ANWEN","isPartOf":{"@id":"https:\/\/pitaya.no\/#website"},"datePublished":"2023-10-06T11:28:21+00:00","dateModified":"2026-02-23T20:06:34+00:00","description":"Szampon Hair Me More zwi\u0119ksza obj\u0119to\u015b\u0107 w\u0142os\u00f3w, unosi je u nasady i wzmacnia dzi\u0119ki proteinom ry\u017cowym, Amarantusowi, aloesowi i lukrecji.","breadcrumb":{"@id":"https:\/\/pitaya.no\/produkt\/hair-me-more-szampon-zwiekszajacy-objetosc-wlosow-200-ml-anwen\/#breadcrumb"},"inLanguage":"en-GB","potentialAction":[{"@type":"ReadAction","target":["https:\/\/pitaya.no\/produkt\/hair-me-more-szampon-zwiekszajacy-objetosc-wlosow-200-ml-anwen\/"]}]},{"@type":"BreadcrumbList","@id":"https:\/\/pitaya.no\/produkt\/hair-me-more-szampon-zwiekszajacy-objetosc-wlosow-200-ml-anwen\/#breadcrumb","itemListElement":[{"@type":"ListItem","position":1,"name":"Strona g\u0142\u00f3wna","item":"https:\/\/pitaya.no\/"},{"@type":"ListItem","position":2,"name":"Sklep","item":"https:\/\/pitaya.no\/sklep\/"},{"@type":"ListItem","position":3,"name":"HAIR ME MORE szampon zwi\u0119kszaj\u0105cy obj\u0119to\u015b\u0107 w\u0142os\u00f3w, 200 ml &#8211; ANWEN"}]},{"@type":"WebSite","@id":"https:\/\/pitaya.no\/#website","url":"https:\/\/pitaya.no\/","name":"Pitaya.no","description":"Polish organic drugstore in Norway","potentialAction":[{"@type":"SearchAction","target":{"@type":"EntryPoint","urlTemplate":"https:\/\/pitaya.no\/?s={search_term_string}"},"query-input":"required name=search_term_string"}],"inLanguage":"en-GB"}]}},"_links":{"self":[{"href":"https:\/\/pitaya.no\/en\/wp-json\/wp\/v2\/product\/4353"}],"collection":[{"href":"https:\/\/pitaya.no\/en\/wp-json\/wp\/v2\/product"}],"about":[{"href":"https:\/\/pitaya.no\/en\/wp-json\/wp\/v2\/types\/product"}],"wp:featuredmedia":[{"embeddable":true,"href":"https:\/\/pitaya.no\/en\/wp-json\/wp\/v2\/media\/6669"}],"wp:attachment":[{"href":"https:\/\/pitaya.no\/en\/wp-json\/wp\/v2\/media?parent=4353"}],"wp:term":[{"taxonomy":"product_cat","embeddable":true,"href":"https:\/\/pitaya.no\/en\/wp-json\/wp\/v2\/product_cat?post=4353"},{"taxonomy":"product_tag","embeddable":true,"href":"https:\/\/pitaya.no\/en\/wp-json\/wp\/v2\/product_tag?post=4353"},{"taxonomy":"berocket_brand","embeddable":true,"href":"https:\/\/pitaya.no\/en\/wp-json\/wp\/v2\/berocket_brand?post=4353"}],"curies":[{"name":"wp","href":"https:\/\/api.w.org\/{rel}","templated":true}]}}