{"id":4275,"date":"2023-10-05T11:33:24","date_gmt":"2023-10-05T11:33:24","guid":{"rendered":"https:\/\/pitaya.no\/?post_type=product&#038;p=4275"},"modified":"2026-02-11T21:26:30","modified_gmt":"2026-02-11T21:26:30","slug":"pump-it-up-balsam-bez-splukiwania-dodajacy-objetosci-150-ml-anwen","status":"publish","type":"product","link":"https:\/\/pitaya.no\/en\/product\/pump-it-up-balsam-bez-splukiwania-dodajacy-objetosci-150-ml-anwen\/","title":{"rendered":"PUMP IT UP leave-in volumizing balm, 150 ml \u2013 ANWEN"},"content":{"rendered":"<h1 data-start=\"231\" data-end=\"610\">PUMP IT UP leave-in volumizing balm, 150 ml \u2013 ANWEN<\/h1>\n<p data-start=\"231\" data-end=\"610\"><strong data-start=\"231\" data-end=\"292\">Light formula, visible volume and natural care.<\/strong><br data-start=\"292\" data-end=\"295\" \/>This balm was created for volume-deprived hair that needs lift at the roots without weighing it down. An innovative combination <strong data-start=\"444\" data-end=\"478\">hydrolyzed oat proteins<\/strong> and <strong data-start=\"484\" data-end=\"555\">lipocomplex of ceramides, glycolipids and phospholipids from sunflower<\/strong> supports the structure of the hair, strengthening it from the inside.<\/p>\n<p data-start=\"612\" data-end=\"972\"><strong data-start=\"612\" data-end=\"680\">Polysaccharides and peptides from almonds, marshmallow and flax<\/strong> create a delicate film on the hair surface <strong data-start=\"720\" data-end=\"731\">biofilm<\/strong>, which provides long-lasting <strong data-start=\"760\" data-end=\"803\">hydration, shine and increased volume<\/strong>. <strong data-start=\"805\" data-end=\"826\">Tapioca starch<\/strong> smoothes the strands, leaving them soft and loose, and <strong data-start=\"880\" data-end=\"923\">inulin and quaternized honey derivative<\/strong> additionally they have a moisturizing and nourishing effect.<\/p>\n<p data-start=\"974\" data-end=\"1209\">Thanks to your <strong data-start=\"988\" data-end=\"1024\">light, non-overburdening formula<\/strong>, the balm can be used <strong data-start=\"1052\" data-end=\"1077\">directly at the root<\/strong> \u2013 visually thickens hair without sticking it together or making it stiff. Ideal for all hair types, regardless of porosity.<\/p>\n<hr data-start=\"1211\" data-end=\"1214\" \/>\n<h4 data-start=\"1216\" data-end=\"1239\"><strong data-start=\"1221\" data-end=\"1239\">How to use:<\/strong><\/h4>\n<p data-start=\"1240\" data-end=\"1459\">Spread a small amount of balm in your hands and then apply to <strong data-start=\"1312\" data-end=\"1358\">washed and towel-dried hair at the roots<\/strong>(Do not apply to the lengths.) Blow-dry your hair and enjoy natural volume all day long.<\/p>\n<hr data-start=\"1461\" data-end=\"1464\" \/>\n<h4 data-start=\"1466\" data-end=\"1498\"><strong data-start=\"1471\" data-end=\"1498\">Key benefits:<\/strong><\/h4>\n<ul data-start=\"1499\" data-end=\"1710\">\n<li data-start=\"1499\" data-end=\"1542\">\n<p data-start=\"1501\" data-end=\"1542\">Lifts hair at the roots, adding volume<\/p>\n<\/li>\n<li data-start=\"1543\" data-end=\"1598\">\n<p data-start=\"1545\" data-end=\"1598\">Strengthens the hair structure thanks to proteins and lipids<\/p>\n<\/li>\n<li data-start=\"1599\" data-end=\"1643\">\n<p data-start=\"1601\" data-end=\"1643\">Moisturizes and smoothes without weighing down the skin<\/p>\n<\/li>\n<li data-start=\"1644\" data-end=\"1671\">\n<p data-start=\"1646\" data-end=\"1671\">Gives shine and softness<\/p>\n<\/li>\n<li data-start=\"1672\" data-end=\"1710\">\n<p data-start=\"1674\" data-end=\"1710\">Suitable for all hair types<\/p>\n<p style=\"text-align: left;\">\n<\/li>\n<\/ul>\n<p>INCI:<\/p>\n<p>Aqua, Cetearyl Alcohol, PVP, Inulin, Tapioca Starch, Behentrimonium Methosulfate, Octyldodecanol, Hydrolyzed Oats, Hydrogenated Coco-Glycerides, Helianthus Annuus Seed Extract, Linum Usitatissimum Seed Extract, Althaea Officinalis Root Extract, Prunus Amygdalus Dulcis Fruit Extract, Sodium Laneth-40 Maleate\/Styrene Sulfonate Copolymer, VP\/DMAPA Acrylates Copolymer, Hydroxypropyltrimonium Honey, Xanthan Gum, Tocopheryl Acetate, Parfum, Phenoxyethanol, Benzoic Acid, Dehydroacetic Acid, Sodium Benzoate, Potassium Sorbate, Sorbic Acid, Benzalkonium Chloride, Linalool, Limonene.<\/p>\n<p>&nbsp;<\/p>","protected":false},"excerpt":{"rendered":"<p>Is your hair still lacking volume? Pump It Up leave-in balm will lift your hair at the roots and give it the volume you crave.<\/p>\n<p><strong>Capacity: 150 ml<\/strong><\/p>\n<p>&nbsp;<\/p>","protected":false},"featured_media":6682,"template":"","meta":{"_themeisle_gutenberg_block_has_review":false},"product_cat":[334,328],"product_tag":[373,365,385,379],"berocket_brand":[275],"yoast_head":"<!-- This site is optimized with the Yoast SEO Premium plugin v21.2 (Yoast SEO v21.5) - https:\/\/yoast.com\/wordpress\/plugins\/seo\/ -->\n<title>PUMP IT UP balsam bez sp\u0142ukiwania dodaj\u0105cy obj\u0119to\u015bci, 150 ml - ANWEN<\/title>\n<meta name=\"description\" content=\"Twoim w\u0142osom ci\u0105gle brakuje obj\u0119to\u015bci? Pump It Up balsam bez sp\u0142ukiwania uniesie je u nasady i sprawi, \u017ce zyskaj\u0105 po\u017c\u0105dan\u0105 obj\u0119to\u015b\u0107.\u00a0\" \/>\n<meta name=\"robots\" content=\"index, follow, max-snippet:-1, max-image-preview:large, max-video-preview:-1\" \/>\n<link rel=\"canonical\" href=\"https:\/\/pitaya.no\/en\/product\/pump-it-up-balsam-bez-splukiwania-dodajacy-objetosci-150-ml-anwen\/\" \/>\n<meta property=\"og:locale\" content=\"en_GB\" \/>\n<meta property=\"og:type\" content=\"article\" \/>\n<meta property=\"og:title\" content=\"PUMP IT UP balsam bez sp\u0142ukiwania dodaj\u0105cy obj\u0119to\u015bci, 150 ml - ANWEN\" \/>\n<meta property=\"og:description\" content=\"Twoim w\u0142osom ci\u0105gle brakuje obj\u0119to\u015bci? Pump It Up balsam bez sp\u0142ukiwania uniesie je u nasady i sprawi, \u017ce zyskaj\u0105 po\u017c\u0105dan\u0105 obj\u0119to\u015b\u0107.\u00a0\" \/>\n<meta property=\"og:url\" content=\"https:\/\/pitaya.no\/en\/product\/pump-it-up-balsam-bez-splukiwania-dodajacy-objetosci-150-ml-anwen\/\" \/>\n<meta property=\"og:site_name\" content=\"Pitaya.no\" \/>\n<meta property=\"article:publisher\" content=\"https:\/\/www.facebook.com\/Pitaya.no\" \/>\n<meta property=\"article:modified_time\" content=\"2026-02-11T21:26:30+00:00\" \/>\n<meta property=\"og:image\" content=\"https:\/\/pitaya.no\/wp-content\/uploads\/2023\/10\/Anwen-Butelka_150ml-Pump-It-Up-reflect.jpg\" \/>\n\t<meta property=\"og:image:width\" content=\"2044\" \/>\n\t<meta property=\"og:image:height\" content=\"2044\" \/>\n\t<meta property=\"og:image:type\" content=\"image\/jpeg\" \/>\n<meta name=\"twitter:card\" content=\"summary_large_image\" \/>\n<meta name=\"twitter:label1\" content=\"Estimated reading time\" \/>\n\t<meta name=\"twitter:data1\" content=\"2 minutes\" \/>\n<script type=\"application\/ld+json\" class=\"yoast-schema-graph\">{\"@context\":\"https:\/\/schema.org\",\"@graph\":[{\"@type\":\"WebPage\",\"@id\":\"https:\/\/pitaya.no\/produkt\/pump-it-up-balsam-bez-splukiwania-dodajacy-objetosci-150-ml-anwen\/\",\"url\":\"https:\/\/pitaya.no\/produkt\/pump-it-up-balsam-bez-splukiwania-dodajacy-objetosci-150-ml-anwen\/\",\"name\":\"PUMP IT UP balsam bez sp\u0142ukiwania dodaj\u0105cy obj\u0119to\u015bci, 150 ml - ANWEN\",\"isPartOf\":{\"@id\":\"https:\/\/pitaya.no\/#website\"},\"datePublished\":\"2023-10-05T11:33:24+00:00\",\"dateModified\":\"2026-02-11T21:26:30+00:00\",\"description\":\"Twoim w\u0142osom ci\u0105gle brakuje obj\u0119to\u015bci? Pump It Up balsam bez sp\u0142ukiwania uniesie je u nasady i sprawi, \u017ce zyskaj\u0105 po\u017c\u0105dan\u0105 obj\u0119to\u015b\u0107.\u00a0\",\"breadcrumb\":{\"@id\":\"https:\/\/pitaya.no\/produkt\/pump-it-up-balsam-bez-splukiwania-dodajacy-objetosci-150-ml-anwen\/#breadcrumb\"},\"inLanguage\":\"en-GB\",\"potentialAction\":[{\"@type\":\"ReadAction\",\"target\":[\"https:\/\/pitaya.no\/produkt\/pump-it-up-balsam-bez-splukiwania-dodajacy-objetosci-150-ml-anwen\/\"]}]},{\"@type\":\"BreadcrumbList\",\"@id\":\"https:\/\/pitaya.no\/produkt\/pump-it-up-balsam-bez-splukiwania-dodajacy-objetosci-150-ml-anwen\/#breadcrumb\",\"itemListElement\":[{\"@type\":\"ListItem\",\"position\":1,\"name\":\"Strona g\u0142\u00f3wna\",\"item\":\"https:\/\/pitaya.no\/\"},{\"@type\":\"ListItem\",\"position\":2,\"name\":\"Sklep\",\"item\":\"https:\/\/pitaya.no\/sklep\/\"},{\"@type\":\"ListItem\",\"position\":3,\"name\":\"PUMP IT UP balsam bez sp\u0142ukiwania dodaj\u0105cy obj\u0119to\u015bci, 150 ml &#8211; ANWEN\"}]},{\"@type\":\"WebSite\",\"@id\":\"https:\/\/pitaya.no\/#website\",\"url\":\"https:\/\/pitaya.no\/\",\"name\":\"Pitaya.no\",\"description\":\"Polska drogeria ekologiczna w Norwegii\",\"potentialAction\":[{\"@type\":\"SearchAction\",\"target\":{\"@type\":\"EntryPoint\",\"urlTemplate\":\"https:\/\/pitaya.no\/?s={search_term_string}\"},\"query-input\":\"required name=search_term_string\"}],\"inLanguage\":\"en-GB\"}]}<\/script>\n<!-- \/ Yoast SEO Premium plugin. -->","yoast_head_json":{"title":"PUMP IT UP leave-in volumizing balm, 150 ml - ANWEN","description":"Is your hair still lacking volume? Pump It Up leave-in balm will lift your hair at the roots and give it the volume you crave.\u00a0","robots":{"index":"index","follow":"follow","max-snippet":"max-snippet:-1","max-image-preview":"max-image-preview:large","max-video-preview":"max-video-preview:-1"},"canonical":"https:\/\/pitaya.no\/en\/product\/pump-it-up-balsam-bez-splukiwania-dodajacy-objetosci-150-ml-anwen\/","og_locale":"en_GB","og_type":"article","og_title":"PUMP IT UP balsam bez sp\u0142ukiwania dodaj\u0105cy obj\u0119to\u015bci, 150 ml - ANWEN","og_description":"Twoim w\u0142osom ci\u0105gle brakuje obj\u0119to\u015bci? Pump It Up balsam bez sp\u0142ukiwania uniesie je u nasady i sprawi, \u017ce zyskaj\u0105 po\u017c\u0105dan\u0105 obj\u0119to\u015b\u0107.\u00a0","og_url":"https:\/\/pitaya.no\/en\/product\/pump-it-up-balsam-bez-splukiwania-dodajacy-objetosci-150-ml-anwen\/","og_site_name":"Pitaya.no","article_publisher":"https:\/\/www.facebook.com\/Pitaya.no","article_modified_time":"2026-02-11T21:26:30+00:00","og_image":[{"width":2044,"height":2044,"url":"https:\/\/pitaya.no\/wp-content\/uploads\/2023\/10\/Anwen-Butelka_150ml-Pump-It-Up-reflect.jpg","type":"image\/jpeg"}],"twitter_card":"summary_large_image","twitter_misc":{"Estimated reading time":"2 minutes"},"schema":{"@context":"https:\/\/schema.org","@graph":[{"@type":"WebPage","@id":"https:\/\/pitaya.no\/produkt\/pump-it-up-balsam-bez-splukiwania-dodajacy-objetosci-150-ml-anwen\/","url":"https:\/\/pitaya.no\/produkt\/pump-it-up-balsam-bez-splukiwania-dodajacy-objetosci-150-ml-anwen\/","name":"PUMP IT UP leave-in volumizing balm, 150 ml - ANWEN","isPartOf":{"@id":"https:\/\/pitaya.no\/#website"},"datePublished":"2023-10-05T11:33:24+00:00","dateModified":"2026-02-11T21:26:30+00:00","description":"Is your hair still lacking volume? Pump It Up leave-in balm will lift your hair at the roots and give it the volume you crave.\u00a0","breadcrumb":{"@id":"https:\/\/pitaya.no\/produkt\/pump-it-up-balsam-bez-splukiwania-dodajacy-objetosci-150-ml-anwen\/#breadcrumb"},"inLanguage":"en-GB","potentialAction":[{"@type":"ReadAction","target":["https:\/\/pitaya.no\/produkt\/pump-it-up-balsam-bez-splukiwania-dodajacy-objetosci-150-ml-anwen\/"]}]},{"@type":"BreadcrumbList","@id":"https:\/\/pitaya.no\/produkt\/pump-it-up-balsam-bez-splukiwania-dodajacy-objetosci-150-ml-anwen\/#breadcrumb","itemListElement":[{"@type":"ListItem","position":1,"name":"Strona g\u0142\u00f3wna","item":"https:\/\/pitaya.no\/"},{"@type":"ListItem","position":2,"name":"Sklep","item":"https:\/\/pitaya.no\/sklep\/"},{"@type":"ListItem","position":3,"name":"PUMP IT UP balsam bez sp\u0142ukiwania dodaj\u0105cy obj\u0119to\u015bci, 150 ml &#8211; ANWEN"}]},{"@type":"WebSite","@id":"https:\/\/pitaya.no\/#website","url":"https:\/\/pitaya.no\/","name":"Pitaya.no","description":"Polish organic drugstore in Norway","potentialAction":[{"@type":"SearchAction","target":{"@type":"EntryPoint","urlTemplate":"https:\/\/pitaya.no\/?s={search_term_string}"},"query-input":"required name=search_term_string"}],"inLanguage":"en-GB"}]}},"_links":{"self":[{"href":"https:\/\/pitaya.no\/en\/wp-json\/wp\/v2\/product\/4275"}],"collection":[{"href":"https:\/\/pitaya.no\/en\/wp-json\/wp\/v2\/product"}],"about":[{"href":"https:\/\/pitaya.no\/en\/wp-json\/wp\/v2\/types\/product"}],"wp:featuredmedia":[{"embeddable":true,"href":"https:\/\/pitaya.no\/en\/wp-json\/wp\/v2\/media\/6682"}],"wp:attachment":[{"href":"https:\/\/pitaya.no\/en\/wp-json\/wp\/v2\/media?parent=4275"}],"wp:term":[{"taxonomy":"product_cat","embeddable":true,"href":"https:\/\/pitaya.no\/en\/wp-json\/wp\/v2\/product_cat?post=4275"},{"taxonomy":"product_tag","embeddable":true,"href":"https:\/\/pitaya.no\/en\/wp-json\/wp\/v2\/product_tag?post=4275"},{"taxonomy":"berocket_brand","embeddable":true,"href":"https:\/\/pitaya.no\/en\/wp-json\/wp\/v2\/berocket_brand?post=4275"}],"curies":[{"name":"wp","href":"https:\/\/api.w.org\/{rel}","templated":true}]}}