{"id":4256,"date":"2023-10-05T09:57:33","date_gmt":"2023-10-05T09:57:33","guid":{"rendered":"https:\/\/pitaya.no\/?post_type=product&#038;p=4256"},"modified":"2026-02-11T21:33:29","modified_gmt":"2026-02-11T21:33:29","slug":"bee-my-baby-odzywka-do-wlosow-dla-dzieci-200-ml-anwen","status":"publish","type":"product","link":"https:\/\/pitaya.no\/en\/product\/bee-my-baby-odzywka-do-wlosow-dla-dzieci-200-ml-anwen\/","title":{"rendered":"BEE MY BABY hair conditioner for children, 200 ml \u2013 ANWEN"},"content":{"rendered":"<h1 data-start=\"293\" data-end=\"361\">BEE MY BABY hair conditioner for children, 200 ml \u2013 ANWEN<\/h1>\n<p data-start=\"293\" data-end=\"361\">By purchasing this product, <strong data-start=\"314\" data-end=\"361\">you support the Empowering Children Foundation.\u00a0<\/strong><\/p>\n<h3 data-start=\"363\" data-end=\"384\"><strong data-start=\"367\" data-end=\"384\">Product description<\/strong><\/h3>\n<p data-start=\"385\" data-end=\"780\">Bee My Baby is a light, balanced conditioner with the perfect proportions <strong data-start=\"449\" data-end=\"502\">Proteins, Emollients and Humectants (PEH balance)<\/strong>, created especially for hair <strong data-start=\"543\" data-end=\"562\">low-porous<\/strong> and delicate strands prone to loss of volume.<br data-start=\"621\" data-end=\"624\" \/>Thanks to its unique formula, the conditioner smoothes, moisturizes and elasticizes the hair, giving it <strong data-start=\"715\" data-end=\"748\">softness, shine and elasticity<\/strong>, without burdening them.<\/p>\n<p data-start=\"782\" data-end=\"975\">Its light consistency means you can use it <strong data-start=\"836\" data-end=\"857\">with every wash<\/strong>, and also as <strong data-start=\"872\" data-end=\"899\">leave-in conditioner<\/strong> \u2013 just a little bit is enough to tame the strands and add a natural shine to them.<\/p>\n<hr data-start=\"977\" data-end=\"980\" \/>\n<h3 data-start=\"982\" data-end=\"1021\"><strong data-start=\"986\" data-end=\"1021\">Action of key ingredients<\/strong><\/h3>\n<div class=\"_tableContainer_1rjym_1\">\n<div class=\"group _tableWrapper_1rjym_13 flex w-fit flex-col-reverse\" tabindex=\"-1\">\n<table class=\"w-fit min-w-(--thread-content-width)\" data-start=\"1022\" data-end=\"1987\">\n<thead data-start=\"1022\" data-end=\"1046\">\n<tr data-start=\"1022\" data-end=\"1046\">\n<th data-start=\"1022\" data-end=\"1033\" data-col-size=\"md\">Component<\/th>\n<th data-start=\"1033\" data-end=\"1046\" data-col-size=\"lg\">Action<\/th>\n<\/tr>\n<\/thead>\n<tbody data-start=\"1074\" data-end=\"1987\">\n<tr data-start=\"1074\" data-end=\"1231\">\n<td data-start=\"1074\" data-end=\"1122\" data-col-size=\"md\"><strong data-start=\"1076\" data-end=\"1121\">Orbignya Oleifera Seed Oil (babassu oil)<\/strong><\/td>\n<td data-col-size=\"lg\" data-start=\"1122\" data-end=\"1231\">A light, penetrating oil that makes hair more elastic, adds softness and shine, ideal for low porosity hair.<\/td>\n<\/tr>\n<tr data-start=\"1232\" data-end=\"1372\">\n<td data-start=\"1232\" data-end=\"1288\" data-col-size=\"md\"><strong data-start=\"1234\" data-end=\"1287\">Astrocaryum Murumuru Seed Butter<\/strong><\/td>\n<td data-col-size=\"lg\" data-start=\"1288\" data-end=\"1372\">Nourishes and protects hair without weighing it down. Strengthens the natural lipid barrier.<\/td>\n<\/tr>\n<tr data-start=\"1373\" data-end=\"1462\">\n<td data-start=\"1373\" data-end=\"1396\" data-col-size=\"md\"><strong data-start=\"1375\" data-end=\"1395\">Cetearyl Alcohol<\/strong><\/td>\n<td data-col-size=\"lg\" data-start=\"1396\" data-end=\"1462\">Emollient that smoothes and prevents moisture loss from the hair.<\/td>\n<\/tr>\n<tr data-start=\"1463\" data-end=\"1583\">\n<td data-start=\"1463\" data-end=\"1493\" data-col-size=\"md\"><strong data-start=\"1465\" data-end=\"1492\">Behentrimonium Chloride<\/strong><\/td>\n<td data-col-size=\"lg\" data-start=\"1493\" data-end=\"1583\">A conditioner that facilitates combing and prevents static and tangling of hair.<\/td>\n<\/tr>\n<tr data-start=\"1584\" data-end=\"1725\">\n<td data-start=\"1584\" data-end=\"1638\" data-col-size=\"md\"><strong data-start=\"1586\" data-end=\"1637\">Hydroxypropyltrimonium Hydrolyzed Wheat Protein<\/strong><\/td>\n<td data-col-size=\"lg\" data-start=\"1638\" data-end=\"1725\">Cationized wheat proteins strengthen hair, add volume and elasticity.<\/td>\n<\/tr>\n<tr data-start=\"1726\" data-end=\"1863\">\n<td data-start=\"1726\" data-end=\"1761\" data-col-size=\"md\"><strong data-start=\"1728\" data-end=\"1760\">Hydroxypropyltrimonium Honey<\/strong><\/td>\n<td data-col-size=\"lg\" data-start=\"1761\" data-end=\"1863\">Honey derivative \u2013 intensely moisturizes and smoothes hair, making it soft and smooth.<\/td>\n<\/tr>\n<tr data-start=\"1864\" data-end=\"1987\">\n<td data-start=\"1864\" data-end=\"1909\" data-col-size=\"md\"><strong data-start=\"1866\" data-end=\"1908\">Starch Hydroxypropyltrimonium Chloride<\/strong><\/td>\n<td data-col-size=\"lg\" data-start=\"1909\" data-end=\"1987\">A natural plant-based conditioner that smooths and shines.<\/td>\n<\/tr>\n<\/tbody>\n<\/table>\n<\/div>\n<\/div>\n<hr data-start=\"1989\" data-end=\"1992\" \/>\n<h3 data-start=\"1994\" data-end=\"2011\"><strong data-start=\"1998\" data-end=\"2011\">For whom?<\/strong><\/h3>\n<p data-start=\"2012\" data-end=\"2193\">\u2714\ufe0f Hair <strong data-start=\"2021\" data-end=\"2038\">low porosity<\/strong> and <strong data-start=\"2041\" data-end=\"2060\">medium porous<\/strong><br data-start=\"2060\" data-end=\"2063\" \/>\u2714\ufe0f Hair <strong data-start=\"2072\" data-end=\"2115\">thin, delicate, easy to load<\/strong><br data-start=\"2115\" data-end=\"2118\" \/>\u2714\ufe0f Also ideal for <strong data-start=\"2139\" data-end=\"2154\">waves and curls<\/strong>if they are low or medium porous<\/p>\n<p data-start=\"2195\" data-end=\"2290\">Not recommended for hair <strong data-start=\"2219\" data-end=\"2239\">highly porous<\/strong>which may be too light and frizzy after use.<\/p>\n<hr data-start=\"2292\" data-end=\"2295\" \/>\n<h3 data-start=\"2297\" data-end=\"2318\"><strong data-start=\"2301\" data-end=\"2318\">How to use<\/strong><\/h3>\n<p data-start=\"2319\" data-end=\"2455\">Massage the conditioner into damp, washed hair along its entire length.<br data-start=\"2376\" data-end=\"2379\" \/>Leave on <strong data-start=\"2391\" data-end=\"2406\">a few minutes<\/strong>and then exactly <strong data-start=\"2430\" data-end=\"2452\">rinse with lukewarm water<\/strong>.<\/p>\n<p data-start=\"2457\" data-end=\"2539\">You can use it with every wash or in a small amount <strong data-start=\"2519\" data-end=\"2538\">no rinsing<\/strong>.<\/p>\n<hr data-start=\"2541\" data-end=\"2544\" \/>\n<h3 data-start=\"2546\" data-end=\"2574\"><strong data-start=\"2550\" data-end=\"2574\">Additional information<\/strong><\/h3>\n<ul data-start=\"2575\" data-end=\"2762\">\n<li data-start=\"2575\" data-end=\"2623\">\n<p data-start=\"2577\" data-end=\"2623\">Suitable after <strong data-start=\"2594\" data-end=\"2621\">keratin straightening<\/strong><\/p>\n<\/li>\n<li data-start=\"2624\" data-end=\"2676\">\n<p data-start=\"2626\" data-end=\"2676\"><strong data-start=\"2628\" data-end=\"2649\">It&#039;s not vegan<\/strong> (contains honey derivative)<\/p>\n<\/li>\n<li data-start=\"2677\" data-end=\"2717\">\n<p data-start=\"2679\" data-end=\"2717\"><strong data-start=\"2682\" data-end=\"2715\">Light, non-overburdening formula<\/strong><\/p>\n<\/li>\n<li data-start=\"2718\" data-end=\"2762\">\n<p data-start=\"2720\" data-end=\"2762\">Perfect for maintenance <strong data-start=\"2745\" data-end=\"2762\">PEH balance<\/strong><\/p>\n<\/li>\n<\/ul>\n<div id=\"attachment_6690\" style=\"width: 757px\" class=\"wp-caption aligncenter\"><img aria-describedby=\"caption-attachment-6690\" fetchpriority=\"high\" decoding=\"async\" class=\"size-large wp-image-6690\" src=\"https:\/\/pitaya.no\/wp-content\/uploads\/2023\/10\/bee-my-baby-747x1024.jpg\" alt=\"BEE MY BABY od\u017cywka do w\u0142os\u00f3w dla dzieci, 200 ml - ANWEN\" width=\"747\" height=\"1024\" srcset=\"https:\/\/pitaya.no\/wp-content\/uploads\/2023\/10\/bee-my-baby-747x1024.jpg 747w, https:\/\/pitaya.no\/wp-content\/uploads\/2023\/10\/bee-my-baby-219x300.jpg 219w, https:\/\/pitaya.no\/wp-content\/uploads\/2023\/10\/bee-my-baby-768x1052.jpg 768w, https:\/\/pitaya.no\/wp-content\/uploads\/2023\/10\/bee-my-baby-1121x1536.jpg 1121w, https:\/\/pitaya.no\/wp-content\/uploads\/2023\/10\/bee-my-baby-9x12.jpg 9w, https:\/\/pitaya.no\/wp-content\/uploads\/2023\/10\/bee-my-baby-600x822.jpg 600w, https:\/\/pitaya.no\/wp-content\/uploads\/2023\/10\/bee-my-baby-39x54.jpg 39w, https:\/\/pitaya.no\/wp-content\/uploads\/2023\/10\/bee-my-baby-64x88.jpg 64w, https:\/\/pitaya.no\/wp-content\/uploads\/2023\/10\/bee-my-baby.jpg 1494w\" sizes=\"(max-width: 747px) 100vw, 747px\" \/><p id=\"caption-attachment-6690\" class=\"wp-caption-text\">BEE MY BABY hair conditioner for children, 200 ml \u2013 ANWEN<\/p><\/div>\n<p class=\"text-justify\"><strong>INCI\/Ingredients:<\/strong><\/p>\n<p>Aqua, Cetearyl Alcohol, Orbignya Oleifera Seed Oil, Behentrimonium Chloride, Astrocaryum Murumuru Seed Butter, Hydroxypropyltrimonium Hydrolyzed Wheat Protein, Starch Hydroxypropyltrimonium Chloride, Hydroxypropyltrimonium Honey, Phenoxyethanol, Benzoic Acid, Dehydroacetic Acid, Sorbic Acid, Benzyl Alcohol, Parfum.<\/p>\n<p>&nbsp;<\/p>","protected":false},"excerpt":{"rendered":"<p data-start=\"195\" data-end=\"550\">Does your child run away at the sight of a brush? Bee My Baby will make brushing a pleasure! This lightweight conditioner with babassu oil, murumuru butter, and a honey derivative intensely moisturizes, smooths, and detangles, preventing tangles. Its balanced PEH (proteins, emollients, humectants) formula means you can use it with every wash.<\/p>\n<p data-start=\"552\" data-end=\"720\">The sweet scent of raspberry dissolving gum will be loved by every child!<br data-start=\"618\" data-end=\"621\" \/>Suitable for children over 1 year of age and adults with low and medium porosity hair.<\/p>\n<p data-start=\"722\" data-end=\"884\">93% of natural origin ingredients<br data-start=\"763\" data-end=\"766\" \/>Recycled tube (PCR)<br data-start=\"793\" data-end=\"796\" \/><strong>Capacity: 200 ml<\/strong><br data-start=\"816\" data-end=\"819\" \/>By purchasing this product you support <strong data-start=\"850\" data-end=\"884\">We Give Children Strength Foundation.<\/strong><\/p>\n<p>&nbsp;<\/p>","protected":false},"featured_media":6691,"template":"","meta":{"_themeisle_gutenberg_block_has_review":false},"product_cat":[315,322,323],"product_tag":[373,387,343,339],"berocket_brand":[275],"yoast_head":"<!-- This site is optimized with the Yoast SEO Premium plugin v21.2 (Yoast SEO v21.5) - https:\/\/yoast.com\/wordpress\/plugins\/seo\/ -->\n<title>BEE MY BABY od\u017cywka do w\u0142os\u00f3w dla dzieci, 200 ml - ANWEN<\/title>\n<meta name=\"description\" content=\"Twoje dziecko ucieka na sam widok szczotki? Mamy na to spos\u00f3b. Delikatna od\u017cywka dla dzieci Bee My Baby sprawia, \u017ce rozczesywanie w\u0142os\u00f3w staje si\u0119 \u0142atwiejsz\" \/>\n<meta name=\"robots\" content=\"index, follow, max-snippet:-1, max-image-preview:large, max-video-preview:-1\" \/>\n<link rel=\"canonical\" href=\"https:\/\/pitaya.no\/en\/product\/bee-my-baby-odzywka-do-wlosow-dla-dzieci-200-ml-anwen\/\" \/>\n<meta property=\"og:locale\" content=\"en_GB\" \/>\n<meta property=\"og:type\" content=\"article\" \/>\n<meta property=\"og:title\" content=\"BEE MY BABY od\u017cywka do w\u0142os\u00f3w dla dzieci, 200 ml - ANWEN\" \/>\n<meta property=\"og:description\" content=\"Twoje dziecko ucieka na sam widok szczotki? Mamy na to spos\u00f3b. Delikatna od\u017cywka dla dzieci Bee My Baby sprawia, \u017ce rozczesywanie w\u0142os\u00f3w staje si\u0119 \u0142atwiejsz\" \/>\n<meta property=\"og:url\" content=\"https:\/\/pitaya.no\/en\/product\/bee-my-baby-odzywka-do-wlosow-dla-dzieci-200-ml-anwen\/\" \/>\n<meta property=\"og:site_name\" content=\"Pitaya.no\" \/>\n<meta property=\"article:publisher\" content=\"https:\/\/www.facebook.com\/Pitaya.no\" \/>\n<meta property=\"article:modified_time\" content=\"2026-02-11T21:33:29+00:00\" \/>\n<meta property=\"og:image\" content=\"https:\/\/pitaya.no\/wp-content\/uploads\/2023\/10\/202506hhhhhh06_Anwen_1200-69.jpg\" \/>\n\t<meta property=\"og:image:width\" content=\"2044\" \/>\n\t<meta property=\"og:image:height\" content=\"2044\" \/>\n\t<meta property=\"og:image:type\" content=\"image\/jpeg\" \/>\n<meta name=\"twitter:card\" content=\"summary_large_image\" \/>\n<meta name=\"twitter:label1\" content=\"Estimated reading time\" \/>\n\t<meta name=\"twitter:data1\" content=\"3 minutes\" \/>\n<script type=\"application\/ld+json\" class=\"yoast-schema-graph\">{\"@context\":\"https:\/\/schema.org\",\"@graph\":[{\"@type\":\"WebPage\",\"@id\":\"https:\/\/pitaya.no\/produkt\/bee-my-baby-odzywka-do-wlosow-dla-dzieci-200-ml-anwen\/\",\"url\":\"https:\/\/pitaya.no\/produkt\/bee-my-baby-odzywka-do-wlosow-dla-dzieci-200-ml-anwen\/\",\"name\":\"BEE MY BABY od\u017cywka do w\u0142os\u00f3w dla dzieci, 200 ml - ANWEN\",\"isPartOf\":{\"@id\":\"https:\/\/pitaya.no\/#website\"},\"datePublished\":\"2023-10-05T09:57:33+00:00\",\"dateModified\":\"2026-02-11T21:33:29+00:00\",\"description\":\"Twoje dziecko ucieka na sam widok szczotki? Mamy na to spos\u00f3b. Delikatna od\u017cywka dla dzieci Bee My Baby sprawia, \u017ce rozczesywanie w\u0142os\u00f3w staje si\u0119 \u0142atwiejsz\",\"breadcrumb\":{\"@id\":\"https:\/\/pitaya.no\/produkt\/bee-my-baby-odzywka-do-wlosow-dla-dzieci-200-ml-anwen\/#breadcrumb\"},\"inLanguage\":\"en-GB\",\"potentialAction\":[{\"@type\":\"ReadAction\",\"target\":[\"https:\/\/pitaya.no\/produkt\/bee-my-baby-odzywka-do-wlosow-dla-dzieci-200-ml-anwen\/\"]}]},{\"@type\":\"BreadcrumbList\",\"@id\":\"https:\/\/pitaya.no\/produkt\/bee-my-baby-odzywka-do-wlosow-dla-dzieci-200-ml-anwen\/#breadcrumb\",\"itemListElement\":[{\"@type\":\"ListItem\",\"position\":1,\"name\":\"Strona g\u0142\u00f3wna\",\"item\":\"https:\/\/pitaya.no\/\"},{\"@type\":\"ListItem\",\"position\":2,\"name\":\"Sklep\",\"item\":\"https:\/\/pitaya.no\/sklep\/\"},{\"@type\":\"ListItem\",\"position\":3,\"name\":\"BEE MY BABY od\u017cywka do w\u0142os\u00f3w dla dzieci, 200 ml &#8211; ANWEN\"}]},{\"@type\":\"WebSite\",\"@id\":\"https:\/\/pitaya.no\/#website\",\"url\":\"https:\/\/pitaya.no\/\",\"name\":\"Pitaya.no\",\"description\":\"Polska drogeria ekologiczna w Norwegii\",\"potentialAction\":[{\"@type\":\"SearchAction\",\"target\":{\"@type\":\"EntryPoint\",\"urlTemplate\":\"https:\/\/pitaya.no\/?s={search_term_string}\"},\"query-input\":\"required name=search_term_string\"}],\"inLanguage\":\"en-GB\"}]}<\/script>\n<!-- \/ Yoast SEO Premium plugin. -->","yoast_head_json":{"title":"BEE MY BABY hair conditioner for children, 200 ml - ANWEN","description":"Twoje dziecko ucieka na sam widok szczotki? Mamy na to spos\u00f3b. Delikatna od\u017cywka dla dzieci Bee My Baby sprawia, \u017ce rozczesywanie w\u0142os\u00f3w staje si\u0119 \u0142atwiejsz","robots":{"index":"index","follow":"follow","max-snippet":"max-snippet:-1","max-image-preview":"max-image-preview:large","max-video-preview":"max-video-preview:-1"},"canonical":"https:\/\/pitaya.no\/en\/product\/bee-my-baby-odzywka-do-wlosow-dla-dzieci-200-ml-anwen\/","og_locale":"en_GB","og_type":"article","og_title":"BEE MY BABY od\u017cywka do w\u0142os\u00f3w dla dzieci, 200 ml - ANWEN","og_description":"Twoje dziecko ucieka na sam widok szczotki? Mamy na to spos\u00f3b. Delikatna od\u017cywka dla dzieci Bee My Baby sprawia, \u017ce rozczesywanie w\u0142os\u00f3w staje si\u0119 \u0142atwiejsz","og_url":"https:\/\/pitaya.no\/en\/product\/bee-my-baby-odzywka-do-wlosow-dla-dzieci-200-ml-anwen\/","og_site_name":"Pitaya.no","article_publisher":"https:\/\/www.facebook.com\/Pitaya.no","article_modified_time":"2026-02-11T21:33:29+00:00","og_image":[{"width":2044,"height":2044,"url":"https:\/\/pitaya.no\/wp-content\/uploads\/2023\/10\/202506hhhhhh06_Anwen_1200-69.jpg","type":"image\/jpeg"}],"twitter_card":"summary_large_image","twitter_misc":{"Estimated reading time":"3 minutes"},"schema":{"@context":"https:\/\/schema.org","@graph":[{"@type":"WebPage","@id":"https:\/\/pitaya.no\/produkt\/bee-my-baby-odzywka-do-wlosow-dla-dzieci-200-ml-anwen\/","url":"https:\/\/pitaya.no\/produkt\/bee-my-baby-odzywka-do-wlosow-dla-dzieci-200-ml-anwen\/","name":"BEE MY BABY hair conditioner for children, 200 ml - ANWEN","isPartOf":{"@id":"https:\/\/pitaya.no\/#website"},"datePublished":"2023-10-05T09:57:33+00:00","dateModified":"2026-02-11T21:33:29+00:00","description":"Twoje dziecko ucieka na sam widok szczotki? Mamy na to spos\u00f3b. Delikatna od\u017cywka dla dzieci Bee My Baby sprawia, \u017ce rozczesywanie w\u0142os\u00f3w staje si\u0119 \u0142atwiejsz","breadcrumb":{"@id":"https:\/\/pitaya.no\/produkt\/bee-my-baby-odzywka-do-wlosow-dla-dzieci-200-ml-anwen\/#breadcrumb"},"inLanguage":"en-GB","potentialAction":[{"@type":"ReadAction","target":["https:\/\/pitaya.no\/produkt\/bee-my-baby-odzywka-do-wlosow-dla-dzieci-200-ml-anwen\/"]}]},{"@type":"BreadcrumbList","@id":"https:\/\/pitaya.no\/produkt\/bee-my-baby-odzywka-do-wlosow-dla-dzieci-200-ml-anwen\/#breadcrumb","itemListElement":[{"@type":"ListItem","position":1,"name":"Strona g\u0142\u00f3wna","item":"https:\/\/pitaya.no\/"},{"@type":"ListItem","position":2,"name":"Sklep","item":"https:\/\/pitaya.no\/sklep\/"},{"@type":"ListItem","position":3,"name":"BEE MY BABY od\u017cywka do w\u0142os\u00f3w dla dzieci, 200 ml &#8211; ANWEN"}]},{"@type":"WebSite","@id":"https:\/\/pitaya.no\/#website","url":"https:\/\/pitaya.no\/","name":"Pitaya.no","description":"Polish organic drugstore in Norway","potentialAction":[{"@type":"SearchAction","target":{"@type":"EntryPoint","urlTemplate":"https:\/\/pitaya.no\/?s={search_term_string}"},"query-input":"required name=search_term_string"}],"inLanguage":"en-GB"}]}},"_links":{"self":[{"href":"https:\/\/pitaya.no\/en\/wp-json\/wp\/v2\/product\/4256"}],"collection":[{"href":"https:\/\/pitaya.no\/en\/wp-json\/wp\/v2\/product"}],"about":[{"href":"https:\/\/pitaya.no\/en\/wp-json\/wp\/v2\/types\/product"}],"wp:featuredmedia":[{"embeddable":true,"href":"https:\/\/pitaya.no\/en\/wp-json\/wp\/v2\/media\/6691"}],"wp:attachment":[{"href":"https:\/\/pitaya.no\/en\/wp-json\/wp\/v2\/media?parent=4256"}],"wp:term":[{"taxonomy":"product_cat","embeddable":true,"href":"https:\/\/pitaya.no\/en\/wp-json\/wp\/v2\/product_cat?post=4256"},{"taxonomy":"product_tag","embeddable":true,"href":"https:\/\/pitaya.no\/en\/wp-json\/wp\/v2\/product_tag?post=4256"},{"taxonomy":"berocket_brand","embeddable":true,"href":"https:\/\/pitaya.no\/en\/wp-json\/wp\/v2\/berocket_brand?post=4256"}],"curies":[{"name":"wp","href":"https:\/\/api.w.org\/{rel}","templated":true}]}}