{"id":4246,"date":"2023-10-05T09:28:01","date_gmt":"2023-10-05T09:28:01","guid":{"rendered":"https:\/\/pitaya.no\/?post_type=product&#038;p=4246"},"modified":"2026-02-21T17:07:36","modified_gmt":"2026-02-21T17:07:36","slug":"humektantowa-piwonia-odzywka-do-kazdej-porowatosci-wlosow-200-ml-anwen","status":"publish","type":"product","link":"https:\/\/pitaya.no\/en\/product\/humektantowa-piwonia-odzywka-do-kazdej-porowatosci-wlosow-200-ml-anwen\/","title":{"rendered":"HUMECTANT PEONY conditioner for all hair porosity, 200 ml \u2013 ANWEN"},"content":{"rendered":"<h1>HUMECTANT PEONY conditioner for all hair porosity, 200 ml \u2013 ANWEN<\/h1>\n<p data-start=\"225\" data-end=\"390\">Discover the power <strong data-start=\"236\" data-end=\"269\">up to 9 moisturizing ingredients<\/strong>which effectively bind and retain water inside the hair, providing it with long-lasting hydration, elasticity and shine.<\/p>\n<p data-start=\"392\" data-end=\"784\"><strong data-start=\"392\" data-end=\"434\">Trehalose, fructose, inulin and urea<\/strong> They act as natural moisture magnets \u2013 they attract water molecules and hold them in the hair structure, preventing dryness.<br data-start=\"568\" data-end=\"571\" \/><strong data-start=\"571\" data-end=\"597\">DayMoist CLR\u2122 Complex<\/strong>, based on hydrolyzed corn starch and beet root extract, supports natural moisturizing factors (NMF), providing <strong data-start=\"735\" data-end=\"781\">immediate deep moisturizing effect<\/strong>.<\/p>\n<p data-start=\"786\" data-end=\"1106\">The formula has been enriched with <strong data-start=\"815\" data-end=\"862\">royal jelly, honey derivative and panthenol<\/strong>which intensively regenerate, nourish and restore the hair&#039;s natural shine.<br data-start=\"946\" data-end=\"949\" \/><strong data-start=\"949\" data-end=\"982\">Peony and pear extracts<\/strong>, rich in vitamins and antioxidants, enhance the care effect and give the hair exceptional softness and a healthy appearance.<\/p>\n<p data-start=\"1108\" data-end=\"1198\"><strong data-start=\"1111\" data-end=\"1121\">Effect:<\/strong> hair soft, smooth, flexible and shiny after the first use.<\/p>\n<h3 data-start=\"1205\" data-end=\"1226\"><strong data-start=\"1209\" data-end=\"1226\">How to use<\/strong><\/h3>\n<p data-start=\"1227\" data-end=\"1467\">Apply conditioner to wet hair after washing. Comb evenly, wait 3\u20135 minutes, then rinse thoroughly.<br data-start=\"1338\" data-end=\"1341\" \/>Use alternately with <strong data-start=\"1362\" data-end=\"1384\">Protein Supplement<\/strong> and <strong data-start=\"1387\" data-end=\"1410\">Emollient Conditioner<\/strong>, adapting care to the current needs of the hair.<\/p>\n<p><strong>INCI:<\/strong><\/p>\n<p>Ingredients: Aqua, Cetearyl Alcohol, Trehalose, Behentrymonium Chloride, Starch Hydroxypropyltrimonium Chloride, Fructose, Inulin, Royal Jelly, Hydrolyzed Corn Starch, Beta Vulgaris Root Extract, Paeonia Officinalis Flower Extract, Pyrus Communis Fruit Extract, Caesalpinia Spinosa Gum, Hydroxypropyltrimonium Honey, Panthenol, Sodium Lactate, Lactic Acid, Urea, Citric Acid, Glycerin, Phenoxyethanol, Sorbic Acid, Benzoic Acid, Dehydroacetic Acid, Parfum.<\/p>\n<p>&nbsp;<\/p>","protected":false},"excerpt":{"rendered":"<p>Do you have dry, dull, and rough hair? Humectant Peony will moisturize it and leave it shiny, smooth, and bouncy.<\/p>\n<p>The conditioner contains as many as 9 substances that effectively moisturize and retain water inside the hair.\u00a0<strong>Trehalose, fructose, inulin and urea<\/strong>\u00a0These natural substances attract water molecules like a magnet and maintain proper hair hydration. DayMoist CLR\u2122, a complex of plant-based active ingredients based on hydrolyzed corn starch and beet root extract, strongly supports natural moisturizing factors (NMF), providing immediate and deep hydration.<\/p>\n<p><strong>Royal jelly<\/strong>,\u00a0<strong>honey derivative and panthenol<\/strong>\u00a0Additionally, they nourish and regenerate, helping hair regain its natural shine. Rich in vitamins and antioxidants.\u00a0<strong>peony and pear extracts\u00a0<\/strong>support the moisturizing effect.<\/p>\n<p><strong>Capacity: 200 ml<\/strong><\/p>\n<p>&nbsp;<\/p>\n<p>&nbsp;<\/p>\n<p>&nbsp;<\/p>","protected":false},"featured_media":6694,"template":"","meta":{"_themeisle_gutenberg_block_has_review":false},"product_cat":[315,318,320],"product_tag":[373,345,346,382,343],"berocket_brand":[275],"yoast_head":"<!-- This site is optimized with the Yoast SEO Premium plugin v21.2 (Yoast SEO v21.5) - https:\/\/yoast.com\/wordpress\/plugins\/seo\/ -->\n<title>HUMEKTANTOWA PIWONIA od\u017cywka do ka\u017cdej porowato\u015bci w\u0142os\u00f3w, 200 ml - ANWEN<\/title>\n<meta name=\"description\" content=\"Intensywnie nawil\u017caj\u0105ca od\u017cywka do w\u0142os\u00f3w z kompleksem DayMoist CLR\u2122, mleczkiem pszczelim i ekstraktami z piwonii i gruszki.\" \/>\n<meta name=\"robots\" content=\"index, follow, max-snippet:-1, max-image-preview:large, max-video-preview:-1\" \/>\n<link rel=\"canonical\" href=\"https:\/\/pitaya.no\/en\/product\/humektantowa-piwonia-odzywka-do-kazdej-porowatosci-wlosow-200-ml-anwen\/\" \/>\n<meta property=\"og:locale\" content=\"en_GB\" \/>\n<meta property=\"og:type\" content=\"article\" \/>\n<meta property=\"og:title\" content=\"HUMEKTANTOWA PIWONIA od\u017cywka do ka\u017cdej porowato\u015bci w\u0142os\u00f3w, 200 ml - ANWEN\" \/>\n<meta property=\"og:description\" content=\"Intensywnie nawil\u017caj\u0105ca od\u017cywka do w\u0142os\u00f3w z kompleksem DayMoist CLR\u2122, mleczkiem pszczelim i ekstraktami z piwonii i gruszki.\" \/>\n<meta property=\"og:url\" content=\"https:\/\/pitaya.no\/en\/product\/humektantowa-piwonia-odzywka-do-kazdej-porowatosci-wlosow-200-ml-anwen\/\" \/>\n<meta property=\"og:site_name\" content=\"Pitaya.no\" \/>\n<meta property=\"article:publisher\" content=\"https:\/\/www.facebook.com\/Pitaya.no\" \/>\n<meta property=\"article:modified_time\" content=\"2026-02-21T17:07:36+00:00\" \/>\n<meta property=\"og:image\" content=\"https:\/\/pitaya.no\/wp-content\/uploads\/2023\/10\/20250606_Akkkknwen_1200-62.jpg\" \/>\n\t<meta property=\"og:image:width\" content=\"1840\" \/>\n\t<meta property=\"og:image:height\" content=\"1840\" \/>\n\t<meta property=\"og:image:type\" content=\"image\/jpeg\" \/>\n<meta name=\"twitter:card\" content=\"summary_large_image\" \/>\n<meta name=\"twitter:label1\" content=\"Estimated reading time\" \/>\n\t<meta name=\"twitter:data1\" content=\"2 minutes\" \/>\n<script type=\"application\/ld+json\" class=\"yoast-schema-graph\">{\"@context\":\"https:\/\/schema.org\",\"@graph\":[{\"@type\":\"WebPage\",\"@id\":\"https:\/\/pitaya.no\/produkt\/humektantowa-piwonia-odzywka-do-kazdej-porowatosci-wlosow-200-ml-anwen\/\",\"url\":\"https:\/\/pitaya.no\/produkt\/humektantowa-piwonia-odzywka-do-kazdej-porowatosci-wlosow-200-ml-anwen\/\",\"name\":\"HUMEKTANTOWA PIWONIA od\u017cywka do ka\u017cdej porowato\u015bci w\u0142os\u00f3w, 200 ml - ANWEN\",\"isPartOf\":{\"@id\":\"https:\/\/pitaya.no\/#website\"},\"datePublished\":\"2023-10-05T09:28:01+00:00\",\"dateModified\":\"2026-02-21T17:07:36+00:00\",\"description\":\"Intensywnie nawil\u017caj\u0105ca od\u017cywka do w\u0142os\u00f3w z kompleksem DayMoist CLR\u2122, mleczkiem pszczelim i ekstraktami z piwonii i gruszki.\",\"breadcrumb\":{\"@id\":\"https:\/\/pitaya.no\/produkt\/humektantowa-piwonia-odzywka-do-kazdej-porowatosci-wlosow-200-ml-anwen\/#breadcrumb\"},\"inLanguage\":\"en-GB\",\"potentialAction\":[{\"@type\":\"ReadAction\",\"target\":[\"https:\/\/pitaya.no\/produkt\/humektantowa-piwonia-odzywka-do-kazdej-porowatosci-wlosow-200-ml-anwen\/\"]}]},{\"@type\":\"BreadcrumbList\",\"@id\":\"https:\/\/pitaya.no\/produkt\/humektantowa-piwonia-odzywka-do-kazdej-porowatosci-wlosow-200-ml-anwen\/#breadcrumb\",\"itemListElement\":[{\"@type\":\"ListItem\",\"position\":1,\"name\":\"Strona g\u0142\u00f3wna\",\"item\":\"https:\/\/pitaya.no\/\"},{\"@type\":\"ListItem\",\"position\":2,\"name\":\"Sklep\",\"item\":\"https:\/\/pitaya.no\/sklep\/\"},{\"@type\":\"ListItem\",\"position\":3,\"name\":\"HUMEKTANTOWA PIWONIA od\u017cywka do ka\u017cdej porowato\u015bci w\u0142os\u00f3w, 200 ml &#8211; ANWEN\"}]},{\"@type\":\"WebSite\",\"@id\":\"https:\/\/pitaya.no\/#website\",\"url\":\"https:\/\/pitaya.no\/\",\"name\":\"Pitaya.no\",\"description\":\"Polska drogeria ekologiczna w Norwegii\",\"potentialAction\":[{\"@type\":\"SearchAction\",\"target\":{\"@type\":\"EntryPoint\",\"urlTemplate\":\"https:\/\/pitaya.no\/?s={search_term_string}\"},\"query-input\":\"required name=search_term_string\"}],\"inLanguage\":\"en-GB\"}]}<\/script>\n<!-- \/ Yoast SEO Premium plugin. -->","yoast_head_json":{"title":"HUMECTANT PEONY conditioner for all hair porosity, 200 ml - ANWEN","description":"Intensywnie nawil\u017caj\u0105ca od\u017cywka do w\u0142os\u00f3w z kompleksem DayMoist CLR\u2122, mleczkiem pszczelim i ekstraktami z piwonii i gruszki.","robots":{"index":"index","follow":"follow","max-snippet":"max-snippet:-1","max-image-preview":"max-image-preview:large","max-video-preview":"max-video-preview:-1"},"canonical":"https:\/\/pitaya.no\/en\/product\/humektantowa-piwonia-odzywka-do-kazdej-porowatosci-wlosow-200-ml-anwen\/","og_locale":"en_GB","og_type":"article","og_title":"HUMEKTANTOWA PIWONIA od\u017cywka do ka\u017cdej porowato\u015bci w\u0142os\u00f3w, 200 ml - ANWEN","og_description":"Intensywnie nawil\u017caj\u0105ca od\u017cywka do w\u0142os\u00f3w z kompleksem DayMoist CLR\u2122, mleczkiem pszczelim i ekstraktami z piwonii i gruszki.","og_url":"https:\/\/pitaya.no\/en\/product\/humektantowa-piwonia-odzywka-do-kazdej-porowatosci-wlosow-200-ml-anwen\/","og_site_name":"Pitaya.no","article_publisher":"https:\/\/www.facebook.com\/Pitaya.no","article_modified_time":"2026-02-21T17:07:36+00:00","og_image":[{"width":1840,"height":1840,"url":"https:\/\/pitaya.no\/wp-content\/uploads\/2023\/10\/20250606_Akkkknwen_1200-62.jpg","type":"image\/jpeg"}],"twitter_card":"summary_large_image","twitter_misc":{"Estimated reading time":"2 minutes"},"schema":{"@context":"https:\/\/schema.org","@graph":[{"@type":"WebPage","@id":"https:\/\/pitaya.no\/produkt\/humektantowa-piwonia-odzywka-do-kazdej-porowatosci-wlosow-200-ml-anwen\/","url":"https:\/\/pitaya.no\/produkt\/humektantowa-piwonia-odzywka-do-kazdej-porowatosci-wlosow-200-ml-anwen\/","name":"HUMECTANT PEONY conditioner for all hair porosity, 200 ml - ANWEN","isPartOf":{"@id":"https:\/\/pitaya.no\/#website"},"datePublished":"2023-10-05T09:28:01+00:00","dateModified":"2026-02-21T17:07:36+00:00","description":"Intensywnie nawil\u017caj\u0105ca od\u017cywka do w\u0142os\u00f3w z kompleksem DayMoist CLR\u2122, mleczkiem pszczelim i ekstraktami z piwonii i gruszki.","breadcrumb":{"@id":"https:\/\/pitaya.no\/produkt\/humektantowa-piwonia-odzywka-do-kazdej-porowatosci-wlosow-200-ml-anwen\/#breadcrumb"},"inLanguage":"en-GB","potentialAction":[{"@type":"ReadAction","target":["https:\/\/pitaya.no\/produkt\/humektantowa-piwonia-odzywka-do-kazdej-porowatosci-wlosow-200-ml-anwen\/"]}]},{"@type":"BreadcrumbList","@id":"https:\/\/pitaya.no\/produkt\/humektantowa-piwonia-odzywka-do-kazdej-porowatosci-wlosow-200-ml-anwen\/#breadcrumb","itemListElement":[{"@type":"ListItem","position":1,"name":"Strona g\u0142\u00f3wna","item":"https:\/\/pitaya.no\/"},{"@type":"ListItem","position":2,"name":"Sklep","item":"https:\/\/pitaya.no\/sklep\/"},{"@type":"ListItem","position":3,"name":"HUMEKTANTOWA PIWONIA od\u017cywka do ka\u017cdej porowato\u015bci w\u0142os\u00f3w, 200 ml &#8211; ANWEN"}]},{"@type":"WebSite","@id":"https:\/\/pitaya.no\/#website","url":"https:\/\/pitaya.no\/","name":"Pitaya.no","description":"Polish organic drugstore in Norway","potentialAction":[{"@type":"SearchAction","target":{"@type":"EntryPoint","urlTemplate":"https:\/\/pitaya.no\/?s={search_term_string}"},"query-input":"required name=search_term_string"}],"inLanguage":"en-GB"}]}},"_links":{"self":[{"href":"https:\/\/pitaya.no\/en\/wp-json\/wp\/v2\/product\/4246"}],"collection":[{"href":"https:\/\/pitaya.no\/en\/wp-json\/wp\/v2\/product"}],"about":[{"href":"https:\/\/pitaya.no\/en\/wp-json\/wp\/v2\/types\/product"}],"wp:featuredmedia":[{"embeddable":true,"href":"https:\/\/pitaya.no\/en\/wp-json\/wp\/v2\/media\/6694"}],"wp:attachment":[{"href":"https:\/\/pitaya.no\/en\/wp-json\/wp\/v2\/media?parent=4246"}],"wp:term":[{"taxonomy":"product_cat","embeddable":true,"href":"https:\/\/pitaya.no\/en\/wp-json\/wp\/v2\/product_cat?post=4246"},{"taxonomy":"product_tag","embeddable":true,"href":"https:\/\/pitaya.no\/en\/wp-json\/wp\/v2\/product_tag?post=4246"},{"taxonomy":"berocket_brand","embeddable":true,"href":"https:\/\/pitaya.no\/en\/wp-json\/wp\/v2\/berocket_brand?post=4246"}],"curies":[{"name":"wp","href":"https:\/\/api.w.org\/{rel}","templated":true}]}}