{"id":4236,"date":"2023-10-05T08:34:06","date_gmt":"2023-10-05T08:34:06","guid":{"rendered":"https:\/\/pitaya.no\/?post_type=product&#038;p=4236"},"modified":"2026-02-21T17:07:36","modified_gmt":"2026-02-21T17:07:36","slug":"proteinowa-magnolia-odzywka-do-wlosow-o-sredniej-porowatosci-200-ml-anwen-kopia","status":"publish","type":"product","link":"https:\/\/pitaya.no\/en\/product\/proteinowa-magnolia-odzywka-do-wlosow-o-sredniej-porowatosci-200-ml-anwen-kopia\/","title":{"rendered":"PROTEIN MAGNOLIA conditioner for medium porosity hair 200 ml \u2013 ANWEN"},"content":{"rendered":"<div class=\"flex-1 overflow-hidden\">\n<div class=\"react-scroll-to-bottom--css-nltng-79elbk h-full dark:bg-gray-800\">\n<div class=\"react-scroll-to-bottom--css-nltng-1n7m0yu\">\n<div class=\"flex flex-col text-sm dark:bg-gray-800\">\n<div class=\"group w-full text-token-text-primary border-b border-black\/10 gizmo:border-0 dark:border-gray-900\/50 gizmo:dark:border-0 bg-gray-50 gizmo:bg-transparent dark:bg-[#444654] gizmo:dark:bg-transparent\" data-testid=\"conversation-turn-11\">\n<div class=\"p-4 justify-center text-base md:gap-6 md:py-6 m-auto\">\n<div class=\"flex flex-1 gap-4 text-base mx-auto md:gap-6 gizmo:gap-3 gizmo:md:px-5 gizmo:lg:px-1 gizmo:xl:px-5 md:max-w-2xl lg:max-w-[38rem] gizmo:md:max-w-3xl gizmo:lg:max-w-[40rem] gizmo:xl:max-w-[48rem] xl:max-w-3xl }\">\n<div class=\"relative flex w-[calc(100%-50px)] flex-col gap-1 gizmo:w-full md:gap-3 lg:w-[calc(100%-115px)] agent-turn\">\n<div class=\"flex flex-grow flex-col gap-3 max-w-full\">\n<div class=\"min-h-[20px] flex flex-col items-start gap-3 whitespace-pre-wrap break-words overflow-x-auto\">\n<div class=\"markdown prose w-full break-words dark:prose-invert light\">\n<h1 data-start=\"236\" data-end=\"510\">PROTEINOWA MAGNOLIA od\u017cywka do w\u0142os\u00f3w o \u015bredniej porowato\u015bci 200 ml &#8211; ANWEN<\/h1>\n<p data-start=\"236\" data-end=\"510\">Twoje w\u0142osy s\u0105 \u0142amliwe, pozbawione \u017cycia i obj\u0119to\u015bci? To znak, \u017ce potrzebuj\u0105 solidnej dawki protein!\u00a0<br data-start=\"339\" data-end=\"342\" \/>Od\u017cywka <strong data-start=\"350\" data-end=\"373\">Proteinowa Magnolia<\/strong> od <strong data-start=\"377\" data-end=\"386\">Anwen<\/strong> zosta\u0142a stworzona specjalnie z my\u015bl\u0105 o w\u0142osach <strong data-start=\"434\" data-end=\"455\">\u015brednioporowatych<\/strong>, kt\u00f3re wymagaj\u0105 odbudowy, wzmocnienia i wyg\u0142adzenia.<\/p>\n<h3 data-start=\"512\" data-end=\"542\">\u00a0Regeneracja i odbudowa<\/h3>\n<p data-start=\"543\" data-end=\"693\">Formu\u0142a od\u017cywki zawiera <strong data-start=\"567\" data-end=\"617\">kompleks protein o r\u00f3\u017cnej wielko\u015bci cz\u0105steczek<\/strong>, kt\u00f3re skutecznie wnikaj\u0105 we w\u0142osy i uzupe\u0142niaj\u0105 ubytki w ich strukturze:<\/p>\n<ul data-start=\"694\" data-end=\"1025\">\n<li data-start=\"694\" data-end=\"813\">\n<p data-start=\"696\" data-end=\"813\"><strong data-start=\"696\" data-end=\"722\">Hydrolizowana keratyna<\/strong> \u2013 idealna dla w\u0142os\u00f3w \u015brednioporowatych, odbudowuje zniszczenia i przywraca elastyczno\u015b\u0107.<\/p>\n<\/li>\n<li data-start=\"814\" data-end=\"922\">\n<p data-start=\"816\" data-end=\"922\"><strong data-start=\"816\" data-end=\"846\">Proteiny mleczne (1000 Da)<\/strong> \u2013 regeneruj\u0105 w\u0142osy od wewn\u0105trz, wzmacniaj\u0105c je i zapobiegaj\u0105c \u0142amliwo\u015bci.<\/p>\n<\/li>\n<li data-start=\"923\" data-end=\"1025\">\n<p data-start=\"925\" data-end=\"1025\"><strong data-start=\"925\" data-end=\"954\">Proteiny z owsa (1000 Da)<\/strong> \u2013 dog\u0142\u0119bnie nawil\u017caj\u0105 dzi\u0119ki zawarto\u015bci naturalnych oligosacharyd\u00f3w.<\/p>\n<\/li>\n<\/ul>\n<h3 data-start=\"1027\" data-end=\"1039\">Efekt<\/h3>\n<p data-start=\"1040\" data-end=\"1091\">Regularne stosowanie sprawia, \u017ce w\u0142osy staj\u0105 si\u0119:<\/p>\n<ul data-start=\"1092\" data-end=\"1236\">\n<li data-start=\"1092\" data-end=\"1117\">\n<p data-start=\"1094\" data-end=\"1117\">g\u0142adkie i b\u0142yszcz\u0105ce,<\/p>\n<\/li>\n<li data-start=\"1118\" data-end=\"1151\">\n<p data-start=\"1120\" data-end=\"1151\">mniej podatne na uszkodzenia,<\/p>\n<\/li>\n<li data-start=\"1152\" data-end=\"1184\">\n<p data-start=\"1154\" data-end=\"1184\">przyjemnie mi\u0119kkie w dotyku,<\/p>\n<\/li>\n<li data-start=\"1185\" data-end=\"1236\">\n<p data-start=\"1187\" data-end=\"1236\">\u0142atwiejsze w rozczesywaniu i mniej pusz\u0105ce si\u0119.<\/p>\n<\/li>\n<\/ul>\n<h3 data-start=\"1238\" data-end=\"1279\">\u00a0Zapach i przyjemno\u015b\u0107 stosowania<\/h3>\n<p data-start=\"1280\" data-end=\"1379\">Subtelny, kwiatowy aromat <strong data-start=\"1306\" data-end=\"1318\">magnolii<\/strong> zamienia codzienn\u0105 piel\u0119gnacj\u0119 w relaksuj\u0105ce, w\u0142osowe SPA.<\/p>\n<h3 data-start=\"1381\" data-end=\"1404\">R\u00f3wnowaga PEH<\/h3>\n<p data-start=\"1405\" data-end=\"1518\">Zadbaj o idealn\u0105 r\u00f3wnowag\u0119 protein, emolient\u00f3w i humektant\u00f3w!<br data-start=\"1466\" data-end=\"1469\" \/>Stosuj od\u017cywk\u0119 <strong data-start=\"1484\" data-end=\"1507\">Proteinow\u0105 Magnoli\u0119<\/strong> razem z:<\/p>\n<p data-start=\"1521\" data-end=\"1547\"><strong data-start=\"1521\" data-end=\"1544\">Emolientowym Irysem<\/strong>,<\/p>\n<p><strong data-start=\"1550\" data-end=\"1571\">Nawil\u017caj\u0105cym Bzem<\/strong> \u2014 dla pe\u0142nej, \u015bwiadomej piel\u0119gnacji w\u0142os\u00f3w \u015brednioporowatych.<\/p>\n<p><strong>Spos\u00f3b u\u017cycia:<\/strong> Na\u0142\u00f3\u017c od\u017cywk\u0119 na umyte i wilgotne w\u0142osy. Pozostaw na w\u0142osach na kilka minut, a nast\u0119pnie sp\u0142ucz wod\u0105. Stosuj na przemian z pozosta\u0142ymi od\u017cywkami Anwen: Nawil\u017caj\u0105c\u0105 i Emolientow\u0105, w zale\u017cno\u015bci od potrzeb Twoich w\u0142os\u00f3w.<\/p>\n<p><strong>Sk\u0142adniki INCI\/Ingredients:<\/strong> Aqua, Cetearyl Alcohol, Behentrimonium Chloride, PPG-3 Benzyl Ether Myristate, Hydrolyzed Milk Protein, Hydrolyzed Oats, Hydrolyzed Keratin, Cetrimonium Chloride, Starch Hydroxypropyltrimonium Chloride, Phenoxyethanol, Benzoic Acid, Dehydroacetic Acid, Parfum.<\/p>\n<\/div>\n<\/div>\n<\/div>\n<\/div>\n<\/div>\n<\/div>\n<\/div>\n<p>&nbsp;<\/p>\n<\/div>\n<\/div>\n<\/div>\n<\/div>\n","protected":false},"excerpt":{"rendered":"<p>Is your hair brittle, dull, and lifeless? It&#039;s a sign it&#039;s lacking protein! Anwen conditioner contains the right blend of proteins.<\/p>\n<p>Conditioner pH: 4<\/p>\n<p>The tubes of our conditioners and night masks are made of PCR \u2013 a recycled material.<\/p>\n<p><strong>93 % ingredients of natural origin<\/strong><\/p>\n<p><strong>Capacity 200 ml<\/strong><\/p>","protected":false},"featured_media":6696,"template":"","meta":{"_themeisle_gutenberg_block_has_review":false},"product_cat":[315,318,319],"product_tag":[373,343,336,337,368],"berocket_brand":[275],"yoast_head":"<!-- This site is optimized with the Yoast SEO Premium plugin v21.2 (Yoast SEO v21.5) - https:\/\/yoast.com\/wordpress\/plugins\/seo\/ -->\n<title>PROTEINOWA MAGNOLIA od\u017cywka do w\u0142os\u00f3w o \u015bredniej porowato\u015bci 200 ml - ANWEN<\/title>\n<meta name=\"description\" content=\"Twoje w\u0142osy s\u0105 \u0142amliwe, \u201esm\u0119tne\u201d i bez \u017cycia? To znak, \u017ce brakuje im protein! Od\u017cywka Anwen w swoim sk\u0142adzie zawiera odpowiedni\u0105 kompozycj\u0119 protein.\" \/>\n<meta name=\"robots\" content=\"index, follow, max-snippet:-1, max-image-preview:large, max-video-preview:-1\" \/>\n<link rel=\"canonical\" href=\"https:\/\/pitaya.no\/en\/product\/proteinowa-magnolia-odzywka-do-wlosow-o-sredniej-porowatosci-200-ml-anwen-kopia\/\" \/>\n<meta property=\"og:locale\" content=\"en_GB\" \/>\n<meta property=\"og:type\" content=\"article\" \/>\n<meta property=\"og:title\" content=\"PROTEINOWA MAGNOLIA od\u017cywka do w\u0142os\u00f3w o \u015bredniej porowato\u015bci 200 ml - ANWEN\" \/>\n<meta property=\"og:description\" content=\"Twoje w\u0142osy s\u0105 \u0142amliwe, \u201esm\u0119tne\u201d i bez \u017cycia? To znak, \u017ce brakuje im protein! Od\u017cywka Anwen w swoim sk\u0142adzie zawiera odpowiedni\u0105 kompozycj\u0119 protein.\" \/>\n<meta property=\"og:url\" content=\"https:\/\/pitaya.no\/en\/product\/proteinowa-magnolia-odzywka-do-wlosow-o-sredniej-porowatosci-200-ml-anwen-kopia\/\" \/>\n<meta property=\"og:site_name\" content=\"Pitaya.no\" \/>\n<meta property=\"article:publisher\" content=\"https:\/\/www.facebook.com\/Pitaya.no\" \/>\n<meta property=\"article:modified_time\" content=\"2026-02-21T17:07:36+00:00\" \/>\n<meta property=\"og:image\" content=\"https:\/\/pitaya.no\/wp-content\/uploads\/2023\/10\/2025060ddd6_Anwen_1200-69.jpg\" \/>\n\t<meta property=\"og:image:width\" content=\"1840\" \/>\n\t<meta property=\"og:image:height\" content=\"1840\" \/>\n\t<meta property=\"og:image:type\" content=\"image\/jpeg\" \/>\n<meta name=\"twitter:card\" content=\"summary_large_image\" \/>\n<meta name=\"twitter:label1\" content=\"Estimated reading time\" \/>\n\t<meta name=\"twitter:data1\" content=\"2 minutes\" \/>\n<script type=\"application\/ld+json\" class=\"yoast-schema-graph\">{\"@context\":\"https:\/\/schema.org\",\"@graph\":[{\"@type\":\"WebPage\",\"@id\":\"https:\/\/pitaya.no\/produkt\/proteinowa-magnolia-odzywka-do-wlosow-o-sredniej-porowatosci-200-ml-anwen-kopia\/\",\"url\":\"https:\/\/pitaya.no\/produkt\/proteinowa-magnolia-odzywka-do-wlosow-o-sredniej-porowatosci-200-ml-anwen-kopia\/\",\"name\":\"PROTEINOWA MAGNOLIA od\u017cywka do w\u0142os\u00f3w o \u015bredniej porowato\u015bci 200 ml - ANWEN\",\"isPartOf\":{\"@id\":\"https:\/\/pitaya.no\/#website\"},\"datePublished\":\"2023-10-05T08:34:06+00:00\",\"dateModified\":\"2026-02-21T17:07:36+00:00\",\"description\":\"Twoje w\u0142osy s\u0105 \u0142amliwe, \u201esm\u0119tne\u201d i bez \u017cycia? To znak, \u017ce brakuje im protein! Od\u017cywka Anwen w swoim sk\u0142adzie zawiera odpowiedni\u0105 kompozycj\u0119 protein.\",\"breadcrumb\":{\"@id\":\"https:\/\/pitaya.no\/produkt\/proteinowa-magnolia-odzywka-do-wlosow-o-sredniej-porowatosci-200-ml-anwen-kopia\/#breadcrumb\"},\"inLanguage\":\"en-GB\",\"potentialAction\":[{\"@type\":\"ReadAction\",\"target\":[\"https:\/\/pitaya.no\/produkt\/proteinowa-magnolia-odzywka-do-wlosow-o-sredniej-porowatosci-200-ml-anwen-kopia\/\"]}]},{\"@type\":\"BreadcrumbList\",\"@id\":\"https:\/\/pitaya.no\/produkt\/proteinowa-magnolia-odzywka-do-wlosow-o-sredniej-porowatosci-200-ml-anwen-kopia\/#breadcrumb\",\"itemListElement\":[{\"@type\":\"ListItem\",\"position\":1,\"name\":\"Strona g\u0142\u00f3wna\",\"item\":\"https:\/\/pitaya.no\/\"},{\"@type\":\"ListItem\",\"position\":2,\"name\":\"Sklep\",\"item\":\"https:\/\/pitaya.no\/sklep\/\"},{\"@type\":\"ListItem\",\"position\":3,\"name\":\"PROTEINOWA MAGNOLIA od\u017cywka do w\u0142os\u00f3w o \u015bredniej porowato\u015bci 200 ml &#8211; ANWEN\"}]},{\"@type\":\"WebSite\",\"@id\":\"https:\/\/pitaya.no\/#website\",\"url\":\"https:\/\/pitaya.no\/\",\"name\":\"Pitaya.no\",\"description\":\"Polska drogeria ekologiczna w Norwegii\",\"potentialAction\":[{\"@type\":\"SearchAction\",\"target\":{\"@type\":\"EntryPoint\",\"urlTemplate\":\"https:\/\/pitaya.no\/?s={search_term_string}\"},\"query-input\":\"required name=search_term_string\"}],\"inLanguage\":\"en-GB\"}]}<\/script>\n<!-- \/ Yoast SEO Premium plugin. -->","yoast_head_json":{"title":"PROTEIN MAGNOLIA conditioner for medium porosity hair 200 ml - ANWEN","description":"Is your hair brittle, dull, and lifeless? It&#039;s a sign it&#039;s lacking protein! Anwen conditioner contains the right blend of proteins.","robots":{"index":"index","follow":"follow","max-snippet":"max-snippet:-1","max-image-preview":"max-image-preview:large","max-video-preview":"max-video-preview:-1"},"canonical":"https:\/\/pitaya.no\/en\/product\/proteinowa-magnolia-odzywka-do-wlosow-o-sredniej-porowatosci-200-ml-anwen-kopia\/","og_locale":"en_GB","og_type":"article","og_title":"PROTEINOWA MAGNOLIA od\u017cywka do w\u0142os\u00f3w o \u015bredniej porowato\u015bci 200 ml - ANWEN","og_description":"Twoje w\u0142osy s\u0105 \u0142amliwe, \u201esm\u0119tne\u201d i bez \u017cycia? To znak, \u017ce brakuje im protein! Od\u017cywka Anwen w swoim sk\u0142adzie zawiera odpowiedni\u0105 kompozycj\u0119 protein.","og_url":"https:\/\/pitaya.no\/en\/product\/proteinowa-magnolia-odzywka-do-wlosow-o-sredniej-porowatosci-200-ml-anwen-kopia\/","og_site_name":"Pitaya.no","article_publisher":"https:\/\/www.facebook.com\/Pitaya.no","article_modified_time":"2026-02-21T17:07:36+00:00","og_image":[{"width":1840,"height":1840,"url":"https:\/\/pitaya.no\/wp-content\/uploads\/2023\/10\/2025060ddd6_Anwen_1200-69.jpg","type":"image\/jpeg"}],"twitter_card":"summary_large_image","twitter_misc":{"Estimated reading time":"2 minutes"},"schema":{"@context":"https:\/\/schema.org","@graph":[{"@type":"WebPage","@id":"https:\/\/pitaya.no\/produkt\/proteinowa-magnolia-odzywka-do-wlosow-o-sredniej-porowatosci-200-ml-anwen-kopia\/","url":"https:\/\/pitaya.no\/produkt\/proteinowa-magnolia-odzywka-do-wlosow-o-sredniej-porowatosci-200-ml-anwen-kopia\/","name":"PROTEIN MAGNOLIA conditioner for medium porosity hair 200 ml - ANWEN","isPartOf":{"@id":"https:\/\/pitaya.no\/#website"},"datePublished":"2023-10-05T08:34:06+00:00","dateModified":"2026-02-21T17:07:36+00:00","description":"Is your hair brittle, dull, and lifeless? It&#039;s a sign it&#039;s lacking protein! Anwen conditioner contains the right blend of proteins.","breadcrumb":{"@id":"https:\/\/pitaya.no\/produkt\/proteinowa-magnolia-odzywka-do-wlosow-o-sredniej-porowatosci-200-ml-anwen-kopia\/#breadcrumb"},"inLanguage":"en-GB","potentialAction":[{"@type":"ReadAction","target":["https:\/\/pitaya.no\/produkt\/proteinowa-magnolia-odzywka-do-wlosow-o-sredniej-porowatosci-200-ml-anwen-kopia\/"]}]},{"@type":"BreadcrumbList","@id":"https:\/\/pitaya.no\/produkt\/proteinowa-magnolia-odzywka-do-wlosow-o-sredniej-porowatosci-200-ml-anwen-kopia\/#breadcrumb","itemListElement":[{"@type":"ListItem","position":1,"name":"Strona g\u0142\u00f3wna","item":"https:\/\/pitaya.no\/"},{"@type":"ListItem","position":2,"name":"Sklep","item":"https:\/\/pitaya.no\/sklep\/"},{"@type":"ListItem","position":3,"name":"PROTEINOWA MAGNOLIA od\u017cywka do w\u0142os\u00f3w o \u015bredniej porowato\u015bci 200 ml &#8211; ANWEN"}]},{"@type":"WebSite","@id":"https:\/\/pitaya.no\/#website","url":"https:\/\/pitaya.no\/","name":"Pitaya.no","description":"Polish organic drugstore in Norway","potentialAction":[{"@type":"SearchAction","target":{"@type":"EntryPoint","urlTemplate":"https:\/\/pitaya.no\/?s={search_term_string}"},"query-input":"required name=search_term_string"}],"inLanguage":"en-GB"}]}},"_links":{"self":[{"href":"https:\/\/pitaya.no\/en\/wp-json\/wp\/v2\/product\/4236"}],"collection":[{"href":"https:\/\/pitaya.no\/en\/wp-json\/wp\/v2\/product"}],"about":[{"href":"https:\/\/pitaya.no\/en\/wp-json\/wp\/v2\/types\/product"}],"wp:featuredmedia":[{"embeddable":true,"href":"https:\/\/pitaya.no\/en\/wp-json\/wp\/v2\/media\/6696"}],"wp:attachment":[{"href":"https:\/\/pitaya.no\/en\/wp-json\/wp\/v2\/media?parent=4236"}],"wp:term":[{"taxonomy":"product_cat","embeddable":true,"href":"https:\/\/pitaya.no\/en\/wp-json\/wp\/v2\/product_cat?post=4236"},{"taxonomy":"product_tag","embeddable":true,"href":"https:\/\/pitaya.no\/en\/wp-json\/wp\/v2\/product_tag?post=4236"},{"taxonomy":"berocket_brand","embeddable":true,"href":"https:\/\/pitaya.no\/en\/wp-json\/wp\/v2\/berocket_brand?post=4236"}],"curies":[{"name":"wp","href":"https:\/\/api.w.org\/{rel}","templated":true}]}}