{"id":4233,"date":"2023-10-05T08:24:21","date_gmt":"2023-10-05T08:24:21","guid":{"rendered":"https:\/\/pitaya.no\/?post_type=product&#038;p=4233"},"modified":"2026-02-21T17:07:36","modified_gmt":"2026-02-21T17:07:36","slug":"proteinowa-orchidea-odzywka-do-wlosow-o-wysokiej-porowatosci-200-ml-anwen","status":"publish","type":"product","link":"https:\/\/pitaya.no\/en\/product\/proteinowa-orchidea-odzywka-do-wlosow-o-wysokiej-porowatosci-200-ml-anwen\/","title":{"rendered":"PROTEIN ORCHID conditioner for high porosity hair 200 ml \u2013 ANWEN"},"content":{"rendered":"<h1>PROTEIN ORCHID conditioner for high porosity hair 200 ml \u2013 ANWEN<\/h1>\n<p data-start=\"224\" data-end=\"451\">Is your hair brittle, dull, and lifeless? It&#039;s a sign it needs protein! Reach for <strong data-start=\"318\" data-end=\"358\">Orchid Protein Conditioner from Anwen<\/strong>, created with hair in mind <strong data-start=\"388\" data-end=\"408\">highly porous<\/strong>, requiring regeneration and strengthening.<\/p>\n<p data-start=\"453\" data-end=\"704\">This conditioner effectively rebuilds damaged strands, restoring them <strong data-start=\"520\" data-end=\"553\">elasticity, smoothness and shine<\/strong>Thanks to perfectly selected proteins of different molecular weights, it replenishes defects in the hair structure both inside and on the surface.<\/p>\n<h4 data-start=\"711\" data-end=\"768\"><strong data-start=\"716\" data-end=\"768\">Why you will love Protein Orchid from Anwen:<\/strong><\/h4>\n<p data-start=\"770\" data-end=\"951\"><strong data-start=\"773\" data-end=\"810\">Keratin and hydrolyzed keratin<\/strong> \u2013 with a molecular weight of 50,000 Da, they perfectly fill in the gaps in the hair structure, strengthening it from the inside and smoothing it outwards.<\/p>\n<p data-start=\"770\" data-end=\"951\">\u00a0<strong data-start=\"956\" data-end=\"988\">Green pea proteins<\/strong> \u2013 with an average molecular weight of 1500 Da, they deeply penetrate the hair, moisturize it and give it elasticity.<\/p>\n<p data-start=\"1100\" data-end=\"1266\"><strong data-start=\"1103\" data-end=\"1125\">Collagen with elastin<\/strong> \u2013 they create a delicate protective film on the hair surface, retain moisture and protect against damage, giving the strands softness and shine.<\/p>\n<h4 data-start=\"1273\" data-end=\"1312\"><strong data-start=\"1278\" data-end=\"1312\">Effects of regular use:<\/strong><\/h4>\n<ul data-start=\"1313\" data-end=\"1560\">\n<li data-start=\"1313\" data-end=\"1372\">\n<p data-start=\"1315\" data-end=\"1372\">hair becomes <strong data-start=\"1331\" data-end=\"1369\">more smooth, soft and flowing<\/strong>,<\/p>\n<\/li>\n<li data-start=\"1373\" data-end=\"1421\">\n<p data-start=\"1375\" data-end=\"1421\">they recover <strong data-start=\"1385\" data-end=\"1418\">natural shine and elasticity<\/strong>,<\/p>\n<\/li>\n<li data-start=\"1422\" data-end=\"1473\">\n<p data-start=\"1424\" data-end=\"1473\">are <strong data-start=\"1427\" data-end=\"1470\">protected from external factors<\/strong>,<\/p>\n<\/li>\n<li data-start=\"1474\" data-end=\"1560\">\n<p data-start=\"1476\" data-end=\"1560\">the pleasant scent of orchids turns care into <strong data-start=\"1525\" data-end=\"1557\">home SPA for your hair<\/strong>.<\/p>\n<\/li>\n<\/ul>\n<h4 data-start=\"1567\" data-end=\"1590\"><strong>How to use:<\/strong><\/h4>\n<p data-start=\"1567\" data-end=\"1590\">Apply conditioner to washed, damp hair. Leave on for a few minutes, then rinse with water. Alternate use with other Anwen conditioners: Moisturizing and Emollient, depending on your hair&#039;s needs.<\/p>\n<div class=\"product-tab\" data-tab=\"box_sklad\">\n<div class=\"innerbox\">\n<div class=\"resetcss\">\n<p><strong>INCI\/Ingredients:<\/strong> Aqua, Cetearyl Alcohol, Behentrimonium Chloride, PPG-3 Benzyl Ether Myristate, Hydrolyzed Pea Protein, Keratin, Hydrolyzed Keratin, Collagen, Hydrolyzed Elastin, Cetrimonium Chloride, Starch Hydroxypropyltrimonium Chloride, Phenoxyethanol, Benzoic Acid, Dehydroacetic Acid, Parfum, Benzyl Salicylate, Coumarin, Limonene, Geraniol, Linalool, Hexyl Cinnamal.<\/p>\n<\/div>\n<\/div>\n<\/div>\n<p>&nbsp;<\/p>","protected":false},"excerpt":{"rendered":"<div class=\"row fx-short_desc\">\n<p>Is your hair brittle, dull, and lifeless? It&#039;s a sign it&#039;s lacking protein! Anwen Protein Orchid Conditioner contains a carefully selected blend of active ingredients essential for high porosity hair care.<\/p>\n<p>Conditioner pH: 3.8<\/p>\n<p>The tubes of conditioners and night masks are made of PCR \u2013 a recycled material.<\/p>\n<p><strong>93 percent of ingredients of natural origin<\/strong><\/p>\n<p><strong>Capacity 200 ml\u00a0<\/strong><\/p>\n<div><\/div>\n<\/div>","protected":false},"featured_media":6698,"template":"","meta":{"_themeisle_gutenberg_block_has_review":false},"product_cat":[315,318,319],"product_tag":[373,343,336,337,369],"berocket_brand":[275],"yoast_head":"<!-- This site is optimized with the Yoast SEO Premium plugin v21.2 (Yoast SEO v21.5) - https:\/\/yoast.com\/wordpress\/plugins\/seo\/ -->\n<title>PROTEINOWA ORCHIDEA od\u017cywka do w\u0142os\u00f3w o wysokiej porowato\u015bci 200 ml - ANWEN<\/title>\n<meta name=\"description\" content=\"Twoje w\u0142osy s\u0105 \u0142amliwe, \u201esm\u0119tne\u201d i bez \u017cycia? To znak, \u017ce brakuje im protein! Od\u017cywka Anwen w swoim sk\u0142adzie zawiera odpowiedni\u0105 kompozycj\u0119 protein.\" \/>\n<meta name=\"robots\" content=\"index, follow, max-snippet:-1, max-image-preview:large, max-video-preview:-1\" \/>\n<link rel=\"canonical\" href=\"https:\/\/pitaya.no\/en\/product\/proteinowa-orchidea-odzywka-do-wlosow-o-wysokiej-porowatosci-200-ml-anwen\/\" \/>\n<meta property=\"og:locale\" content=\"en_GB\" \/>\n<meta property=\"og:type\" content=\"article\" \/>\n<meta property=\"og:title\" content=\"PROTEINOWA ORCHIDEA od\u017cywka do w\u0142os\u00f3w o wysokiej porowato\u015bci 200 ml - ANWEN\" \/>\n<meta property=\"og:description\" content=\"Twoje w\u0142osy s\u0105 \u0142amliwe, \u201esm\u0119tne\u201d i bez \u017cycia? To znak, \u017ce brakuje im protein! Od\u017cywka Anwen w swoim sk\u0142adzie zawiera odpowiedni\u0105 kompozycj\u0119 protein.\" \/>\n<meta property=\"og:url\" content=\"https:\/\/pitaya.no\/en\/product\/proteinowa-orchidea-odzywka-do-wlosow-o-wysokiej-porowatosci-200-ml-anwen\/\" \/>\n<meta property=\"og:site_name\" content=\"Pitaya.no\" \/>\n<meta property=\"article:publisher\" content=\"https:\/\/www.facebook.com\/Pitaya.no\" \/>\n<meta property=\"article:modified_time\" content=\"2026-02-21T17:07:36+00:00\" \/>\n<meta property=\"og:image\" content=\"https:\/\/pitaya.no\/wp-content\/uploads\/2023\/10\/20250606_gggAnwen_1200-83.jpg\" \/>\n\t<meta property=\"og:image:width\" content=\"1840\" \/>\n\t<meta property=\"og:image:height\" content=\"1840\" \/>\n\t<meta property=\"og:image:type\" content=\"image\/jpeg\" \/>\n<meta name=\"twitter:card\" content=\"summary_large_image\" \/>\n<meta name=\"twitter:label1\" content=\"Estimated reading time\" \/>\n\t<meta name=\"twitter:data1\" content=\"2 minutes\" \/>\n<script type=\"application\/ld+json\" class=\"yoast-schema-graph\">{\"@context\":\"https:\/\/schema.org\",\"@graph\":[{\"@type\":\"WebPage\",\"@id\":\"https:\/\/pitaya.no\/produkt\/proteinowa-orchidea-odzywka-do-wlosow-o-wysokiej-porowatosci-200-ml-anwen\/\",\"url\":\"https:\/\/pitaya.no\/produkt\/proteinowa-orchidea-odzywka-do-wlosow-o-wysokiej-porowatosci-200-ml-anwen\/\",\"name\":\"PROTEINOWA ORCHIDEA od\u017cywka do w\u0142os\u00f3w o wysokiej porowato\u015bci 200 ml - ANWEN\",\"isPartOf\":{\"@id\":\"https:\/\/pitaya.no\/#website\"},\"datePublished\":\"2023-10-05T08:24:21+00:00\",\"dateModified\":\"2026-02-21T17:07:36+00:00\",\"description\":\"Twoje w\u0142osy s\u0105 \u0142amliwe, \u201esm\u0119tne\u201d i bez \u017cycia? To znak, \u017ce brakuje im protein! Od\u017cywka Anwen w swoim sk\u0142adzie zawiera odpowiedni\u0105 kompozycj\u0119 protein.\",\"breadcrumb\":{\"@id\":\"https:\/\/pitaya.no\/produkt\/proteinowa-orchidea-odzywka-do-wlosow-o-wysokiej-porowatosci-200-ml-anwen\/#breadcrumb\"},\"inLanguage\":\"en-GB\",\"potentialAction\":[{\"@type\":\"ReadAction\",\"target\":[\"https:\/\/pitaya.no\/produkt\/proteinowa-orchidea-odzywka-do-wlosow-o-wysokiej-porowatosci-200-ml-anwen\/\"]}]},{\"@type\":\"BreadcrumbList\",\"@id\":\"https:\/\/pitaya.no\/produkt\/proteinowa-orchidea-odzywka-do-wlosow-o-wysokiej-porowatosci-200-ml-anwen\/#breadcrumb\",\"itemListElement\":[{\"@type\":\"ListItem\",\"position\":1,\"name\":\"Strona g\u0142\u00f3wna\",\"item\":\"https:\/\/pitaya.no\/\"},{\"@type\":\"ListItem\",\"position\":2,\"name\":\"Sklep\",\"item\":\"https:\/\/pitaya.no\/sklep\/\"},{\"@type\":\"ListItem\",\"position\":3,\"name\":\"PROTEINOWA ORCHIDEA od\u017cywka do w\u0142os\u00f3w o wysokiej porowato\u015bci 200 ml &#8211; ANWEN\"}]},{\"@type\":\"WebSite\",\"@id\":\"https:\/\/pitaya.no\/#website\",\"url\":\"https:\/\/pitaya.no\/\",\"name\":\"Pitaya.no\",\"description\":\"Polska drogeria ekologiczna w Norwegii\",\"potentialAction\":[{\"@type\":\"SearchAction\",\"target\":{\"@type\":\"EntryPoint\",\"urlTemplate\":\"https:\/\/pitaya.no\/?s={search_term_string}\"},\"query-input\":\"required name=search_term_string\"}],\"inLanguage\":\"en-GB\"}]}<\/script>\n<!-- \/ Yoast SEO Premium plugin. -->","yoast_head_json":{"title":"PROTEIN ORCHID conditioner for high porosity hair 200 ml - ANWEN","description":"Is your hair brittle, dull, and lifeless? It&#039;s a sign it&#039;s lacking protein! Anwen conditioner contains the right blend of proteins.","robots":{"index":"index","follow":"follow","max-snippet":"max-snippet:-1","max-image-preview":"max-image-preview:large","max-video-preview":"max-video-preview:-1"},"canonical":"https:\/\/pitaya.no\/en\/product\/proteinowa-orchidea-odzywka-do-wlosow-o-wysokiej-porowatosci-200-ml-anwen\/","og_locale":"en_GB","og_type":"article","og_title":"PROTEINOWA ORCHIDEA od\u017cywka do w\u0142os\u00f3w o wysokiej porowato\u015bci 200 ml - ANWEN","og_description":"Twoje w\u0142osy s\u0105 \u0142amliwe, \u201esm\u0119tne\u201d i bez \u017cycia? To znak, \u017ce brakuje im protein! Od\u017cywka Anwen w swoim sk\u0142adzie zawiera odpowiedni\u0105 kompozycj\u0119 protein.","og_url":"https:\/\/pitaya.no\/en\/product\/proteinowa-orchidea-odzywka-do-wlosow-o-wysokiej-porowatosci-200-ml-anwen\/","og_site_name":"Pitaya.no","article_publisher":"https:\/\/www.facebook.com\/Pitaya.no","article_modified_time":"2026-02-21T17:07:36+00:00","og_image":[{"width":1840,"height":1840,"url":"https:\/\/pitaya.no\/wp-content\/uploads\/2023\/10\/20250606_gggAnwen_1200-83.jpg","type":"image\/jpeg"}],"twitter_card":"summary_large_image","twitter_misc":{"Estimated reading time":"2 minutes"},"schema":{"@context":"https:\/\/schema.org","@graph":[{"@type":"WebPage","@id":"https:\/\/pitaya.no\/produkt\/proteinowa-orchidea-odzywka-do-wlosow-o-wysokiej-porowatosci-200-ml-anwen\/","url":"https:\/\/pitaya.no\/produkt\/proteinowa-orchidea-odzywka-do-wlosow-o-wysokiej-porowatosci-200-ml-anwen\/","name":"PROTEIN ORCHID conditioner for high porosity hair 200 ml - ANWEN","isPartOf":{"@id":"https:\/\/pitaya.no\/#website"},"datePublished":"2023-10-05T08:24:21+00:00","dateModified":"2026-02-21T17:07:36+00:00","description":"Is your hair brittle, dull, and lifeless? It&#039;s a sign it&#039;s lacking protein! Anwen conditioner contains the right blend of proteins.","breadcrumb":{"@id":"https:\/\/pitaya.no\/produkt\/proteinowa-orchidea-odzywka-do-wlosow-o-wysokiej-porowatosci-200-ml-anwen\/#breadcrumb"},"inLanguage":"en-GB","potentialAction":[{"@type":"ReadAction","target":["https:\/\/pitaya.no\/produkt\/proteinowa-orchidea-odzywka-do-wlosow-o-wysokiej-porowatosci-200-ml-anwen\/"]}]},{"@type":"BreadcrumbList","@id":"https:\/\/pitaya.no\/produkt\/proteinowa-orchidea-odzywka-do-wlosow-o-wysokiej-porowatosci-200-ml-anwen\/#breadcrumb","itemListElement":[{"@type":"ListItem","position":1,"name":"Strona g\u0142\u00f3wna","item":"https:\/\/pitaya.no\/"},{"@type":"ListItem","position":2,"name":"Sklep","item":"https:\/\/pitaya.no\/sklep\/"},{"@type":"ListItem","position":3,"name":"PROTEINOWA ORCHIDEA od\u017cywka do w\u0142os\u00f3w o wysokiej porowato\u015bci 200 ml &#8211; ANWEN"}]},{"@type":"WebSite","@id":"https:\/\/pitaya.no\/#website","url":"https:\/\/pitaya.no\/","name":"Pitaya.no","description":"Polish organic drugstore in Norway","potentialAction":[{"@type":"SearchAction","target":{"@type":"EntryPoint","urlTemplate":"https:\/\/pitaya.no\/?s={search_term_string}"},"query-input":"required name=search_term_string"}],"inLanguage":"en-GB"}]}},"_links":{"self":[{"href":"https:\/\/pitaya.no\/en\/wp-json\/wp\/v2\/product\/4233"}],"collection":[{"href":"https:\/\/pitaya.no\/en\/wp-json\/wp\/v2\/product"}],"about":[{"href":"https:\/\/pitaya.no\/en\/wp-json\/wp\/v2\/types\/product"}],"wp:featuredmedia":[{"embeddable":true,"href":"https:\/\/pitaya.no\/en\/wp-json\/wp\/v2\/media\/6698"}],"wp:attachment":[{"href":"https:\/\/pitaya.no\/en\/wp-json\/wp\/v2\/media?parent=4233"}],"wp:term":[{"taxonomy":"product_cat","embeddable":true,"href":"https:\/\/pitaya.no\/en\/wp-json\/wp\/v2\/product_cat?post=4233"},{"taxonomy":"product_tag","embeddable":true,"href":"https:\/\/pitaya.no\/en\/wp-json\/wp\/v2\/product_tag?post=4233"},{"taxonomy":"berocket_brand","embeddable":true,"href":"https:\/\/pitaya.no\/en\/wp-json\/wp\/v2\/berocket_brand?post=4233"}],"curies":[{"name":"wp","href":"https:\/\/api.w.org\/{rel}","templated":true}]}}