{"id":4212,"date":"2023-10-05T07:41:07","date_gmt":"2023-10-05T07:41:07","guid":{"rendered":"https:\/\/pitaya.no\/?post_type=product&#038;p=4212"},"modified":"2026-02-23T20:06:34","modified_gmt":"2026-02-23T20:06:34","slug":"shine-glow-mgielka-wygladzajaca-150-ml-anwen","status":"publish","type":"product","link":"https:\/\/pitaya.no\/en\/product\/shine-glow-mgielka-wygladzajaca-150-ml-anwen\/","title":{"rendered":"SHINE &amp; GLOW Smoothing Mist, 150 ml \u2013 ANWEN"},"content":{"rendered":"<h1>SHINE &amp; GLOW Smoothing Mist, 150 ml \u2013 ANWEN<\/h1>\n<div class=\"product-tab\" data-tab=\"box_sklad\">\n<div class=\"innerbox\">\n<div class=\"resetcss\">\n<p data-start=\"188\" data-end=\"522\">A light, yet incredibly effective mist that transforms your daily hair care routine. Thanks to the combination <strong data-start=\"302\" data-end=\"340\">emollients of natural origin<\/strong> and <strong data-start=\"346\" data-end=\"374\">silicone microemulsion<\/strong>, product <strong data-start=\"384\" data-end=\"409\">makes combing easier<\/strong>, <strong data-start=\"411\" data-end=\"439\">eliminates static electricity<\/strong> and <strong data-start=\"442\" data-end=\"479\">gives the hair a spectacular shine<\/strong>, creating the effect of a smooth, shiny surface.<\/p>\n<p data-start=\"524\" data-end=\"870\">Formula enriched with <strong data-start=\"545\" data-end=\"556\">inulin<\/strong>, <strong data-start=\"558\" data-end=\"569\">betaine<\/strong> and <strong data-start=\"572\" data-end=\"603\">starch-based conditioner<\/strong> intensively <strong data-start=\"616\" data-end=\"637\">moisturizes, smoothes<\/strong> and makes hair silky, soft and pleasant to the touch. <strong data-start=\"720\" data-end=\"737\">protective film<\/strong> remaining on the surface of the hair protects it against <strong data-start=\"793\" data-end=\"808\">drying out<\/strong>, <strong data-start=\"810\" data-end=\"833\">gives flexibility<\/strong> and <strong data-start=\"836\" data-end=\"867\">protects against moisture loss<\/strong>.<\/p>\n<p data-start=\"872\" data-end=\"994\">Additionally, the mist is delightful <strong data-start=\"899\" data-end=\"939\">natural scent of lemongrass<\/strong>, which refreshes and adds energy with every use.<\/p>\n<p data-start=\"996\" data-end=\"1011\"><strong data-start=\"998\" data-end=\"1009\">Effects:<\/strong><\/p>\n<ul data-start=\"1012\" data-end=\"1144\">\n<li data-start=\"1012\" data-end=\"1049\">\n<p data-start=\"1014\" data-end=\"1049\">easy to comb without tangling,<\/p>\n<\/li>\n<li data-start=\"1050\" data-end=\"1081\">\n<p data-start=\"1052\" data-end=\"1081\">visible shine and smoothness,<\/p>\n<\/li>\n<li data-start=\"1082\" data-end=\"1114\">\n<p data-start=\"1084\" data-end=\"1114\">protection against drying out,<\/p>\n<\/li>\n<li data-start=\"1115\" data-end=\"1144\">\n<p data-start=\"1117\" data-end=\"1144\">fresh, natural scent<\/p>\n<\/li>\n<\/ul>\n<\/div>\n<\/div>\n<\/div>\n<p><strong>Application method: <\/strong>Spray a small amount of mist onto your hands, then apply it to the lengths of your hair, avoiding the roots. Remember, too much product can weigh your hair down. Shake well before use.<\/p>\n<p>&nbsp;<\/p>","protected":false},"excerpt":{"rendered":"<p>A light mist that smooths, shines, and detangles hair. Contains inulin, betaine, and natural oils, leaving hair silky smooth and with a fresh lemongrass scent.<\/p>\n<p><strong>Capacity: 150 ml<\/strong><\/p>\n<p>&nbsp;<\/p>","protected":false},"featured_media":6711,"template":"","meta":{"_themeisle_gutenberg_block_has_review":false},"product_cat":[333,328],"product_tag":[373,365,364,383],"berocket_brand":[275],"yoast_head":"<!-- This site is optimized with the Yoast SEO Premium plugin v21.2 (Yoast SEO v21.5) - https:\/\/yoast.com\/wordpress\/plugins\/seo\/ -->\n<title>SHINE &amp; GLOW Mgie\u0142ka wyg\u0142adzaj\u0105ca, 150 ml - ANWEN<\/title>\n<meta name=\"description\" content=\"Mgie\u0142ka nab\u0142yszczaj\u0105ca do w\u0142os\u00f3w z inulin\u0105 i betain\u0105. Wyg\u0142adza, nawil\u017ca i chroni w\u0142osy, nadaj\u0105c im blask i \u015bwie\u017cy zapach trawy cytrynowej.\" \/>\n<meta name=\"robots\" content=\"index, follow, max-snippet:-1, max-image-preview:large, max-video-preview:-1\" \/>\n<link rel=\"canonical\" href=\"https:\/\/pitaya.no\/en\/product\/shine-glow-mgielka-wygladzajaca-150-ml-anwen\/\" \/>\n<meta property=\"og:locale\" content=\"en_GB\" \/>\n<meta property=\"og:type\" content=\"article\" \/>\n<meta property=\"og:title\" content=\"SHINE &amp; GLOW Mgie\u0142ka wyg\u0142adzaj\u0105ca, 150 ml - ANWEN\" \/>\n<meta property=\"og:description\" content=\"Mgie\u0142ka nab\u0142yszczaj\u0105ca do w\u0142os\u00f3w z inulin\u0105 i betain\u0105. Wyg\u0142adza, nawil\u017ca i chroni w\u0142osy, nadaj\u0105c im blask i \u015bwie\u017cy zapach trawy cytrynowej.\" \/>\n<meta property=\"og:url\" content=\"https:\/\/pitaya.no\/en\/product\/shine-glow-mgielka-wygladzajaca-150-ml-anwen\/\" \/>\n<meta property=\"og:site_name\" content=\"Pitaya.no\" \/>\n<meta property=\"article:publisher\" content=\"https:\/\/www.facebook.com\/Pitaya.no\" \/>\n<meta property=\"article:modified_time\" content=\"2026-02-23T20:06:34+00:00\" \/>\n<meta property=\"og:image\" content=\"https:\/\/pitaya.no\/wp-content\/uploads\/2023\/10\/shine-scaled.jpg\" \/>\n\t<meta property=\"og:image:width\" content=\"2560\" \/>\n\t<meta property=\"og:image:height\" content=\"2560\" \/>\n\t<meta property=\"og:image:type\" content=\"image\/jpeg\" \/>\n<meta name=\"twitter:card\" content=\"summary_large_image\" \/>\n<meta name=\"twitter:label1\" content=\"Estimated reading time\" \/>\n\t<meta name=\"twitter:data1\" content=\"1 minute\" \/>\n<script type=\"application\/ld+json\" class=\"yoast-schema-graph\">{\"@context\":\"https:\/\/schema.org\",\"@graph\":[{\"@type\":\"WebPage\",\"@id\":\"https:\/\/pitaya.no\/produkt\/shine-glow-mgielka-wygladzajaca-150-ml-anwen\/\",\"url\":\"https:\/\/pitaya.no\/produkt\/shine-glow-mgielka-wygladzajaca-150-ml-anwen\/\",\"name\":\"SHINE & GLOW Mgie\u0142ka wyg\u0142adzaj\u0105ca, 150 ml - ANWEN\",\"isPartOf\":{\"@id\":\"https:\/\/pitaya.no\/#website\"},\"datePublished\":\"2023-10-05T07:41:07+00:00\",\"dateModified\":\"2026-02-23T20:06:34+00:00\",\"description\":\"Mgie\u0142ka nab\u0142yszczaj\u0105ca do w\u0142os\u00f3w z inulin\u0105 i betain\u0105. Wyg\u0142adza, nawil\u017ca i chroni w\u0142osy, nadaj\u0105c im blask i \u015bwie\u017cy zapach trawy cytrynowej.\",\"breadcrumb\":{\"@id\":\"https:\/\/pitaya.no\/produkt\/shine-glow-mgielka-wygladzajaca-150-ml-anwen\/#breadcrumb\"},\"inLanguage\":\"en-GB\",\"potentialAction\":[{\"@type\":\"ReadAction\",\"target\":[\"https:\/\/pitaya.no\/produkt\/shine-glow-mgielka-wygladzajaca-150-ml-anwen\/\"]}]},{\"@type\":\"BreadcrumbList\",\"@id\":\"https:\/\/pitaya.no\/produkt\/shine-glow-mgielka-wygladzajaca-150-ml-anwen\/#breadcrumb\",\"itemListElement\":[{\"@type\":\"ListItem\",\"position\":1,\"name\":\"Strona g\u0142\u00f3wna\",\"item\":\"https:\/\/pitaya.no\/\"},{\"@type\":\"ListItem\",\"position\":2,\"name\":\"Sklep\",\"item\":\"https:\/\/pitaya.no\/sklep\/\"},{\"@type\":\"ListItem\",\"position\":3,\"name\":\"SHINE &#038; GLOW Mgie\u0142ka wyg\u0142adzaj\u0105ca, 150 ml &#8211; ANWEN\"}]},{\"@type\":\"WebSite\",\"@id\":\"https:\/\/pitaya.no\/#website\",\"url\":\"https:\/\/pitaya.no\/\",\"name\":\"Pitaya.no\",\"description\":\"Polska drogeria ekologiczna w Norwegii\",\"potentialAction\":[{\"@type\":\"SearchAction\",\"target\":{\"@type\":\"EntryPoint\",\"urlTemplate\":\"https:\/\/pitaya.no\/?s={search_term_string}\"},\"query-input\":\"required name=search_term_string\"}],\"inLanguage\":\"en-GB\"}]}<\/script>\n<!-- \/ Yoast SEO Premium plugin. -->","yoast_head_json":{"title":"SHINE & GLOW Mgie\u0142ka wyg\u0142adzaj\u0105ca, 150 ml - ANWEN","description":"Mgie\u0142ka nab\u0142yszczaj\u0105ca do w\u0142os\u00f3w z inulin\u0105 i betain\u0105. Wyg\u0142adza, nawil\u017ca i chroni w\u0142osy, nadaj\u0105c im blask i \u015bwie\u017cy zapach trawy cytrynowej.","robots":{"index":"index","follow":"follow","max-snippet":"max-snippet:-1","max-image-preview":"max-image-preview:large","max-video-preview":"max-video-preview:-1"},"canonical":"https:\/\/pitaya.no\/en\/product\/shine-glow-mgielka-wygladzajaca-150-ml-anwen\/","og_locale":"en_GB","og_type":"article","og_title":"SHINE & GLOW Mgie\u0142ka wyg\u0142adzaj\u0105ca, 150 ml - ANWEN","og_description":"Mgie\u0142ka nab\u0142yszczaj\u0105ca do w\u0142os\u00f3w z inulin\u0105 i betain\u0105. Wyg\u0142adza, nawil\u017ca i chroni w\u0142osy, nadaj\u0105c im blask i \u015bwie\u017cy zapach trawy cytrynowej.","og_url":"https:\/\/pitaya.no\/en\/product\/shine-glow-mgielka-wygladzajaca-150-ml-anwen\/","og_site_name":"Pitaya.no","article_publisher":"https:\/\/www.facebook.com\/Pitaya.no","article_modified_time":"2026-02-23T20:06:34+00:00","og_image":[{"width":2560,"height":2560,"url":"https:\/\/pitaya.no\/wp-content\/uploads\/2023\/10\/shine-scaled.jpg","type":"image\/jpeg"}],"twitter_card":"summary_large_image","twitter_misc":{"Estimated reading time":"1 minute"},"schema":{"@context":"https:\/\/schema.org","@graph":[{"@type":"WebPage","@id":"https:\/\/pitaya.no\/produkt\/shine-glow-mgielka-wygladzajaca-150-ml-anwen\/","url":"https:\/\/pitaya.no\/produkt\/shine-glow-mgielka-wygladzajaca-150-ml-anwen\/","name":"SHINE & GLOW Mgie\u0142ka wyg\u0142adzaj\u0105ca, 150 ml - ANWEN","isPartOf":{"@id":"https:\/\/pitaya.no\/#website"},"datePublished":"2023-10-05T07:41:07+00:00","dateModified":"2026-02-23T20:06:34+00:00","description":"Mgie\u0142ka nab\u0142yszczaj\u0105ca do w\u0142os\u00f3w z inulin\u0105 i betain\u0105. Wyg\u0142adza, nawil\u017ca i chroni w\u0142osy, nadaj\u0105c im blask i \u015bwie\u017cy zapach trawy cytrynowej.","breadcrumb":{"@id":"https:\/\/pitaya.no\/produkt\/shine-glow-mgielka-wygladzajaca-150-ml-anwen\/#breadcrumb"},"inLanguage":"en-GB","potentialAction":[{"@type":"ReadAction","target":["https:\/\/pitaya.no\/produkt\/shine-glow-mgielka-wygladzajaca-150-ml-anwen\/"]}]},{"@type":"BreadcrumbList","@id":"https:\/\/pitaya.no\/produkt\/shine-glow-mgielka-wygladzajaca-150-ml-anwen\/#breadcrumb","itemListElement":[{"@type":"ListItem","position":1,"name":"Strona g\u0142\u00f3wna","item":"https:\/\/pitaya.no\/"},{"@type":"ListItem","position":2,"name":"Sklep","item":"https:\/\/pitaya.no\/sklep\/"},{"@type":"ListItem","position":3,"name":"SHINE &#038; GLOW Mgie\u0142ka wyg\u0142adzaj\u0105ca, 150 ml &#8211; ANWEN"}]},{"@type":"WebSite","@id":"https:\/\/pitaya.no\/#website","url":"https:\/\/pitaya.no\/","name":"Pitaya.no","description":"Polish organic drugstore in Norway","potentialAction":[{"@type":"SearchAction","target":{"@type":"EntryPoint","urlTemplate":"https:\/\/pitaya.no\/?s={search_term_string}"},"query-input":"required name=search_term_string"}],"inLanguage":"en-GB"}]}},"_links":{"self":[{"href":"https:\/\/pitaya.no\/en\/wp-json\/wp\/v2\/product\/4212"}],"collection":[{"href":"https:\/\/pitaya.no\/en\/wp-json\/wp\/v2\/product"}],"about":[{"href":"https:\/\/pitaya.no\/en\/wp-json\/wp\/v2\/types\/product"}],"wp:featuredmedia":[{"embeddable":true,"href":"https:\/\/pitaya.no\/en\/wp-json\/wp\/v2\/media\/6711"}],"wp:attachment":[{"href":"https:\/\/pitaya.no\/en\/wp-json\/wp\/v2\/media?parent=4212"}],"wp:term":[{"taxonomy":"product_cat","embeddable":true,"href":"https:\/\/pitaya.no\/en\/wp-json\/wp\/v2\/product_cat?post=4212"},{"taxonomy":"product_tag","embeddable":true,"href":"https:\/\/pitaya.no\/en\/wp-json\/wp\/v2\/product_tag?post=4212"},{"taxonomy":"berocket_brand","embeddable":true,"href":"https:\/\/pitaya.no\/en\/wp-json\/wp\/v2\/berocket_brand?post=4212"}],"curies":[{"name":"wp","href":"https:\/\/api.w.org\/{rel}","templated":true}]}}