{"id":4201,"date":"2023-10-05T07:13:39","date_gmt":"2023-10-05T07:13:39","guid":{"rendered":"https:\/\/pitaya.no\/?post_type=product&#038;p=4201"},"modified":"2026-02-11T15:37:36","modified_gmt":"2026-02-11T15:37:36","slug":"pina-lokada-mgielka-do-reanimacji-lokow-i-fal-300-ml-anwen","status":"publish","type":"product","link":"https:\/\/pitaya.no\/en\/product\/pina-lokada-mgielka-do-reanimacji-lokow-i-fal-300-ml-anwen\/","title":{"rendered":"PINA LOKADA mist for resuscitating curls and waves, 300 ml \u2013 ANWEN"},"content":{"rendered":"<h1>PINA LOKADA mist for resuscitating curls and waves, 300 ml \u2013 ANWEN<\/h1>\n<h3><strong>How to use:<\/strong><\/h3>\n<p><strong>1. to resuscitate curls or waves<\/strong><strong>:<\/strong><\/p>\n<p>Shake the can vigorously. Spray onto dry or damp hair and scrunch the waves\/curls until the desired curl is achieved. Leave to air dry or blow-dry with a diffuser in lukewarm air.<\/p>\n<p><strong>2. as a base for oil:<\/strong><\/p>\n<p>Shake the can vigorously. Spray the mist onto dry hair, then apply an oil appropriate for your porosity.* Leave on for at least 30 minutes, then shampoo as usual.<\/p>\n<p><strong>3. when styling without using heat:<\/strong><\/p>\n<p>Shake the can vigorously. Spray the mist onto dry hair, then style using our <a href=\"https:\/\/sklepanwen.pl\/pl\/p\/We-will-LOK-You-Piankowe-walki-do-krecenia-wlosow\/398\" target=\"_blank\" rel=\"noopener noreferrer\"><u><strong>WA\u0141KOW<\/strong><\/u><\/a><strong><u>.<\/u><\/strong><\/p>\n<p><strong>4. as a light styler for straight hair:<\/strong><\/p>\n<p>Shake the container vigorously. Spray the mist onto washed, towel-dried hair, then blow-dry and style with a round brush or your usual styling method.<\/p>\n<h3 class=\"text-center\"><strong>What are the individual components of the mist responsible for?<\/strong><\/h3>\n<table>\n<tbody>\n<tr>\n<td data-sheets-value=\"{\"><strong>Component<\/strong><\/td>\n<td data-sheets-value=\"{\"><strong>Action\/Function<\/strong><\/td>\n<\/tr>\n<tr>\n<td data-sheets-value=\"{\">Aqua<\/td>\n<td data-sheets-value=\"{\">water<\/td>\n<\/tr>\n<tr>\n<td data-sheets-value=\"{\">Linum Usitatissimum Seed Extract<\/td>\n<td data-sheets-value=\"{\"><strong>Flax seed extract <\/strong>It is rich in unsaturated oils, proteins, trace elements, and vitamin E. The mucilage, obtained through seed maceration, is rich in peptides and sugar compounds (including rhamnose, galactose, arabinose, xylose, glucose, and mannose) responsible for maintaining hair&#039;s natural curl. It has a strong moisturizing effect and creates a natural hydrolipid film on the hair&#039;s surface, protecting it from external factors and excessive water loss.<\/td>\n<\/tr>\n<tr>\n<td data-sheets-value=\"{\">Salvia Hispanica Seed Extract<\/td>\n<td data-sheets-value=\"{\"><strong>Chia seeds <\/strong>They create a characteristic mucus that locks in curls. They contain omega-3 fatty acids, polyunsaturated fatty acids, proteins, vitamin E (primarily gamma-tocopherol and alpha-tocopherol), and some minerals. Furthermore, the seeds are an excellent source of polyphenols and antioxidants, such as caffeic acid, rosmarinic acid, myricetin, quercetin, and others. The ingredients contained in the extract moisturize, smooth, and condition hair.<\/td>\n<\/tr>\n<tr>\n<td data-sheets-value=\"{\">Althaea Officinalis Root Extract<\/td>\n<td data-sheets-value=\"{\">E<strong>marshmallow root extract<\/strong>It creates a mucilage that adds shine and maintains curl. It also has moisturizing, softening, and anti-inflammatory properties. Marshmallow is also rich in vitamins, primarily A, C, D, E, and B vitamins.<\/td>\n<\/tr>\n<tr>\n<td data-sheets-value=\"{\">Prunus Amygdalus Dulcis Fruit Extract<\/td>\n<td data-sheets-value=\"{\"><strong>Sweet almond fruit extract<\/strong> It&#039;s rich in vitamins A, B1, B2, B6, D, and E, and has moisturizing, regenerative, and rebuilding properties. It has the ability to moisturize and smooth skin and hair.<\/td>\n<\/tr>\n<tr>\n<td data-sheets-value=\"{\">Xanthan Gum<\/td>\n<td data-sheets-value=\"{\">natural thickener<\/td>\n<\/tr>\n<tr>\n<td data-sheets-value=\"{\">Xylitol<\/td>\n<td data-sheets-value=\"{\">In cosmetic products, xylitol is used as a humectant, it has a strong moisturizing effect<\/td>\n<\/tr>\n<tr>\n<td data-sheets-value=\"{\">Polysorbate 20<\/td>\n<td data-sheets-value=\"{\">An emulsifier obtained from coconut oil. It is used to emulsify and stabilize oil-in-water emulsions.<\/td>\n<\/tr>\n<\/tbody>\n<\/table>\n<p><em>INCI: <\/em><em>Aqua, Linum Usitatissimum Seed Extract, Salvia Hispanica Seed Extract, Althaea Officinalis Root Extract, Prunus Amygdalus Dulcis Fruit Extract, Xanthan Gum, Xylitol, Polysorbate 20, Phenoxyethanol, Benzoic Acid, Dehydroacetic Acid, Caprylic Acid, Sodium Hydroxide, Parfum, Benzyl Alcohol.<\/em><\/p>\n<p>&nbsp;<\/p>","protected":false},"excerpt":{"rendered":"<p>Reactivate curls in curly and wavy hair, and delight with natural beauty in the days following wash. Our mist effectively eliminates frizz, defines, and maintains curls thanks to its linseed and chia seed extracts. Additionally, a complex of polysaccharides derived from almonds, marshmallow, and flax creates a biofilm on the hair&#039;s surface that moisturizes, smooths, and adds shine.<\/p>\n<p>This mist also works well as a moisturizing base for oil and for styling straight hair. See the HOW TO USE tab below.<\/p>\n<p><strong>Capacity: <\/strong>300 ml<\/p>\n<p><strong>pH: <\/strong>6,45<\/p>\n<p><strong>98 % ingredients of natural origin<\/strong><\/p>","protected":false},"featured_media":6713,"template":"","meta":{"_themeisle_gutenberg_block_has_review":false},"product_cat":[333,334,328],"product_tag":[373,365,375,364,379],"berocket_brand":[275],"yoast_head":"<!-- This site is optimized with the Yoast SEO Premium plugin v21.2 (Yoast SEO v21.5) - https:\/\/yoast.com\/wordpress\/plugins\/seo\/ -->\n<title>PINA LOKADA mgie\u0142ka do reanimacji lok\u00f3w i fal, 300 ml - ANWEN<\/title>\n<meta name=\"description\" content=\"Mgie\u0142ka do reaktywacji skr\u0119tu w\u0142os\u00f3w \u2013 definiuje loki, eliminuje puszenie, nawil\u017ca i dodaje blasku dzi\u0119ki siemieniu lnianemu, chia i migda\u0142om.\" \/>\n<meta name=\"robots\" content=\"index, follow, max-snippet:-1, max-image-preview:large, max-video-preview:-1\" \/>\n<link rel=\"canonical\" href=\"https:\/\/pitaya.no\/en\/product\/pina-lokada-mgielka-do-reanimacji-lokow-i-fal-300-ml-anwen\/\" \/>\n<meta property=\"og:locale\" content=\"en_GB\" \/>\n<meta property=\"og:type\" content=\"article\" \/>\n<meta property=\"og:title\" content=\"PINA LOKADA mgie\u0142ka do reanimacji lok\u00f3w i fal, 300 ml - ANWEN\" \/>\n<meta property=\"og:description\" content=\"Mgie\u0142ka do reaktywacji skr\u0119tu w\u0142os\u00f3w \u2013 definiuje loki, eliminuje puszenie, nawil\u017ca i dodaje blasku dzi\u0119ki siemieniu lnianemu, chia i migda\u0142om.\" \/>\n<meta property=\"og:url\" content=\"https:\/\/pitaya.no\/en\/product\/pina-lokada-mgielka-do-reanimacji-lokow-i-fal-300-ml-anwen\/\" \/>\n<meta property=\"og:site_name\" content=\"Pitaya.no\" \/>\n<meta property=\"article:publisher\" content=\"https:\/\/www.facebook.com\/Pitaya.no\" \/>\n<meta property=\"article:modified_time\" content=\"2026-02-11T15:37:36+00:00\" \/>\n<meta property=\"og:image\" content=\"https:\/\/pitaya.no\/wp-content\/uploads\/2023\/10\/lokada.jpg\" \/>\n\t<meta property=\"og:image:width\" content=\"1840\" \/>\n\t<meta property=\"og:image:height\" content=\"1840\" \/>\n\t<meta property=\"og:image:type\" content=\"image\/jpeg\" \/>\n<meta name=\"twitter:card\" content=\"summary_large_image\" \/>\n<meta name=\"twitter:label1\" content=\"Estimated reading time\" \/>\n\t<meta name=\"twitter:data1\" content=\"3 minutes\" \/>\n<script type=\"application\/ld+json\" class=\"yoast-schema-graph\">{\"@context\":\"https:\/\/schema.org\",\"@graph\":[{\"@type\":\"WebPage\",\"@id\":\"https:\/\/pitaya.no\/produkt\/pina-lokada-mgielka-do-reanimacji-lokow-i-fal-300-ml-anwen\/\",\"url\":\"https:\/\/pitaya.no\/produkt\/pina-lokada-mgielka-do-reanimacji-lokow-i-fal-300-ml-anwen\/\",\"name\":\"PINA LOKADA mgie\u0142ka do reanimacji lok\u00f3w i fal, 300 ml - ANWEN\",\"isPartOf\":{\"@id\":\"https:\/\/pitaya.no\/#website\"},\"datePublished\":\"2023-10-05T07:13:39+00:00\",\"dateModified\":\"2026-02-11T15:37:36+00:00\",\"description\":\"Mgie\u0142ka do reaktywacji skr\u0119tu w\u0142os\u00f3w \u2013 definiuje loki, eliminuje puszenie, nawil\u017ca i dodaje blasku dzi\u0119ki siemieniu lnianemu, chia i migda\u0142om.\",\"breadcrumb\":{\"@id\":\"https:\/\/pitaya.no\/produkt\/pina-lokada-mgielka-do-reanimacji-lokow-i-fal-300-ml-anwen\/#breadcrumb\"},\"inLanguage\":\"en-GB\",\"potentialAction\":[{\"@type\":\"ReadAction\",\"target\":[\"https:\/\/pitaya.no\/produkt\/pina-lokada-mgielka-do-reanimacji-lokow-i-fal-300-ml-anwen\/\"]}]},{\"@type\":\"BreadcrumbList\",\"@id\":\"https:\/\/pitaya.no\/produkt\/pina-lokada-mgielka-do-reanimacji-lokow-i-fal-300-ml-anwen\/#breadcrumb\",\"itemListElement\":[{\"@type\":\"ListItem\",\"position\":1,\"name\":\"Strona g\u0142\u00f3wna\",\"item\":\"https:\/\/pitaya.no\/\"},{\"@type\":\"ListItem\",\"position\":2,\"name\":\"Sklep\",\"item\":\"https:\/\/pitaya.no\/sklep\/\"},{\"@type\":\"ListItem\",\"position\":3,\"name\":\"PINA LOKADA mgie\u0142ka do reanimacji lok\u00f3w i fal, 300 ml &#8211; ANWEN\"}]},{\"@type\":\"WebSite\",\"@id\":\"https:\/\/pitaya.no\/#website\",\"url\":\"https:\/\/pitaya.no\/\",\"name\":\"Pitaya.no\",\"description\":\"Polska drogeria ekologiczna w Norwegii\",\"potentialAction\":[{\"@type\":\"SearchAction\",\"target\":{\"@type\":\"EntryPoint\",\"urlTemplate\":\"https:\/\/pitaya.no\/?s={search_term_string}\"},\"query-input\":\"required name=search_term_string\"}],\"inLanguage\":\"en-GB\"}]}<\/script>\n<!-- \/ Yoast SEO Premium plugin. -->","yoast_head_json":{"title":"PINA LOKADA mist for resuscitating curls and waves, 300 ml - ANWEN","description":"Mgie\u0142ka do reaktywacji skr\u0119tu w\u0142os\u00f3w \u2013 definiuje loki, eliminuje puszenie, nawil\u017ca i dodaje blasku dzi\u0119ki siemieniu lnianemu, chia i migda\u0142om.","robots":{"index":"index","follow":"follow","max-snippet":"max-snippet:-1","max-image-preview":"max-image-preview:large","max-video-preview":"max-video-preview:-1"},"canonical":"https:\/\/pitaya.no\/en\/product\/pina-lokada-mgielka-do-reanimacji-lokow-i-fal-300-ml-anwen\/","og_locale":"en_GB","og_type":"article","og_title":"PINA LOKADA mgie\u0142ka do reanimacji lok\u00f3w i fal, 300 ml - ANWEN","og_description":"Mgie\u0142ka do reaktywacji skr\u0119tu w\u0142os\u00f3w \u2013 definiuje loki, eliminuje puszenie, nawil\u017ca i dodaje blasku dzi\u0119ki siemieniu lnianemu, chia i migda\u0142om.","og_url":"https:\/\/pitaya.no\/en\/product\/pina-lokada-mgielka-do-reanimacji-lokow-i-fal-300-ml-anwen\/","og_site_name":"Pitaya.no","article_publisher":"https:\/\/www.facebook.com\/Pitaya.no","article_modified_time":"2026-02-11T15:37:36+00:00","og_image":[{"width":1840,"height":1840,"url":"https:\/\/pitaya.no\/wp-content\/uploads\/2023\/10\/lokada.jpg","type":"image\/jpeg"}],"twitter_card":"summary_large_image","twitter_misc":{"Estimated reading time":"3 minutes"},"schema":{"@context":"https:\/\/schema.org","@graph":[{"@type":"WebPage","@id":"https:\/\/pitaya.no\/produkt\/pina-lokada-mgielka-do-reanimacji-lokow-i-fal-300-ml-anwen\/","url":"https:\/\/pitaya.no\/produkt\/pina-lokada-mgielka-do-reanimacji-lokow-i-fal-300-ml-anwen\/","name":"PINA LOKADA mist for resuscitating curls and waves, 300 ml - ANWEN","isPartOf":{"@id":"https:\/\/pitaya.no\/#website"},"datePublished":"2023-10-05T07:13:39+00:00","dateModified":"2026-02-11T15:37:36+00:00","description":"Mgie\u0142ka do reaktywacji skr\u0119tu w\u0142os\u00f3w \u2013 definiuje loki, eliminuje puszenie, nawil\u017ca i dodaje blasku dzi\u0119ki siemieniu lnianemu, chia i migda\u0142om.","breadcrumb":{"@id":"https:\/\/pitaya.no\/produkt\/pina-lokada-mgielka-do-reanimacji-lokow-i-fal-300-ml-anwen\/#breadcrumb"},"inLanguage":"en-GB","potentialAction":[{"@type":"ReadAction","target":["https:\/\/pitaya.no\/produkt\/pina-lokada-mgielka-do-reanimacji-lokow-i-fal-300-ml-anwen\/"]}]},{"@type":"BreadcrumbList","@id":"https:\/\/pitaya.no\/produkt\/pina-lokada-mgielka-do-reanimacji-lokow-i-fal-300-ml-anwen\/#breadcrumb","itemListElement":[{"@type":"ListItem","position":1,"name":"Strona g\u0142\u00f3wna","item":"https:\/\/pitaya.no\/"},{"@type":"ListItem","position":2,"name":"Sklep","item":"https:\/\/pitaya.no\/sklep\/"},{"@type":"ListItem","position":3,"name":"PINA LOKADA mgie\u0142ka do reanimacji lok\u00f3w i fal, 300 ml &#8211; ANWEN"}]},{"@type":"WebSite","@id":"https:\/\/pitaya.no\/#website","url":"https:\/\/pitaya.no\/","name":"Pitaya.no","description":"Polish organic drugstore in Norway","potentialAction":[{"@type":"SearchAction","target":{"@type":"EntryPoint","urlTemplate":"https:\/\/pitaya.no\/?s={search_term_string}"},"query-input":"required name=search_term_string"}],"inLanguage":"en-GB"}]}},"_links":{"self":[{"href":"https:\/\/pitaya.no\/en\/wp-json\/wp\/v2\/product\/4201"}],"collection":[{"href":"https:\/\/pitaya.no\/en\/wp-json\/wp\/v2\/product"}],"about":[{"href":"https:\/\/pitaya.no\/en\/wp-json\/wp\/v2\/types\/product"}],"wp:featuredmedia":[{"embeddable":true,"href":"https:\/\/pitaya.no\/en\/wp-json\/wp\/v2\/media\/6713"}],"wp:attachment":[{"href":"https:\/\/pitaya.no\/en\/wp-json\/wp\/v2\/media?parent=4201"}],"wp:term":[{"taxonomy":"product_cat","embeddable":true,"href":"https:\/\/pitaya.no\/en\/wp-json\/wp\/v2\/product_cat?post=4201"},{"taxonomy":"product_tag","embeddable":true,"href":"https:\/\/pitaya.no\/en\/wp-json\/wp\/v2\/product_tag?post=4201"},{"taxonomy":"berocket_brand","embeddable":true,"href":"https:\/\/pitaya.no\/en\/wp-json\/wp\/v2\/berocket_brand?post=4201"}],"curies":[{"name":"wp","href":"https:\/\/api.w.org\/{rel}","templated":true}]}}