{"id":4182,"date":"2023-10-04T19:32:13","date_gmt":"2023-10-04T19:32:13","guid":{"rendered":"https:\/\/pitaya.no\/?post_type=product&#038;p=4182"},"modified":"2026-02-11T15:29:33","modified_gmt":"2026-02-11T15:29:33","slug":"sleeping-beauty-maska-nocna-do-sredniej-porowatosci-200-ml-anwen","status":"publish","type":"product","link":"https:\/\/pitaya.no\/en\/product\/sleeping-beauty-maska-nocna-do-sredniej-porowatosci-200-ml-anwen\/","title":{"rendered":"SLEEPING BEAUTY night mask for medium porosity, 200 ml \u2013 ANWEN"},"content":{"rendered":"<h1>SLEEPING BEAUTY night mask for medium porosity, 200 ml \u2013 ANWEN<\/h1>\n<p>A fairytale hairstyle? See for yourself that it&#039;s possible. The Sleeping Beauty overnight mask will intensively care for your hair while you sleep soundly.<\/p>\n<p data-pm-slice=\"1 1 []\">Sleeping Beauty Mask for Medium Porosity Hair <strong>contains a number of nutrients that strengthen and condition the hair.<\/strong> A natural silicone substitute derived from macadamia oil protects them from damage. <strong>Oils: macadamia and plum seed oil close the hair cuticles and smooth them.<\/strong>and don&#039;t weigh down your hair, making them perfect for medium porosity hair. Spirulina and red seaweed extract <strong>nourish the hair and support its reconstruction<\/strong>. Thanks to the addition of cornstarch, your hair will not frizz.<\/p>\n<h2><strong>Methods of use:<\/strong><\/h2>\n<p>1.\u00a0<strong>As a night mask:<\/strong>\u00a0Apply the mask to dry hair. Pin it up or secure it with a cloth cap. In the morning, wash your scalp and hair with shampoo. If necessary, use conditioner after shampooing to aid detangling.<\/p>\n<p>2.\u00a0<strong>As the first O in the OMO method<\/strong>: Apply the mask to dry or damp hair. Leave on for 3 to 30 minutes. Then, shampoo and rinse thoroughly. If necessary, follow with conditioner to aid detangling.<\/p>\n<p>3.\u00a0<strong>As a traditional mask:<\/strong>\u00a0Apply the mask to washed, damp hair. Leave on for 3 to 30 minutes, then rinse.<\/p>\n<p><strong>What are the individual components of the mask responsible for?<\/strong><\/p>\n<table>\n<tbody>\n<tr>\n<td data-sheets-value=\"{&quot;1&quot;:2,&quot;2&quot;:&quot;Sk\u0142adnik&quot;}\">Component<\/td>\n<td data-sheets-value=\"{&quot;1&quot;:2,&quot;2&quot;:&quot;Dzia\u0142anie\/funkcja&quot;}\">Action\/Function<\/td>\n<\/tr>\n<tr>\n<td data-sheets-value=\"{&quot;1&quot;:2,&quot;2&quot;:&quot;Aqua&quot;}\">Aqua<\/td>\n<td data-sheets-value=\"{&quot;1&quot;:2,&quot;2&quot;:&quot;woda&quot;}\">water<\/td>\n<\/tr>\n<tr>\n<td data-sheets-value=\"{&quot;1&quot;:2,&quot;2&quot;:&quot;Cetearyl Alcohol&quot;}\">Cetearyl Alcohol<\/td>\n<td data-sheets-value=\"{&quot;1&quot;:2,&quot;2&quot;:&quot;alkohol t\u0142uszczowy, emolient, na w\u0142osach tworzy film, kt\u00f3ry wyg\u0142adza, kondycjonuje i zapobiega odparowywaniu wody z w\u0142osa&quot;}\">fatty alcohol, emollient, creates a film on the hair that smoothes, conditions and prevents water from evaporating from the hair<\/td>\n<\/tr>\n<tr>\n<td data-sheets-value=\"{&quot;1&quot;:2,&quot;2&quot;:&quot;Macadamia Ternifolia Seed Oil&quot;}\">Macadamia Ternifolia Seed Oil<\/td>\n<td data-sheets-value=\"{&quot;1&quot;:2,&quot;2&quot;:&quot;olej makadamia bogaty w nienasycone kwasy t\u0142uszczowe \u2013 oleopalmitynowy (rzadko spotykany kwas z grupy omega-7) i linolowy (omega-6). Opr\u00f3cz tego zawiera witamin\u0119 E, cenn\u0105 dla sk\u00f3ry i w\u0142os\u00f3w witamin\u0119 A, a tak\u017ce witaminy z grupy B (B1, B2, B3).&quot;}\">Macadamia oil is rich in unsaturated fatty acids \u2013 palmitoleic acid (a rare omega-7 acid) and linoleic acid (omega-6). It also contains vitamin E, vitamin A, which is valuable for skin and hair, and B vitamins (B1, B2, B3).<\/td>\n<\/tr>\n<tr>\n<td data-sheets-value=\"{&quot;1&quot;:2,&quot;2&quot;:&quot;Behentrimonium Chloride&quot;}\">Behentrimonium Chloride<\/td>\n<td data-sheets-value=\"{&quot;1&quot;:2,&quot;2&quot;:&quot;kondycjoner, zapobiega pl\u0105taniu si\u0119 w\u0142os\u00f3w, nadaje po\u0142ysk i wyg\u0142adza w\u0142osy, ma dzia\u0142anie antystatyczne&quot;}\">conditioner, prevents hair from tangling, gives shine and smoothes hair, has antistatic properties<\/td>\n<\/tr>\n<tr>\n<td data-sheets-value=\"{&quot;1&quot;:2,&quot;2&quot;:&quot;Ethyl Macadamiate&quot;}\">Ethyl Macadamiate<\/td>\n<td data-sheets-value=\"{&quot;1&quot;:2,&quot;2&quot;:&quot;pochodna oleju makadamia, stanowi naturaln\u0105 alternatyw\u0119 dla nielotnych silikon\u00f3w, zmniejsza \u0142amliwi\u015b\u0107 w\u0142os\u00f3w, u\u0142atwia rozczesywanie, zapewnia po\u0142ysk oraz ochron\u0119 termiczn\u0105&quot;}\">a derivative of macadamia oil, a natural alternative to non-volatile silicones, reduces hair brittleness, facilitates combing, provides shine and thermal protection<\/td>\n<\/tr>\n<tr>\n<td data-sheets-value=\"{&quot;1&quot;:2,&quot;2&quot;:&quot;Prunus Domestica Seed Oil&quot;}\">Prunus Domestica Seed Oil<\/td>\n<td data-sheets-value=\"{&quot;1&quot;:2,&quot;2&quot;:&quot;Olej z pestek \u015bliwki jest bogaty w nienasycone kwasy t\u0142uszczowe, kt\u00f3re tworz\u0105 na wosach lipidowy p\u0142aszcz pozytwnie wp\u0142ywaj\u0105cy na poziom nawil\u017cenia i spr\u0119\u017cysto\u015bci.&quot;}\">Plum seed oil is rich in unsaturated fatty acids, which create a lipid layer on the hair, positively affecting the level of hydration and elasticity.<\/td>\n<\/tr>\n<tr>\n<td data-sheets-value=\"{&quot;1&quot;:2,&quot;2&quot;:&quot;Hydrogenated Castor Oil\/Sebacic Acid Copolymer&quot;}\"><\/td>\n<td data-sheets-value=\"{&quot;1&quot;:2,&quot;2&quot;:&quot;b\u0142onotw\u00f3rczy kopolimer kwasu sebacynowego i uwodornionego oleju rycynowego skutecznie uszczelnia i wyg\u0142adza odchylone \u0142uski w\u0142osa, poprawia po\u0142ysk, a przedewszystkim chroni kolor w\u0142os\u00f3w farbowanych przyczyniaj\u0105c si\u0119 do zminiejszenia wyp\u0142ukiwania pigmentu, &quot;}\"><\/td>\n<\/tr>\n<tr>\n<td data-sheets-value=\"{&quot;1&quot;:2,&quot;2&quot;:&quot;Hydroxypropyltrimonium Hydrolyzed Corn Starch&quot;}\">Hydroxypropyltrimonium Hydrolyzed Corn Starch<\/td>\n<td data-sheets-value=\"{&quot;1&quot;:2,&quot;2&quot;:&quot;czwartorz\u0119dowy biopolimer pochodz\u0105cy z hydrolizowanej skrobi kukurydzianej,posiada silne w\u0142a\u015bciwo\u015bci kondycjonuj\u0105ce bez efektu obi\u0105zenia, tworzy na powierzchni w\u0142osa niewidzialn\u0105 barier\u0119 zapobiegaj\u0105c\u0105 elektryzowaniu oraz puszeniu si\u0119 &quot;}\">a quaternary biopolymer derived from hydrolyzed corn starch, has strong conditioning properties without weighing down the hair, creates an invisible barrier on the hair surface that prevents static and frizz<\/td>\n<\/tr>\n<tr>\n<td data-sheets-value=\"{&quot;1&quot;:2,&quot;2&quot;:&quot;Starch Hydroxypropyltrimonium Chloride&quot;}\">Starch Hydroxypropyltrimonium Chloride<\/td>\n<td data-sheets-value=\"{&quot;1&quot;:2,&quot;2&quot;:&quot;naturalna pochodna kationowego polisacharydu wytwarzanego ze spo\u017cywczej skrobi ziemniaczanej, kondycjoner, zapobiega pl\u0105taniu si\u0119 w\u0142os\u00f3w, nadaje po\u0142ysk i wyg\u0142adza w\u0142osy, ma dzia\u0142anie antystatyczne&quot;}\">a natural derivative of cationic polysaccharide produced from food-grade potato starch, conditioner, prevents hair from tangling, adds shine and smoothes hair, has an antistatic effect<\/td>\n<\/tr>\n<tr>\n<td data-sheets-value=\"{&quot;1&quot;:2,&quot;2&quot;:&quot;Hydroxypropylgluconamide and Hydroxypropylammonium Gluconate&quot;}\">Hydroxypropylgluconamide and Hydroxypropylammonium Gluconate<\/td>\n<td data-sheets-value=\"{&quot;1&quot;:2,&quot;2&quot;:&quot;opatentowany sk\u0142adnik, zoptymalizowany do interakcji na poziomie molekularnym. Posiada wieloaspektowy mechanizm dzia\u0142ania, wnikaj\u0105c g\u0142\u0119boko w kor\u0119, tworzy nowe wi\u0105zania wodorowe i jonowe, kt\u00f3re rekonstruuj\u0105 uszkodzon\u0105 wewn\u0119trzna struktu\u0119 keratyny, przczyniaj\u0105c si\u0119 do odbudowy i wzmocnienia w\u0142osa od \u015brodka&quot;}\">A patented ingredient optimized for molecular interaction. It has a multifaceted mechanism of action, penetrating deep into the cortex to create new hydrogen and ionic bonds that reconstruct the damaged internal structure of keratin, helping to rebuild and strengthen hair from the inside out.<\/td>\n<\/tr>\n<tr>\n<td data-sheets-value=\"{&quot;1&quot;:2,&quot;2&quot;:&quot;Cetrimonium Chloride&quot;}\">Cetrimonium Chloride<\/td>\n<td data-sheets-value=\"{&quot;1&quot;:2,&quot;2&quot;:&quot;kondycjoner, zapobiega pl\u0105taniu si\u0119 w\u0142os\u00f3w, nadaje po\u0142ysk i wyg\u0142adza w\u0142osy, ma dzia\u0142anie antystatyczne&quot;}\">conditioner, prevents hair from tangling, gives shine and smoothes hair, has antistatic properties<\/td>\n<\/tr>\n<tr>\n<td data-sheets-value=\"{&quot;1&quot;:2,&quot;2&quot;:&quot;Spirulina Platensis Extract&quot;}\">Spirulina Platensis Extract<\/td>\n<td data-sheets-value=\"{&quot;1&quot;:2,&quot;2&quot;:&quot;morski wodorost zawieraj\u0105cy bogactwo sk\u0142adnik\u00f3w od\u017cywczych, regeneruje w\u0142\u00f3kna w\u0142os\u00f3w, zapobiega ich \u0142amaniu i rozdwajaniu ko\u0144c\u00f3wek, dodaje im obj\u0119to\u015bci i spr\u0119\u017cysto\u015bci, bogata w proteiny mo\u017ce poprawia\u0107 skr\u0119t &quot;}\">seaweed rich in nutrients, regenerates hair fibers, prevents breakage and split ends, adds volume and elasticity, rich in proteins, can improve curl<\/td>\n<\/tr>\n<tr>\n<td data-sheets-value=\"{&quot;1&quot;:2,&quot;2&quot;:&quot;Furcellaria Lumbricalis Extract&quot;}\">Furcellaria Lumbricalis Extract<\/td>\n<td data-sheets-value=\"{&quot;1&quot;:2,&quot;2&quot;:&quot;ekstrakt z czerwonych wodorost\u00f3w, wzmacnia i chroni os\u0142on\u0119 w\u0142osa, domyka \u0142uski i wyg\u0142adza w\u0142osy, zapobiega penetracji stresor\u00f3w w g\u0142\u0105b w\u0142osa, ma dzia\u0142anie d\u0142ugotrwale kondycjonuj\u0105ce, a tak\u017ce niweluje procesy karbonylacji czyli utleniania w\u0142os\u00f3w.&quot;}\">Red seaweed extract strengthens and protects the hair cover, closes the cuticles and smoothes the hair, prevents the penetration of stressors into the hair, has a long-lasting conditioning effect, and also reduces the processes of carbonylation, i.e. hair oxidation.<\/td>\n<\/tr>\n<tr>\n<td data-sheets-value=\"{&quot;1&quot;:2,&quot;2&quot;:&quot;Glycerin&quot;}\">Glycerin<\/td>\n<td data-sheets-value=\"{&quot;1&quot;:2,&quot;2&quot;:&quot;humektant - substancja nawil\u017caj\u0105ca&quot;}\">humectant \u2013 moisturizing substance<\/td>\n<\/tr>\n<tr>\n<td data-sheets-value=\"{&quot;1&quot;:2,&quot;2&quot;:&quot;Tocopherol&quot;}\">Tocopherol<\/td>\n<td data-sheets-value=\"{&quot;1&quot;:2,&quot;2&quot;:&quot;witamina E, ma dzia\u0142anie silnie antyoksydacyjne, konserwant substancji t\u0142uszczowych&quot;}\">vitamin E, has a strong antioxidant effect, preservative of fatty substances<\/td>\n<\/tr>\n<tr>\n<td data-sheets-value=\"{&quot;1&quot;:2,&quot;2&quot;:&quot;Malic Acid&quot;}\">Malic Acid<\/td>\n<td data-sheets-value=\"{&quot;1&quot;:2,&quot;2&quot;:&quot;kwas jab\u0142kowy, reguluje pH, dzia\u0142a konserwuj\u0105co&quot;}\">malic acid, regulates pH, has a preservative effect<\/td>\n<\/tr>\n<tr>\n<td data-sheets-value=\"{&quot;1&quot;:2,&quot;2&quot;:&quot;Phenoxyethanol&quot;}\">Phenoxyethanol<\/td>\n<td data-sheets-value=\"{&quot;1&quot;:2,&quot;2&quot;:&quot;konserwant&quot;}\">preservative<\/td>\n<\/tr>\n<tr>\n<td data-sheets-value=\"{&quot;1&quot;:2,&quot;2&quot;:&quot;Benzoic Acid&quot;}\">Benzoic Acid<\/td>\n<td data-sheets-value=\"{&quot;1&quot;:2,&quot;2&quot;:&quot;konserwant&quot;}\">preservative<\/td>\n<\/tr>\n<tr>\n<td data-sheets-value=\"{&quot;1&quot;:2,&quot;2&quot;:&quot;Dehydroacetic Acid&quot;}\">Dehydroacetic Acid<\/td>\n<td data-sheets-value=\"{&quot;1&quot;:2,&quot;2&quot;:&quot;konserwant&quot;}\">preservative<\/td>\n<\/tr>\n<tr>\n<td data-sheets-value=\"{&quot;1&quot;:2,&quot;2&quot;:&quot;Parfum&quot;}\">Perfume<\/td>\n<td data-sheets-value=\"{&quot;1&quot;:2,&quot;2&quot;:&quot;zapach&quot;}\">smell<\/td>\n<\/tr>\n<tr>\n<td data-sheets-value=\"{&quot;1&quot;:2,&quot;2&quot;:&quot;Citral, Geraniol, Hexyl Cinnamal, Limonene, Linalool&quot;}\">Citral, Geraniol, Hexyl Cinnamal, Limonene, Linalool<\/td>\n<td data-sheets-value=\"{&quot;1&quot;:2,&quot;2&quot;:&quot;sk\u0142adniki substancji zapachowej&quot;}\">fragrance ingredients<\/td>\n<\/tr>\n<\/tbody>\n<\/table>\n<p>&nbsp;<\/p>\n<p><strong>INCI\/Ingredients:\u00a0<\/strong>Aqua, Cetearyl Alcohol, Macadamia Ternifolia Seed Oil, Behentrimonium Chloride, Ethyl Macadamiate, Prunus Domestica Seed Oil, Hydroxypropyltrimonium Hydrolyzed CornStarch, Starch Hydroxypropyltrimonium Chloride, Hydroxypropylgluconamide,<br \/>\nHydroxypropylammonium Gluconate, Cetrimonium Chloride, Spirulina Platensis Extract, Furcellaria<br \/>\nLumbricalis Extract, Glycerin, Tocopherol, Malic Acid, Sodium Lactate, Lactic Acid, Urea, Tartaric Acid,<br \/>\nPhenoxyethanol, Benzoic Acid, Dehydroacetic Acid, Sodium Benzoate, Potassium Sorbate, Parfum,<br \/>\nBenzyl Alcohol, Geraniol, Hexyl Cinnamal, Limonene, Linalool.<\/p>","protected":false},"excerpt":{"rendered":"<p>Wake up with dreamy hair! This mask intensely nourishes and strengthens hair while you sleep. It contains macadamia and plum oils to smooth and protect strands, spirulina and red algae extract to support regeneration, and corn starch to combat frizz. The lightweight formula won&#039;t weigh hair down, leaving it smooth, shiny, and full of life.<\/p>\n<p>The tubes of our conditioners and night masks are made of <strong>PCR \u2013 recycled material.<\/strong><\/p>\n<p><strong>90 % ingredients of natural origin<\/strong><\/p>\n<p>&nbsp;<\/p>","protected":false},"featured_media":6524,"template":"","meta":{"_themeisle_gutenberg_block_has_review":false},"product_cat":[315,317,316],"product_tag":[373,377,339,368],"berocket_brand":[275],"yoast_head":"<!-- This site is optimized with the Yoast SEO Premium plugin v21.2 (Yoast SEO v21.5) - https:\/\/yoast.com\/wordpress\/plugins\/seo\/ -->\n<title>SLEEPING BEAUTY maska nocna do \u015bredniej porowato\u015bci, 200 ml - ANWEN<\/title>\n<meta name=\"description\" content=\"Fryzura jak z bajki? Przekonaj si\u0119, \u017ce to mo\u017cliwe. Nocna maska Sleeping Beauty intensywnie zadba o Twoje w\u0142osy, podczas gdy Ty b\u0119dziesz smacznie spa\u0107.\" \/>\n<meta name=\"robots\" content=\"index, follow, max-snippet:-1, max-image-preview:large, max-video-preview:-1\" \/>\n<link rel=\"canonical\" href=\"https:\/\/pitaya.no\/en\/product\/sleeping-beauty-maska-nocna-do-sredniej-porowatosci-200-ml-anwen\/\" \/>\n<meta property=\"og:locale\" content=\"en_GB\" \/>\n<meta property=\"og:type\" content=\"article\" \/>\n<meta property=\"og:title\" content=\"SLEEPING BEAUTY maska nocna do \u015bredniej porowato\u015bci, 200 ml - ANWEN\" \/>\n<meta property=\"og:description\" content=\"Fryzura jak z bajki? Przekonaj si\u0119, \u017ce to mo\u017cliwe. Nocna maska Sleeping Beauty intensywnie zadba o Twoje w\u0142osy, podczas gdy Ty b\u0119dziesz smacznie spa\u0107.\" \/>\n<meta property=\"og:url\" content=\"https:\/\/pitaya.no\/en\/product\/sleeping-beauty-maska-nocna-do-sredniej-porowatosci-200-ml-anwen\/\" \/>\n<meta property=\"og:site_name\" content=\"Pitaya.no\" \/>\n<meta property=\"article:publisher\" content=\"https:\/\/www.facebook.com\/Pitaya.no\" \/>\n<meta property=\"article:modified_time\" content=\"2026-02-11T15:29:33+00:00\" \/>\n<meta property=\"og:image\" content=\"https:\/\/pitaya.no\/wp-content\/uploads\/2023\/10\/Anwen-Odzywka-SleepingBeauty_srednie.jpg\" \/>\n\t<meta property=\"og:image:width\" content=\"2048\" \/>\n\t<meta property=\"og:image:height\" content=\"2048\" \/>\n\t<meta property=\"og:image:type\" content=\"image\/jpeg\" \/>\n<meta name=\"twitter:card\" content=\"summary_large_image\" \/>\n<meta name=\"twitter:label1\" content=\"Estimated reading time\" \/>\n\t<meta name=\"twitter:data1\" content=\"4 minutes\" \/>\n<script type=\"application\/ld+json\" class=\"yoast-schema-graph\">{\"@context\":\"https:\/\/schema.org\",\"@graph\":[{\"@type\":\"WebPage\",\"@id\":\"https:\/\/pitaya.no\/produkt\/sleeping-beauty-maska-nocna-do-sredniej-porowatosci-200-ml-anwen\/\",\"url\":\"https:\/\/pitaya.no\/produkt\/sleeping-beauty-maska-nocna-do-sredniej-porowatosci-200-ml-anwen\/\",\"name\":\"SLEEPING BEAUTY maska nocna do \u015bredniej porowato\u015bci, 200 ml - ANWEN\",\"isPartOf\":{\"@id\":\"https:\/\/pitaya.no\/#website\"},\"datePublished\":\"2023-10-04T19:32:13+00:00\",\"dateModified\":\"2026-02-11T15:29:33+00:00\",\"description\":\"Fryzura jak z bajki? Przekonaj si\u0119, \u017ce to mo\u017cliwe. Nocna maska Sleeping Beauty intensywnie zadba o Twoje w\u0142osy, podczas gdy Ty b\u0119dziesz smacznie spa\u0107.\",\"breadcrumb\":{\"@id\":\"https:\/\/pitaya.no\/produkt\/sleeping-beauty-maska-nocna-do-sredniej-porowatosci-200-ml-anwen\/#breadcrumb\"},\"inLanguage\":\"en-GB\",\"potentialAction\":[{\"@type\":\"ReadAction\",\"target\":[\"https:\/\/pitaya.no\/produkt\/sleeping-beauty-maska-nocna-do-sredniej-porowatosci-200-ml-anwen\/\"]}]},{\"@type\":\"BreadcrumbList\",\"@id\":\"https:\/\/pitaya.no\/produkt\/sleeping-beauty-maska-nocna-do-sredniej-porowatosci-200-ml-anwen\/#breadcrumb\",\"itemListElement\":[{\"@type\":\"ListItem\",\"position\":1,\"name\":\"Strona g\u0142\u00f3wna\",\"item\":\"https:\/\/pitaya.no\/\"},{\"@type\":\"ListItem\",\"position\":2,\"name\":\"Sklep\",\"item\":\"https:\/\/pitaya.no\/sklep\/\"},{\"@type\":\"ListItem\",\"position\":3,\"name\":\"SLEEPING BEAUTY maska nocna do \u015bredniej porowato\u015bci, 200 ml &#8211; ANWEN\"}]},{\"@type\":\"WebSite\",\"@id\":\"https:\/\/pitaya.no\/#website\",\"url\":\"https:\/\/pitaya.no\/\",\"name\":\"Pitaya.no\",\"description\":\"Polska drogeria ekologiczna w Norwegii\",\"potentialAction\":[{\"@type\":\"SearchAction\",\"target\":{\"@type\":\"EntryPoint\",\"urlTemplate\":\"https:\/\/pitaya.no\/?s={search_term_string}\"},\"query-input\":\"required name=search_term_string\"}],\"inLanguage\":\"en-GB\"}]}<\/script>\n<!-- \/ Yoast SEO Premium plugin. -->","yoast_head_json":{"title":"SLEEPING BEAUTY night mask for medium porosity, 200 ml - ANWEN","description":"A fairytale hairstyle? See for yourself that it&#039;s possible. The Sleeping Beauty overnight mask will intensively care for your hair while you sleep soundly.","robots":{"index":"index","follow":"follow","max-snippet":"max-snippet:-1","max-image-preview":"max-image-preview:large","max-video-preview":"max-video-preview:-1"},"canonical":"https:\/\/pitaya.no\/en\/product\/sleeping-beauty-maska-nocna-do-sredniej-porowatosci-200-ml-anwen\/","og_locale":"en_GB","og_type":"article","og_title":"SLEEPING BEAUTY maska nocna do \u015bredniej porowato\u015bci, 200 ml - ANWEN","og_description":"Fryzura jak z bajki? Przekonaj si\u0119, \u017ce to mo\u017cliwe. Nocna maska Sleeping Beauty intensywnie zadba o Twoje w\u0142osy, podczas gdy Ty b\u0119dziesz smacznie spa\u0107.","og_url":"https:\/\/pitaya.no\/en\/product\/sleeping-beauty-maska-nocna-do-sredniej-porowatosci-200-ml-anwen\/","og_site_name":"Pitaya.no","article_publisher":"https:\/\/www.facebook.com\/Pitaya.no","article_modified_time":"2026-02-11T15:29:33+00:00","og_image":[{"width":2048,"height":2048,"url":"https:\/\/pitaya.no\/wp-content\/uploads\/2023\/10\/Anwen-Odzywka-SleepingBeauty_srednie.jpg","type":"image\/jpeg"}],"twitter_card":"summary_large_image","twitter_misc":{"Estimated reading time":"4 minutes"},"schema":{"@context":"https:\/\/schema.org","@graph":[{"@type":"WebPage","@id":"https:\/\/pitaya.no\/produkt\/sleeping-beauty-maska-nocna-do-sredniej-porowatosci-200-ml-anwen\/","url":"https:\/\/pitaya.no\/produkt\/sleeping-beauty-maska-nocna-do-sredniej-porowatosci-200-ml-anwen\/","name":"SLEEPING BEAUTY night mask for medium porosity, 200 ml - ANWEN","isPartOf":{"@id":"https:\/\/pitaya.no\/#website"},"datePublished":"2023-10-04T19:32:13+00:00","dateModified":"2026-02-11T15:29:33+00:00","description":"A fairytale hairstyle? See for yourself that it&#039;s possible. The Sleeping Beauty overnight mask will intensively care for your hair while you sleep soundly.","breadcrumb":{"@id":"https:\/\/pitaya.no\/produkt\/sleeping-beauty-maska-nocna-do-sredniej-porowatosci-200-ml-anwen\/#breadcrumb"},"inLanguage":"en-GB","potentialAction":[{"@type":"ReadAction","target":["https:\/\/pitaya.no\/produkt\/sleeping-beauty-maska-nocna-do-sredniej-porowatosci-200-ml-anwen\/"]}]},{"@type":"BreadcrumbList","@id":"https:\/\/pitaya.no\/produkt\/sleeping-beauty-maska-nocna-do-sredniej-porowatosci-200-ml-anwen\/#breadcrumb","itemListElement":[{"@type":"ListItem","position":1,"name":"Strona g\u0142\u00f3wna","item":"https:\/\/pitaya.no\/"},{"@type":"ListItem","position":2,"name":"Sklep","item":"https:\/\/pitaya.no\/sklep\/"},{"@type":"ListItem","position":3,"name":"SLEEPING BEAUTY maska nocna do \u015bredniej porowato\u015bci, 200 ml &#8211; ANWEN"}]},{"@type":"WebSite","@id":"https:\/\/pitaya.no\/#website","url":"https:\/\/pitaya.no\/","name":"Pitaya.no","description":"Polish organic drugstore in Norway","potentialAction":[{"@type":"SearchAction","target":{"@type":"EntryPoint","urlTemplate":"https:\/\/pitaya.no\/?s={search_term_string}"},"query-input":"required name=search_term_string"}],"inLanguage":"en-GB"}]}},"_links":{"self":[{"href":"https:\/\/pitaya.no\/en\/wp-json\/wp\/v2\/product\/4182"}],"collection":[{"href":"https:\/\/pitaya.no\/en\/wp-json\/wp\/v2\/product"}],"about":[{"href":"https:\/\/pitaya.no\/en\/wp-json\/wp\/v2\/types\/product"}],"wp:featuredmedia":[{"embeddable":true,"href":"https:\/\/pitaya.no\/en\/wp-json\/wp\/v2\/media\/6524"}],"wp:attachment":[{"href":"https:\/\/pitaya.no\/en\/wp-json\/wp\/v2\/media?parent=4182"}],"wp:term":[{"taxonomy":"product_cat","embeddable":true,"href":"https:\/\/pitaya.no\/en\/wp-json\/wp\/v2\/product_cat?post=4182"},{"taxonomy":"product_tag","embeddable":true,"href":"https:\/\/pitaya.no\/en\/wp-json\/wp\/v2\/product_tag?post=4182"},{"taxonomy":"berocket_brand","embeddable":true,"href":"https:\/\/pitaya.no\/en\/wp-json\/wp\/v2\/berocket_brand?post=4182"}],"curies":[{"name":"wp","href":"https:\/\/api.w.org\/{rel}","templated":true}]}}