{"id":4167,"date":"2023-10-04T17:56:54","date_gmt":"2023-10-04T17:56:54","guid":{"rendered":"https:\/\/pitaya.no\/?post_type=product&#038;p=4167"},"modified":"2026-02-11T15:31:14","modified_gmt":"2026-02-11T15:31:14","slug":"winogrona-i-keratyna-maska-do-wlosow-srednioporowatych-200-ml-anwen","status":"publish","type":"product","link":"https:\/\/pitaya.no\/en\/product\/winogrona-i-keratyna-maska-do-wlosow-srednioporowatych-200-ml-anwen\/","title":{"rendered":"GRAPES AND KERATIN Mask for medium porosity hair, 200 ml \u2013 ANWEN"},"content":{"rendered":"<h1>GRAPES AND KERATIN Mask for medium porosity hair, 200 ml \u2013 ANWEN<\/h1>\n<p>The &#039;Grapes and Keratin&#039; mask from Anwen is designed for hair that can be described as &quot;normal,&quot; but requires extra discipline and care from time to time. Why is it worth trying?<\/p>\n<ol>\n<li><strong>For Unruly Hair:<\/strong> If your hair tends to be unruly and sometimes frizzy for no apparent reason, this mask will help tame it. It works intensively, making your hair more manageable and easier to style.<\/li>\n<li><strong>Silicone Free:<\/strong> If you avoid products containing silicones, this mask is for you. It&#039;s silicone-free, meaning it works naturally and won&#039;t weigh down your hair.<\/li>\n<li><strong>Regeneration and Moisturization:<\/strong> Thanks to its hydrolyzed keratin and silk content, the mask works deeply to regenerate hair from within. Additionally, aloe vera and glycerin provide intense hydration, preventing hair from drying out.<\/li>\n<li><strong>Strengthening and Flexibility:<\/strong> The silica in this mask strengthens hair, making it more resistant to damage. Grape seed oil, perfectly suited to the needs of medium-porosity hair, nourishes it and improves elasticity.<\/li>\n<li><strong>WOW effect:<\/strong> This mask delivers a &quot;wow&quot; effect, improving hair condition and giving it a healthy shine. Your hair will look beautiful and well-groomed.<\/li>\n<\/ol>\n<h2><strong>How to use:<\/strong><\/h2>\n<p>Apply the mask to washed, damp hair. Leave on for 3 to 30 minutes, then rinse.<\/p>\n<p><img fetchpriority=\"high\" decoding=\"async\" class=\"alignnone wp-image-6378 size-full\" src=\"https:\/\/pitaya.no\/wp-content\/uploads\/2024\/11\/pitaya-divider.png\" alt=\"\" width=\"1980\" height=\"300\" srcset=\"https:\/\/pitaya.no\/wp-content\/uploads\/2024\/11\/pitaya-divider.png 1980w, https:\/\/pitaya.no\/wp-content\/uploads\/2024\/11\/pitaya-divider-300x45.png 300w, https:\/\/pitaya.no\/wp-content\/uploads\/2024\/11\/pitaya-divider-1024x155.png 1024w, https:\/\/pitaya.no\/wp-content\/uploads\/2024\/11\/pitaya-divider-768x116.png 768w, https:\/\/pitaya.no\/wp-content\/uploads\/2024\/11\/pitaya-divider-1536x233.png 1536w, https:\/\/pitaya.no\/wp-content\/uploads\/2024\/11\/pitaya-divider-600x91.png 600w, https:\/\/pitaya.no\/wp-content\/uploads\/2024\/11\/pitaya-divider-90x14.png 90w, https:\/\/pitaya.no\/wp-content\/uploads\/2024\/11\/pitaya-divider-64x10.png 64w\" sizes=\"(max-width: 1980px) 100vw, 1980px\" \/><\/p>\n<h2><strong>What are the individual components of the mask responsible for?<\/strong><\/h2>\n<table>\n<tbody>\n<tr>\n<td data-sheets-value=\"{\">Component<\/td>\n<td data-sheets-value=\"{\">Action\/Function<\/td>\n<\/tr>\n<tr>\n<td data-sheets-value=\"{\">Aqua<\/td>\n<td data-sheets-value=\"{\">Water<\/td>\n<\/tr>\n<tr>\n<td data-sheets-value=\"{\">Cetearyl Alcohol<\/td>\n<td data-sheets-value=\"{\">Fatty alcohol, an emollient, creates a film on the hair that smoothes, conditions and prevents water from evaporating from the hair.<\/td>\n<\/tr>\n<tr>\n<td data-sheets-value=\"{\">Vitis Vinifera (Grape) Seed Oil<\/td>\n<td data-sheets-value=\"{\">Grape seed oil \u2013 a relatively light, non-penetrating oil that also works well on medium porosity hair. It doesn&#039;t weigh hair down, but smooths it out and gives it a beautiful shine.<\/td>\n<\/tr>\n<tr>\n<td data-sheets-value=\"{\">Behentrimonium Chloride<\/td>\n<td data-sheets-value=\"{\">Conditioner, prevents hair from tangling, adds shine and smoothes hair, has antistatic properties.<\/td>\n<\/tr>\n<tr>\n<td data-sheets-value=\"{\">Glycerin<\/td>\n<td data-sheets-value=\"{\">Glycerin has strongly hygroscopic properties \u2013 it binds water, has a moisturizing effect, and also makes the hair elastic and smooth.<\/td>\n<\/tr>\n<tr>\n<td data-sheets-value=\"{\">Hydrolyzed Keratin<\/td>\n<td data-sheets-value=\"{\">Hydrolyzed keratin \u2013 the protein from which our hair is made. It strengthens and regenerates it, restoring its healthy appearance and shine.<\/td>\n<\/tr>\n<tr>\n<td data-sheets-value=\"{\">Hydrolyzed Silk<\/td>\n<td data-sheets-value=\"{\">Hydrolyzed silk \u2013 a protein with a strong affinity for skin and hair proteins. It creates a film on their surface that smooths and moisturizes the hair, improving its elasticity, and imparting softness and a silky shine.<\/td>\n<\/tr>\n<tr>\n<td data-sheets-value=\"{\">Aloe Barbadensis Leaf Juice Powder<\/td>\n<td data-sheets-value=\"{\">Aloe \u2013 known for its moisturizing properties, it improves hair elasticity, smooths it, and makes it shinier.<\/td>\n<\/tr>\n<tr>\n<td data-sheets-value=\"{\">Panthenol<\/td>\n<td data-sheets-value=\"{\">Provitamin B5 easily penetrates deep into the skin and hair, making them more moisturized, smooth, shiny and healthier.<\/td>\n<\/tr>\n<tr>\n<td data-sheets-value=\"{\">Phenoxyethanol<\/td>\n<td data-sheets-value=\"{\">preservative<\/td>\n<\/tr>\n<tr>\n<td data-sheets-value=\"{\">Benzoic Acid<\/td>\n<td data-sheets-value=\"{\">preservative<\/td>\n<\/tr>\n<tr>\n<td data-sheets-value=\"{\">Dehydroacetic Acid<\/td>\n<td data-sheets-value=\"{\">preservative<\/td>\n<\/tr>\n<tr>\n<td data-sheets-value=\"{\">Perfume<\/td>\n<td data-sheets-value=\"{\">smell<\/td>\n<\/tr>\n<\/tbody>\n<\/table>\n<h2><\/h2>\n<h2>FAQ<\/h2>\n<p><strong>1. How often should I use this mask?<\/strong><\/p>\n<p>Due to the fact that our masks have very rich ingredients, we recommend applying them once a week.<\/p>\n<p><strong>2. What is the difference between a mask and a conditioner?<\/strong><\/p>\n<p>A mask is intended to be a more concentrated product with a higher concentration of active ingredients. As such, it should be left on the hair longer, ideally for about 30 minutes, to allow the active ingredients to penetrate the hair&#039;s structure. Masks are also typically thicker than conditioners and are used less frequently.<\/p>\n<p><strong>3. Can I use this mask after keratin straightening?<\/strong><\/p>\n<p>Its composition includes sea salt, which can accelerate the leaching of keratin, so the mask is not recommended after this treatment.<\/p>\n<p><strong>4. Is this mask P, E, or H?<\/strong><\/p>\n<p>This mask contains proteins, emollients, and humectants, so we call it PEH. It has a balanced yet very rich composition and is truly effective.<\/p>\n<p><strong>5. Is the mask vegan?<\/strong><\/p>\n<p>Its composition includes keratin and silk, so we cannot classify it as a vegan product.<\/p>\n<p>&nbsp;<\/p>","protected":false},"excerpt":{"rendered":"<p><strong>Mask for medium porosity hair.<\/strong><\/p>\n<p>Is your hair normal but unruly? Does it not cause you any major problems, but does it sometimes frizz? Looking for a wow effect, but without silicones? This mask is for you! It intensively nourishes and regenerates hair thanks to hydrolyzed keratin and silk. Aloe and glycerin provide extra moisture, while silica strengthens it. The mask also contains grape seed oil, optimally suited to the needs of your medium-porosity hair, which nourishes and improves elasticity.<\/p>\n<p><em><strong>Mask pH:<\/strong>\u00a03,55<\/em><\/p>\n<p><strong><em>94% of natural origin ingredients<\/em><\/strong><\/p>\n<p><em>The tubes of our conditioners and masks are made of\u00a0<strong>PCR \u2013 recycled material.<\/strong><\/em><\/p>\n<p>&nbsp;<\/p>","protected":false},"featured_media":6521,"template":"","meta":{"_themeisle_gutenberg_block_has_review":false},"product_cat":[315,317],"product_tag":[373,343,339,368],"berocket_brand":[275],"yoast_head":"<!-- This site is optimized with the Yoast SEO Premium plugin v21.2 (Yoast SEO v21.5) - https:\/\/yoast.com\/wordpress\/plugins\/seo\/ -->\n<title>WINOGRONA I KERATYNA Maska do w\u0142os\u00f3w \u015brednioporowatych, 200 ml - ANWEN<\/title>\n<meta name=\"description\" content=\"Twoje w\u0142osy s\u0105 normalne, ale bywaj\u0105 niezdyscyplinowane? Nie sprawiaj\u0105 Ci wi\u0119kszych problem\u00f3w, ale czasem si\u0119 pusz\u0105? Szukasz efektu WOW, ale\" \/>\n<meta name=\"robots\" content=\"index, follow, max-snippet:-1, max-image-preview:large, max-video-preview:-1\" \/>\n<link rel=\"canonical\" href=\"https:\/\/pitaya.no\/en\/product\/winogrona-i-keratyna-maska-do-wlosow-srednioporowatych-200-ml-anwen\/\" \/>\n<meta property=\"og:locale\" content=\"en_GB\" \/>\n<meta property=\"og:type\" content=\"article\" \/>\n<meta property=\"og:title\" content=\"WINOGRONA I KERATYNA Maska do w\u0142os\u00f3w \u015brednioporowatych, 200 ml - ANWEN\" \/>\n<meta property=\"og:description\" content=\"Twoje w\u0142osy s\u0105 normalne, ale bywaj\u0105 niezdyscyplinowane? Nie sprawiaj\u0105 Ci wi\u0119kszych problem\u00f3w, ale czasem si\u0119 pusz\u0105? Szukasz efektu WOW, ale\" \/>\n<meta property=\"og:url\" content=\"https:\/\/pitaya.no\/en\/product\/winogrona-i-keratyna-maska-do-wlosow-srednioporowatych-200-ml-anwen\/\" \/>\n<meta property=\"og:site_name\" content=\"Pitaya.no\" \/>\n<meta property=\"article:publisher\" content=\"https:\/\/www.facebook.com\/Pitaya.no\" \/>\n<meta property=\"article:modified_time\" content=\"2026-02-11T15:31:14+00:00\" \/>\n<meta property=\"og:image\" content=\"https:\/\/pitaya.no\/wp-content\/uploads\/2023\/10\/Anwen-Odzywka-200ml-Winogrona-and-Keratyna.jpg\" \/>\n\t<meta property=\"og:image:width\" content=\"1840\" \/>\n\t<meta property=\"og:image:height\" content=\"1840\" \/>\n\t<meta property=\"og:image:type\" content=\"image\/jpeg\" \/>\n<meta name=\"twitter:card\" content=\"summary_large_image\" \/>\n<meta name=\"twitter:label1\" content=\"Estimated reading time\" \/>\n\t<meta name=\"twitter:data1\" content=\"4 minutes\" \/>\n<script type=\"application\/ld+json\" class=\"yoast-schema-graph\">{\"@context\":\"https:\/\/schema.org\",\"@graph\":[{\"@type\":\"WebPage\",\"@id\":\"https:\/\/pitaya.no\/produkt\/winogrona-i-keratyna-maska-do-wlosow-srednioporowatych-200-ml-anwen\/\",\"url\":\"https:\/\/pitaya.no\/produkt\/winogrona-i-keratyna-maska-do-wlosow-srednioporowatych-200-ml-anwen\/\",\"name\":\"WINOGRONA I KERATYNA Maska do w\u0142os\u00f3w \u015brednioporowatych, 200 ml - ANWEN\",\"isPartOf\":{\"@id\":\"https:\/\/pitaya.no\/#website\"},\"datePublished\":\"2023-10-04T17:56:54+00:00\",\"dateModified\":\"2026-02-11T15:31:14+00:00\",\"description\":\"Twoje w\u0142osy s\u0105 normalne, ale bywaj\u0105 niezdyscyplinowane? Nie sprawiaj\u0105 Ci wi\u0119kszych problem\u00f3w, ale czasem si\u0119 pusz\u0105? Szukasz efektu WOW, ale\",\"breadcrumb\":{\"@id\":\"https:\/\/pitaya.no\/produkt\/winogrona-i-keratyna-maska-do-wlosow-srednioporowatych-200-ml-anwen\/#breadcrumb\"},\"inLanguage\":\"en-GB\",\"potentialAction\":[{\"@type\":\"ReadAction\",\"target\":[\"https:\/\/pitaya.no\/produkt\/winogrona-i-keratyna-maska-do-wlosow-srednioporowatych-200-ml-anwen\/\"]}]},{\"@type\":\"BreadcrumbList\",\"@id\":\"https:\/\/pitaya.no\/produkt\/winogrona-i-keratyna-maska-do-wlosow-srednioporowatych-200-ml-anwen\/#breadcrumb\",\"itemListElement\":[{\"@type\":\"ListItem\",\"position\":1,\"name\":\"Strona g\u0142\u00f3wna\",\"item\":\"https:\/\/pitaya.no\/\"},{\"@type\":\"ListItem\",\"position\":2,\"name\":\"Sklep\",\"item\":\"https:\/\/pitaya.no\/sklep\/\"},{\"@type\":\"ListItem\",\"position\":3,\"name\":\"WINOGRONA I KERATYNA Maska do w\u0142os\u00f3w \u015brednioporowatych, 200 ml &#8211; ANWEN\"}]},{\"@type\":\"WebSite\",\"@id\":\"https:\/\/pitaya.no\/#website\",\"url\":\"https:\/\/pitaya.no\/\",\"name\":\"Pitaya.no\",\"description\":\"Polska drogeria ekologiczna w Norwegii\",\"potentialAction\":[{\"@type\":\"SearchAction\",\"target\":{\"@type\":\"EntryPoint\",\"urlTemplate\":\"https:\/\/pitaya.no\/?s={search_term_string}\"},\"query-input\":\"required name=search_term_string\"}],\"inLanguage\":\"en-GB\"}]}<\/script>\n<!-- \/ Yoast SEO Premium plugin. -->","yoast_head_json":{"title":"GRAPES AND KERATIN Mask for medium porosity hair, 200 ml - ANWEN","description":"Twoje w\u0142osy s\u0105 normalne, ale bywaj\u0105 niezdyscyplinowane? Nie sprawiaj\u0105 Ci wi\u0119kszych problem\u00f3w, ale czasem si\u0119 pusz\u0105? Szukasz efektu WOW, ale","robots":{"index":"index","follow":"follow","max-snippet":"max-snippet:-1","max-image-preview":"max-image-preview:large","max-video-preview":"max-video-preview:-1"},"canonical":"https:\/\/pitaya.no\/en\/product\/winogrona-i-keratyna-maska-do-wlosow-srednioporowatych-200-ml-anwen\/","og_locale":"en_GB","og_type":"article","og_title":"WINOGRONA I KERATYNA Maska do w\u0142os\u00f3w \u015brednioporowatych, 200 ml - ANWEN","og_description":"Twoje w\u0142osy s\u0105 normalne, ale bywaj\u0105 niezdyscyplinowane? Nie sprawiaj\u0105 Ci wi\u0119kszych problem\u00f3w, ale czasem si\u0119 pusz\u0105? Szukasz efektu WOW, ale","og_url":"https:\/\/pitaya.no\/en\/product\/winogrona-i-keratyna-maska-do-wlosow-srednioporowatych-200-ml-anwen\/","og_site_name":"Pitaya.no","article_publisher":"https:\/\/www.facebook.com\/Pitaya.no","article_modified_time":"2026-02-11T15:31:14+00:00","og_image":[{"width":1840,"height":1840,"url":"https:\/\/pitaya.no\/wp-content\/uploads\/2023\/10\/Anwen-Odzywka-200ml-Winogrona-and-Keratyna.jpg","type":"image\/jpeg"}],"twitter_card":"summary_large_image","twitter_misc":{"Estimated reading time":"4 minutes"},"schema":{"@context":"https:\/\/schema.org","@graph":[{"@type":"WebPage","@id":"https:\/\/pitaya.no\/produkt\/winogrona-i-keratyna-maska-do-wlosow-srednioporowatych-200-ml-anwen\/","url":"https:\/\/pitaya.no\/produkt\/winogrona-i-keratyna-maska-do-wlosow-srednioporowatych-200-ml-anwen\/","name":"GRAPES AND KERATIN Mask for medium porosity hair, 200 ml - ANWEN","isPartOf":{"@id":"https:\/\/pitaya.no\/#website"},"datePublished":"2023-10-04T17:56:54+00:00","dateModified":"2026-02-11T15:31:14+00:00","description":"Twoje w\u0142osy s\u0105 normalne, ale bywaj\u0105 niezdyscyplinowane? Nie sprawiaj\u0105 Ci wi\u0119kszych problem\u00f3w, ale czasem si\u0119 pusz\u0105? Szukasz efektu WOW, ale","breadcrumb":{"@id":"https:\/\/pitaya.no\/produkt\/winogrona-i-keratyna-maska-do-wlosow-srednioporowatych-200-ml-anwen\/#breadcrumb"},"inLanguage":"en-GB","potentialAction":[{"@type":"ReadAction","target":["https:\/\/pitaya.no\/produkt\/winogrona-i-keratyna-maska-do-wlosow-srednioporowatych-200-ml-anwen\/"]}]},{"@type":"BreadcrumbList","@id":"https:\/\/pitaya.no\/produkt\/winogrona-i-keratyna-maska-do-wlosow-srednioporowatych-200-ml-anwen\/#breadcrumb","itemListElement":[{"@type":"ListItem","position":1,"name":"Strona g\u0142\u00f3wna","item":"https:\/\/pitaya.no\/"},{"@type":"ListItem","position":2,"name":"Sklep","item":"https:\/\/pitaya.no\/sklep\/"},{"@type":"ListItem","position":3,"name":"WINOGRONA I KERATYNA Maska do w\u0142os\u00f3w \u015brednioporowatych, 200 ml &#8211; ANWEN"}]},{"@type":"WebSite","@id":"https:\/\/pitaya.no\/#website","url":"https:\/\/pitaya.no\/","name":"Pitaya.no","description":"Polish organic drugstore in Norway","potentialAction":[{"@type":"SearchAction","target":{"@type":"EntryPoint","urlTemplate":"https:\/\/pitaya.no\/?s={search_term_string}"},"query-input":"required name=search_term_string"}],"inLanguage":"en-GB"}]}},"_links":{"self":[{"href":"https:\/\/pitaya.no\/en\/wp-json\/wp\/v2\/product\/4167"}],"collection":[{"href":"https:\/\/pitaya.no\/en\/wp-json\/wp\/v2\/product"}],"about":[{"href":"https:\/\/pitaya.no\/en\/wp-json\/wp\/v2\/types\/product"}],"wp:featuredmedia":[{"embeddable":true,"href":"https:\/\/pitaya.no\/en\/wp-json\/wp\/v2\/media\/6521"}],"wp:attachment":[{"href":"https:\/\/pitaya.no\/en\/wp-json\/wp\/v2\/media?parent=4167"}],"wp:term":[{"taxonomy":"product_cat","embeddable":true,"href":"https:\/\/pitaya.no\/en\/wp-json\/wp\/v2\/product_cat?post=4167"},{"taxonomy":"product_tag","embeddable":true,"href":"https:\/\/pitaya.no\/en\/wp-json\/wp\/v2\/product_tag?post=4167"},{"taxonomy":"berocket_brand","embeddable":true,"href":"https:\/\/pitaya.no\/en\/wp-json\/wp\/v2\/berocket_brand?post=4167"}],"curies":[{"name":"wp","href":"https:\/\/api.w.org\/{rel}","templated":true}]}}